{"id":70161,"date":"2024-03-22T19:25:22","date_gmt":"2024-03-22T18:25:22","guid":{"rendered":"https:\/\/abinox-chr-clim.com\/index.php\/product\/mur-de-separation-recyclable-200x150cm-pvc-transparent\/"},"modified":"2026-04-02T09:49:20","modified_gmt":"2026-04-02T07:49:20","slug":"mur-de-separation-recyclable-200x150cm-pvc-transparent","status":"publish","type":"product","link":"https:\/\/abinox-chr-clim.com\/index.php\/product\/mur-de-separation-recyclable-200x150cm-pvc-transparent\/","title":{"rendered":"Mur de s\u00e9paration recyclable 200x150cm PVC transparent"},"content":{"rendered":"<p>Ce mur de s\u00e9paration peut \u00eatre utilis\u00e9 comme cloison de s\u00e9paration ainsi que comme mur anti-\u00e9claboussures dans les \u00e9tablissements de restauration, les bureaux, les magasins ou autres zones commerciales.<br \/>Facile \u00e0 installer.Coupez facilement \u00e0 la taille.Les murs peuvent \u00eatre connect\u00e9s.Facile \u00e0 nettoyer.PVC r\u00e9sistant aux UV.Adapt\u00e9 aux enfants, pas d&rsquo;ar\u00eates vives.Recyclable, peut \u00eatre r\u00e9utilis\u00e9 comme couverture ou couverture de table. Facile \u00e0 installer. .<br \/>.<\/p>\n","protected":false},"excerpt":{"rendered":"<p>Mur de s\u00e9paration recyclable 200x150cm PVC transparent<\/p>\n","protected":false},"featured_media":100783,"comment_status":"closed","ping_status":"closed","template":"","meta":[],"product_brand":[],"product_cat":[1213,1201,1297],"product_tag":[],"class_list":{"0":"post-70161","1":"product","2":"type-product","3":"status-publish","4":"has-post-thumbnail","6":"product_cat-barrieres-et-poteaux-daccueil","7":"product_cat-mobilier","8":"product_cat-non-palettisable","9":"product_shipping_class-free-shipping","11":"first","12":"instock","13":"featured","14":"taxable","15":"shipping-taxable","16":"purchasable","17":"product-type-simple"},"_links":{"self":[{"href":"https:\/\/abinox-chr-clim.com\/index.php\/wp-json\/wp\/v2\/product\/70161","targetHints":{"allow":["GET"]}}],"collection":[{"href":"https:\/\/abinox-chr-clim.com\/index.php\/wp-json\/wp\/v2\/product"}],"about":[{"href":"https:\/\/abinox-chr-clim.com\/index.php\/wp-json\/wp\/v2\/types\/product"}],"replies":[{"embeddable":true,"href":"https:\/\/abinox-chr-clim.com\/index.php\/wp-json\/wp\/v2\/comments?post=70161"}],"wp:featuredmedia":[{"embeddable":true,"href":"https:\/\/abinox-chr-clim.com\/index.php\/wp-json\/wp\/v2\/media\/100783"}],"wp:attachment":[{"href":"https:\/\/abinox-chr-clim.com\/index.php\/wp-json\/wp\/v2\/media?parent=70161"}],"wp:term":[{"taxonomy":"product_brand","embeddable":true,"href":"https:\/\/abinox-chr-clim.com\/index.php\/wp-json\/wp\/v2\/product_brand?post=70161"},{"taxonomy":"product_cat","embeddable":true,"href":"https:\/\/abinox-chr-clim.com\/index.php\/wp-json\/wp\/v2\/product_cat?post=70161"},{"taxonomy":"product_tag","embeddable":true,"href":"https:\/\/abinox-chr-clim.com\/index.php\/wp-json\/wp\/v2\/product_tag?post=70161"}],"curies":[{"name":"wp","href":"https:\/\/api.w.org\/{rel}","templated":true}]}}