{"id":70157,"date":"2024-03-22T19:25:21","date_gmt":"2024-03-22T18:25:21","guid":{"rendered":"https:\/\/abinox-chr-clim.com\/index.php\/product\/barriere-en-toile-bolero-rouge\/"},"modified":"2026-04-02T08:34:42","modified_gmt":"2026-04-02T06:34:42","slug":"barriere-en-toile-bolero-rouge","status":"publish","type":"product","link":"https:\/\/abinox-chr-clim.com\/index.php\/product\/barriere-en-toile-bolero-rouge\/","title":{"rendered":"Barri\u00e8re en toile Bolero rouge"},"content":{"rendered":"<p>Solution id\u00e9ale pour s\u00e9parer les files d&rsquo;attente ou compartimenter une salle en plusieurs sections. Barri\u00e8res 100 % toile polyester, rigides gr\u00e2ce aux barres ins\u00e9r\u00e9es dans les coutures sup\u00e9rieures et inf\u00e9rieures de la toile et fix\u00e9es aux anneaux des poteaux d&rsquo;accueil de chaque c\u00f4t\u00e9 (vendus s\u00e9par\u00e9ment). Fixations fournies.<br \/>Toile rouge. Lavable en machine pour garder vos files d&rsquo;attente \u00e0 leur meilleur. Comprend des accessoires de fixation pour une installation facile d\u00e8s r\u00e9ception. Vous donne plus de contr\u00f4le sur les entr\u00e9es et les sorties. Tissu ignifuge BS5852. Poteaux d&rsquo;accueil vendus s\u00e9par\u00e9ment. Compatible avec S651, S652, S653 and S654. Les anneaux sont fix\u00e9s au poteau. Le collier \u00e0 deux fentes permet de fixer solidement la barri\u00e8re.Toile rouge.<\/p>\n<p>Caract\u00e9ristiques :<br \/> Dimensions : 700(H) x 1430(L) x 20(P) mm.<br \/> Mati\u00e8re : 100% polyester (supports Acier inoxydable 201 ).<br \/> Couleur : Rouge.<\/p>\n","protected":false},"excerpt":{"rendered":"<p>Barri\u00e8re en toile Bolero rouge<\/p>\n","protected":false},"featured_media":82580,"comment_status":"closed","ping_status":"closed","template":"","meta":[],"product_brand":[],"product_cat":[1213,1201,1297],"product_tag":[],"class_list":{"0":"post-70157","1":"product","2":"type-product","3":"status-publish","4":"has-post-thumbnail","6":"product_cat-barrieres-et-poteaux-daccueil","7":"product_cat-mobilier","8":"product_cat-non-palettisable","9":"product_shipping_class-free-shipping","11":"first","12":"instock","13":"featured","14":"taxable","15":"shipping-taxable","16":"purchasable","17":"product-type-simple"},"_links":{"self":[{"href":"https:\/\/abinox-chr-clim.com\/index.php\/wp-json\/wp\/v2\/product\/70157","targetHints":{"allow":["GET"]}}],"collection":[{"href":"https:\/\/abinox-chr-clim.com\/index.php\/wp-json\/wp\/v2\/product"}],"about":[{"href":"https:\/\/abinox-chr-clim.com\/index.php\/wp-json\/wp\/v2\/types\/product"}],"replies":[{"embeddable":true,"href":"https:\/\/abinox-chr-clim.com\/index.php\/wp-json\/wp\/v2\/comments?post=70157"}],"wp:featuredmedia":[{"embeddable":true,"href":"https:\/\/abinox-chr-clim.com\/index.php\/wp-json\/wp\/v2\/media\/82580"}],"wp:attachment":[{"href":"https:\/\/abinox-chr-clim.com\/index.php\/wp-json\/wp\/v2\/media?parent=70157"}],"wp:term":[{"taxonomy":"product_brand","embeddable":true,"href":"https:\/\/abinox-chr-clim.com\/index.php\/wp-json\/wp\/v2\/product_brand?post=70157"},{"taxonomy":"product_cat","embeddable":true,"href":"https:\/\/abinox-chr-clim.com\/index.php\/wp-json\/wp\/v2\/product_cat?post=70157"},{"taxonomy":"product_tag","embeddable":true,"href":"https:\/\/abinox-chr-clim.com\/index.php\/wp-json\/wp\/v2\/product_tag?post=70157"}],"curies":[{"name":"wp","href":"https:\/\/api.w.org\/{rel}","templated":true}]}}