{"id":70156,"date":"2024-03-22T19:25:21","date_gmt":"2024-03-22T18:25:21","guid":{"rendered":"https:\/\/abinox-chr-clim.com\/index.php\/product\/barriere-en-toile-bolero-noire\/"},"modified":"2026-04-02T08:34:41","modified_gmt":"2026-04-02T06:34:41","slug":"barriere-en-toile-bolero-noire","status":"publish","type":"product","link":"https:\/\/abinox-chr-clim.com\/index.php\/product\/barriere-en-toile-bolero-noire\/","title":{"rendered":"Barri\u00e8re en toile Bolero noire"},"content":{"rendered":"<p>Solution id\u00e9ale pour s\u00e9parer les files d&rsquo;attente ou compartimenter une salle en plusieurs sections. Barri\u00e8res 100 % toile polyester, rigides gr\u00e2ce aux barres ins\u00e9r\u00e9es dans les coutures sup\u00e9rieures et inf\u00e9rieures de la toile et fix\u00e9es aux anneaux des poteaux d&rsquo;accueil de chaque c\u00f4t\u00e9 (vendus s\u00e9par\u00e9ment). Fixations fournies.<br \/>Le coloris noir ajoute une touche haut de gamme et sophistiqu\u00e9e. Lavable en machine pour des files d&rsquo;attente ordonn\u00e9es. Comprend des accessoires de fixation pour un montage minimal d\u00e8s la sortie de la bo\u00eete. Vous donne plus de contr\u00f4le sur les entr\u00e9es et les points de sortie. Le tissu ignifuge BS5852 aide \u00e0 am\u00e9liorer la s\u00e9curit\u00e9. Poteaux de barri\u00e8re vendus s\u00e9par\u00e9ment. Compatible avec S651, S652, S653 et S654.Le coloris noir ajoute une touche haut de gamme et sophistiqu\u00e9e.<\/p>\n<p>Caract\u00e9ristiques :<br \/> Dimensions : 70(H) x 143(L) x 2(P) cm. Largeur de la toile 139 cm.<br \/> Mati\u00e8re : 100% polyester (supports Acier inoxydable 201 ).<br \/> Couleur : Noir.<\/p>\n","protected":false},"excerpt":{"rendered":"<p>Barri\u00e8re en toile Bolero noire<\/p>\n","protected":false},"featured_media":82571,"comment_status":"closed","ping_status":"closed","template":"","meta":[],"product_brand":[],"product_cat":[1213,1201,1297],"product_tag":[],"class_list":{"0":"post-70156","1":"product","2":"type-product","3":"status-publish","4":"has-post-thumbnail","6":"product_cat-barrieres-et-poteaux-daccueil","7":"product_cat-mobilier","8":"product_cat-non-palettisable","9":"product_shipping_class-free-shipping","11":"first","12":"instock","13":"featured","14":"taxable","15":"shipping-taxable","16":"purchasable","17":"product-type-simple"},"_links":{"self":[{"href":"https:\/\/abinox-chr-clim.com\/index.php\/wp-json\/wp\/v2\/product\/70156","targetHints":{"allow":["GET"]}}],"collection":[{"href":"https:\/\/abinox-chr-clim.com\/index.php\/wp-json\/wp\/v2\/product"}],"about":[{"href":"https:\/\/abinox-chr-clim.com\/index.php\/wp-json\/wp\/v2\/types\/product"}],"replies":[{"embeddable":true,"href":"https:\/\/abinox-chr-clim.com\/index.php\/wp-json\/wp\/v2\/comments?post=70156"}],"wp:featuredmedia":[{"embeddable":true,"href":"https:\/\/abinox-chr-clim.com\/index.php\/wp-json\/wp\/v2\/media\/82571"}],"wp:attachment":[{"href":"https:\/\/abinox-chr-clim.com\/index.php\/wp-json\/wp\/v2\/media?parent=70156"}],"wp:term":[{"taxonomy":"product_brand","embeddable":true,"href":"https:\/\/abinox-chr-clim.com\/index.php\/wp-json\/wp\/v2\/product_brand?post=70156"},{"taxonomy":"product_cat","embeddable":true,"href":"https:\/\/abinox-chr-clim.com\/index.php\/wp-json\/wp\/v2\/product_cat?post=70156"},{"taxonomy":"product_tag","embeddable":true,"href":"https:\/\/abinox-chr-clim.com\/index.php\/wp-json\/wp\/v2\/product_tag?post=70156"}],"curies":[{"name":"wp","href":"https:\/\/api.w.org\/{rel}","templated":true}]}}