{"id":70155,"date":"2024-03-22T19:25:21","date_gmt":"2024-03-22T18:25:21","guid":{"rendered":"https:\/\/abinox-chr-clim.com\/index.php\/product\/cadre-d-affichage-pour-poteau-de-barriere-bolero\/"},"modified":"2026-04-02T08:34:38","modified_gmt":"2026-04-02T06:34:38","slug":"cadre-d-affichage-pour-poteau-de-barriere-bolero","status":"publish","type":"product","link":"https:\/\/abinox-chr-clim.com\/index.php\/product\/cadre-d-affichage-pour-poteau-de-barriere-bolero\/","title":{"rendered":"Cadre d affichage pour poteau de barri\u00e8re Bolero"},"content":{"rendered":"<p>El\u00e9gant cadre d&rsquo;affichage en aluminium au format A4 portrait avec support en acier inoxydable et protection transparente. Se glisse simplement sur un poteau de barri\u00e8re. Compatible uniquement avec GC605 et GC606 (vendus s\u00e9par\u00e9ment).<br \/>Se glisse simplement sur un poteau de barri\u00e8re (GC605 et GC606 vendus s\u00e9par\u00e9ment) pour une solution d&rsquo;affichage des plus efficaces. Cadre format A4. Se glisse simplement sur un poteau de barri\u00e8re (GC605 et GC606 vendus s\u00e9par\u00e9ment) pour une solution d&rsquo;affichage des plus efficaces.<\/p>\n<p>Caract\u00e9ristiques :<br \/> Dimensions : 300(H) x 250(L) x 50(P)mm (cadre uniquement).<br \/> Mati\u00e8re : Aluminium.<br \/> Couleur : Argent.<\/p>\n","protected":false},"excerpt":{"rendered":"<p>Cadre d affichage pour poteau de barri\u00e8re Bolero<\/p>\n","protected":false},"featured_media":82564,"comment_status":"closed","ping_status":"closed","template":"","meta":[],"product_brand":[],"product_cat":[1213,1201,1297],"product_tag":[],"class_list":{"0":"post-70155","1":"product","2":"type-product","3":"status-publish","4":"has-post-thumbnail","6":"product_cat-barrieres-et-poteaux-daccueil","7":"product_cat-mobilier","8":"product_cat-non-palettisable","9":"product_shipping_class-free-shipping","11":"first","12":"outofstock","13":"featured","14":"taxable","15":"shipping-taxable","16":"purchasable","17":"product-type-simple"},"_links":{"self":[{"href":"https:\/\/abinox-chr-clim.com\/index.php\/wp-json\/wp\/v2\/product\/70155","targetHints":{"allow":["GET"]}}],"collection":[{"href":"https:\/\/abinox-chr-clim.com\/index.php\/wp-json\/wp\/v2\/product"}],"about":[{"href":"https:\/\/abinox-chr-clim.com\/index.php\/wp-json\/wp\/v2\/types\/product"}],"replies":[{"embeddable":true,"href":"https:\/\/abinox-chr-clim.com\/index.php\/wp-json\/wp\/v2\/comments?post=70155"}],"wp:featuredmedia":[{"embeddable":true,"href":"https:\/\/abinox-chr-clim.com\/index.php\/wp-json\/wp\/v2\/media\/82564"}],"wp:attachment":[{"href":"https:\/\/abinox-chr-clim.com\/index.php\/wp-json\/wp\/v2\/media?parent=70155"}],"wp:term":[{"taxonomy":"product_brand","embeddable":true,"href":"https:\/\/abinox-chr-clim.com\/index.php\/wp-json\/wp\/v2\/product_brand?post=70155"},{"taxonomy":"product_cat","embeddable":true,"href":"https:\/\/abinox-chr-clim.com\/index.php\/wp-json\/wp\/v2\/product_cat?post=70155"},{"taxonomy":"product_tag","embeddable":true,"href":"https:\/\/abinox-chr-clim.com\/index.php\/wp-json\/wp\/v2\/product_tag?post=70155"}],"curies":[{"name":"wp","href":"https:\/\/api.w.org\/{rel}","templated":true}]}}