{"id":70146,"date":"2024-03-22T18:43:10","date_gmt":"2024-03-22T17:43:10","guid":{"rendered":"https:\/\/abinox-chr-clim.com\/index.php\/product\/table-de-preparation-sans-rebord-en-acier-inoxydable-vogue-1800-x-600mm\/"},"modified":"2026-04-11T09:07:40","modified_gmt":"2026-04-11T07:07:40","slug":"table-de-preparation-sans-rebord-en-acier-inoxydable-vogue-1800-x-600mm","status":"publish","type":"product","link":"https:\/\/abinox-chr-clim.com\/index.php\/product\/table-de-preparation-sans-rebord-en-acier-inoxydable-vogue-1800-x-600mm\/","title":{"rendered":"Table de pr\u00e9paration sans rebord en acier inoxydable Vogue 1800 x 600mm"},"content":{"rendered":"<p>Pratiques, hygi\u00e9niques et d&rsquo;un excellent rapport qualit\u00e9\/prix. Ces tables de haute qualit\u00e9 ont leur place dans toutes les cuisines. Hauteur r\u00e9glable. Tablette inf\u00e9rieure en acier galvanis\u00e9. Deux profondeurs disponibles (600mm et 700mm).<br \/>Etag\u00e8re de table Vogue 600x1800mm disponible sur demande &#8211; code CP834. Permet un \u00eelot central pratique. Permet un \u00eelot central pratique. R\u00e9f\u00e9rence soumise \u00e0 une Eco-participation mobilier de 1.68\u20ac par unit\u00e9 vendue. Permet un \u00eelot central pratique. Permet un \u00eelot central pratique. Permet un \u00eelot central pratique. Permet un \u00eelot central pratique. Permet un \u00eelot central pratique. Permet un \u00eelot central pratique. Permet un \u00eelot central pratique. Permet un \u00eelot central pratique. Etag\u00e8re de table Vogue 600x1800mm disponible sur demande &#8211; code CP834.<\/p>\n<p>Caract\u00e9ristiques :<br \/> Dimensions : 900(H) x 1800(L) x 600(P) mm.<br \/> Mati\u00e8re : Inox 304<\/p>\n","protected":false},"excerpt":{"rendered":"<p>Table de pr\u00e9paration sans rebord en acier inoxydable Vogue 1800 x 600mm<\/p>\n","protected":false},"featured_media":99296,"comment_status":"closed","ping_status":"closed","template":"","meta":[],"product_brand":[],"product_cat":[1146,1296,1159,1155],"product_tag":[],"class_list":{"0":"post-70146","1":"product","2":"type-product","3":"status-publish","4":"has-post-thumbnail","6":"product_cat-mobilier-de-cuisine-chariots-et-echelles","7":"product_cat-palettisable","8":"product_cat-tables-de-preparation","9":"product_cat-tables-et-plonges","11":"first","12":"instock","13":"featured","14":"taxable","15":"shipping-taxable","16":"purchasable","17":"product-type-simple"},"_links":{"self":[{"href":"https:\/\/abinox-chr-clim.com\/index.php\/wp-json\/wp\/v2\/product\/70146","targetHints":{"allow":["GET"]}}],"collection":[{"href":"https:\/\/abinox-chr-clim.com\/index.php\/wp-json\/wp\/v2\/product"}],"about":[{"href":"https:\/\/abinox-chr-clim.com\/index.php\/wp-json\/wp\/v2\/types\/product"}],"replies":[{"embeddable":true,"href":"https:\/\/abinox-chr-clim.com\/index.php\/wp-json\/wp\/v2\/comments?post=70146"}],"wp:featuredmedia":[{"embeddable":true,"href":"https:\/\/abinox-chr-clim.com\/index.php\/wp-json\/wp\/v2\/media\/99296"}],"wp:attachment":[{"href":"https:\/\/abinox-chr-clim.com\/index.php\/wp-json\/wp\/v2\/media?parent=70146"}],"wp:term":[{"taxonomy":"product_brand","embeddable":true,"href":"https:\/\/abinox-chr-clim.com\/index.php\/wp-json\/wp\/v2\/product_brand?post=70146"},{"taxonomy":"product_cat","embeddable":true,"href":"https:\/\/abinox-chr-clim.com\/index.php\/wp-json\/wp\/v2\/product_cat?post=70146"},{"taxonomy":"product_tag","embeddable":true,"href":"https:\/\/abinox-chr-clim.com\/index.php\/wp-json\/wp\/v2\/product_tag?post=70146"}],"curies":[{"name":"wp","href":"https:\/\/api.w.org\/{rel}","templated":true}]}}