{"id":70143,"date":"2024-03-22T18:43:06","date_gmt":"2024-03-22T17:43:06","guid":{"rendered":"https:\/\/abinox-chr-clim.com\/index.php\/product\/table-de-preparation-sans-rebord-en-acier-inoxydable-vogue-900-x-600mm\/"},"modified":"2026-04-02T09:05:31","modified_gmt":"2026-04-02T07:05:31","slug":"table-de-preparation-sans-rebord-en-acier-inoxydable-vogue-900-x-600mm","status":"publish","type":"product","link":"https:\/\/abinox-chr-clim.com\/index.php\/product\/table-de-preparation-sans-rebord-en-acier-inoxydable-vogue-900-x-600mm\/","title":{"rendered":"Table de pr\u00e9paration sans rebord en acier inoxydable Vogue 900 x 600mm"},"content":{"rendered":"<p>Pratiques, hygi\u00e9niques et d&rsquo;un excellent rapport qualit\u00e9\/prix. Ces tables de haute qualit\u00e9 ont leur place dans toutes les cuisines. Hauteur r\u00e9glable. Tablette inf\u00e9rieure en acier galvanis\u00e9. Deux profondeurs disponibles (600mm et 700mm).<br \/>Sans rebord. R\u00e9f\u00e9rence soumise \u00e0 une Eco-participation mobilier de 0.96\u20ac par unit\u00e9 vendue. Etag\u00e8re de table Vogue 600x900mm disponible sur demande &#8211; code CP831. Sous-tablette en acier galvanis\u00e9 r\u00e9glable en hauteur. Livr\u00e9e emball\u00e9e \u00e0 plat pour un montage facile. Charge maximale\u00a0: 300\u00a0kg. Surface\u00a0: 0,54\u00a0m\u00b2. 4 pieds inclus. \u00c9paisseur du mat\u00e9riau\u00a0: 1,2 mm &#8211; calibre 18. 1 table \u00e0 monter soi-m\u00eame, y compris 1 \u00e9tag\u00e8re et des fixations.Sans rebord.<\/p>\n<p>Caract\u00e9ristiques :<br \/> Dimensions : 900(H) x 900(L) x 600(P) mm.<br \/> Mati\u00e8re : Inox 304<\/p>\n","protected":false},"excerpt":{"rendered":"<p>Table de pr\u00e9paration sans rebord en acier inoxydable Vogue 900 x 600mm<\/p>\n","protected":false},"featured_media":99260,"comment_status":"closed","ping_status":"closed","template":"","meta":[],"product_brand":[],"product_cat":[1146,1297,1159,1155],"product_tag":[],"class_list":{"0":"post-70143","1":"product","2":"type-product","3":"status-publish","4":"has-post-thumbnail","6":"product_cat-mobilier-de-cuisine-chariots-et-echelles","7":"product_cat-non-palettisable","8":"product_cat-tables-de-preparation","9":"product_cat-tables-et-plonges","10":"product_shipping_class-free-shipping","12":"first","13":"instock","14":"featured","15":"taxable","16":"shipping-taxable","17":"purchasable","18":"product-type-simple"},"_links":{"self":[{"href":"https:\/\/abinox-chr-clim.com\/index.php\/wp-json\/wp\/v2\/product\/70143","targetHints":{"allow":["GET"]}}],"collection":[{"href":"https:\/\/abinox-chr-clim.com\/index.php\/wp-json\/wp\/v2\/product"}],"about":[{"href":"https:\/\/abinox-chr-clim.com\/index.php\/wp-json\/wp\/v2\/types\/product"}],"replies":[{"embeddable":true,"href":"https:\/\/abinox-chr-clim.com\/index.php\/wp-json\/wp\/v2\/comments?post=70143"}],"wp:featuredmedia":[{"embeddable":true,"href":"https:\/\/abinox-chr-clim.com\/index.php\/wp-json\/wp\/v2\/media\/99260"}],"wp:attachment":[{"href":"https:\/\/abinox-chr-clim.com\/index.php\/wp-json\/wp\/v2\/media?parent=70143"}],"wp:term":[{"taxonomy":"product_brand","embeddable":true,"href":"https:\/\/abinox-chr-clim.com\/index.php\/wp-json\/wp\/v2\/product_brand?post=70143"},{"taxonomy":"product_cat","embeddable":true,"href":"https:\/\/abinox-chr-clim.com\/index.php\/wp-json\/wp\/v2\/product_cat?post=70143"},{"taxonomy":"product_tag","embeddable":true,"href":"https:\/\/abinox-chr-clim.com\/index.php\/wp-json\/wp\/v2\/product_tag?post=70143"}],"curies":[{"name":"wp","href":"https:\/\/api.w.org\/{rel}","templated":true}]}}