{"id":70125,"date":"2024-03-22T18:42:59","date_gmt":"2024-03-22T17:42:59","guid":{"rendered":"https:\/\/abinox-chr-clim.com\/index.php\/product\/table-inox-avec-dosseret-et-etagere-basse-gastro-m-2000-x-600-x-880mm\/"},"modified":"2026-03-16T11:45:16","modified_gmt":"2026-03-16T10:45:16","slug":"table-inox-avec-dosseret-et-etagere-basse-gastro-m-2000-x-600-x-880mm","status":"publish","type":"product","link":"https:\/\/abinox-chr-clim.com\/index.php\/product\/table-inox-avec-dosseret-et-etagere-basse-gastro-m-2000-x-600-x-880mm\/","title":{"rendered":"Table inox avec dosseret et \u00e9tag\u00e8re basse Gastro M 2000 x 600 x 880mm"},"content":{"rendered":"<p>Tables de pr\u00e9paration en acier inoxydable AISI 430 pour les cuisines professionnelles. La hauteur standard est de 890mm et peut \u00eatre ajust\u00e9e jusqu&rsquo;\u00e0 940mm. Dessus renforc\u00e9 avec 18 mm d&rsquo;agglom\u00e9r\u00e9 m\u00e9lamin\u00e9. Pieds carr\u00e9s 40x40mm. Hauteur de 580mm entre le plan de travail et l&rsquo;\u00e9tag\u00e8re basse.<br \/>Enti\u00e8rement en acier inoxydable AISI 430. Renforc\u00e9e par de l&rsquo;agglom\u00e9r\u00e9 m\u00e9lamin\u00e9 de 18 mm. Hauteur des pieds r\u00e9glable de 890 mm \u00e0 940 mm. R\u00e9f\u00e9rence soumise \u00e0 une Eco-participation mobilier de 2.84\u20ac par unit\u00e9 vendue. La capacit\u00e9 de charge des plans de travail est de 80 kg par m\u00e8tre lin\u00e9aire, r\u00e9partis uniform\u00e9ment.Pieds r\u00e9glables pour les sols irr\u00e9guliers. Enti\u00e8rement en acier inoxydable AISI 430.<\/p>\n<p>Caract\u00e9ristiques :<br \/> Dimensions : 890(H) x 2000(L) x 600(P) mm.<br \/> Mati\u00e8re : Inox 430.<br \/> Couleur : Acier inoxydable.<\/p>\n","protected":false},"excerpt":{"rendered":"<p>Table inox avec dosseret et \u00e9tag\u00e8re basse Gastro M 2000 x 600 x 880mm<\/p>\n","protected":false},"featured_media":102377,"comment_status":"closed","ping_status":"closed","template":"","meta":[],"product_brand":[],"product_cat":[1146,1296,1159,1155],"product_tag":[],"class_list":{"0":"post-70125","1":"product","2":"type-product","3":"status-publish","4":"has-post-thumbnail","6":"product_cat-mobilier-de-cuisine-chariots-et-echelles","7":"product_cat-palettisable","8":"product_cat-tables-de-preparation","9":"product_cat-tables-et-plonges","11":"first","12":"outofstock","13":"featured","14":"taxable","15":"shipping-taxable","16":"purchasable","17":"product-type-simple"},"_links":{"self":[{"href":"https:\/\/abinox-chr-clim.com\/index.php\/wp-json\/wp\/v2\/product\/70125","targetHints":{"allow":["GET"]}}],"collection":[{"href":"https:\/\/abinox-chr-clim.com\/index.php\/wp-json\/wp\/v2\/product"}],"about":[{"href":"https:\/\/abinox-chr-clim.com\/index.php\/wp-json\/wp\/v2\/types\/product"}],"replies":[{"embeddable":true,"href":"https:\/\/abinox-chr-clim.com\/index.php\/wp-json\/wp\/v2\/comments?post=70125"}],"wp:featuredmedia":[{"embeddable":true,"href":"https:\/\/abinox-chr-clim.com\/index.php\/wp-json\/wp\/v2\/media\/102377"}],"wp:attachment":[{"href":"https:\/\/abinox-chr-clim.com\/index.php\/wp-json\/wp\/v2\/media?parent=70125"}],"wp:term":[{"taxonomy":"product_brand","embeddable":true,"href":"https:\/\/abinox-chr-clim.com\/index.php\/wp-json\/wp\/v2\/product_brand?post=70125"},{"taxonomy":"product_cat","embeddable":true,"href":"https:\/\/abinox-chr-clim.com\/index.php\/wp-json\/wp\/v2\/product_cat?post=70125"},{"taxonomy":"product_tag","embeddable":true,"href":"https:\/\/abinox-chr-clim.com\/index.php\/wp-json\/wp\/v2\/product_tag?post=70125"}],"curies":[{"name":"wp","href":"https:\/\/api.w.org\/{rel}","templated":true}]}}