{"id":70108,"date":"2024-03-22T18:42:51","date_gmt":"2024-03-22T17:42:51","guid":{"rendered":"https:\/\/abinox-chr-clim.com\/index.php\/product\/table-armoire-inox-avec-portes-coulissantes-et-3-tiroirs-a-gauche-gastro-m-1500-x-700-x-875mm\/"},"modified":"2026-04-02T09:19:35","modified_gmt":"2026-04-02T07:19:35","slug":"table-armoire-inox-avec-portes-coulissantes-et-3-tiroirs-a-gauche-gastro-m-1500-x-700-x-875mm","status":"publish","type":"product","link":"https:\/\/abinox-chr-clim.com\/index.php\/product\/table-armoire-inox-avec-portes-coulissantes-et-3-tiroirs-a-gauche-gastro-m-1500-x-700-x-875mm\/","title":{"rendered":"Table armoire inox avec portes coulissantes et 3 tiroirs \u00e0 gauche Gastro M 1500 x 700 x 875mm"},"content":{"rendered":"<p>En acier inoxydable AISI 430 avec portes coulissantes et 3 tiroirs \u00e0 gauche. Hauteur du plan de travail standard de 875mm. Renforc\u00e9 avec 18 mm d&rsquo;agglom\u00e9r\u00e9 m\u00e9lamin\u00e9. Pieds ronds en inox r\u00e9glables en hauteur en hauteur de 875mm \u00e0 918mm.<br \/>Enti\u00e8rement en inox AISI 430. Renforc\u00e9 avec 18mm d&rsquo;agglom\u00e9r\u00e9 m\u00e9lamin\u00e9. Hauteur des pieds r\u00e9glable de 875 mm \u00e0 918 mm. R\u00e9f\u00e9rence soumise \u00e0 une Eco-participation mobilier de 0.36\u20ac par unit\u00e9 vendue. 3 tiroirs pour ranger les ustensiles de cuisine. La capacit\u00e9 de charge des plans de travail est de 80 kg par m\u00e8tre lin\u00e9aire, r\u00e9partis uniform\u00e9ment.Pieds r\u00e9glables pour les sols irr\u00e9guliers. R\u00e9f\u00e9rence soumise \u00e0 une Eco-participation mobilier de 11,57\u20ac par unit\u00e9 vendue. Enti\u00e8rement en inox AISI 430.<\/p>\n<p>Caract\u00e9ristiques :<br \/> Dimensions : 875(H) x 1500(L) x 700(P) mm.<br \/> Mati\u00e8re : Inox 430.<br \/> Couleur : Acier inoxydable.<\/p>\n","protected":false},"excerpt":{"rendered":"<p>Table armoire inox avec portes coulissantes et 3 tiroirs \u00e0 gauche Gastro M 1500 x 700 x 875mm<\/p>\n","protected":false},"featured_media":102406,"comment_status":"closed","ping_status":"closed","template":"","meta":[],"product_brand":[],"product_cat":[1146,1296,1159,1155],"product_tag":[],"class_list":{"0":"post-70108","1":"product","2":"type-product","3":"status-publish","4":"has-post-thumbnail","6":"product_cat-mobilier-de-cuisine-chariots-et-echelles","7":"product_cat-palettisable","8":"product_cat-tables-de-preparation","9":"product_cat-tables-et-plonges","11":"first","12":"outofstock","13":"featured","14":"taxable","15":"shipping-taxable","16":"purchasable","17":"product-type-simple"},"_links":{"self":[{"href":"https:\/\/abinox-chr-clim.com\/index.php\/wp-json\/wp\/v2\/product\/70108","targetHints":{"allow":["GET"]}}],"collection":[{"href":"https:\/\/abinox-chr-clim.com\/index.php\/wp-json\/wp\/v2\/product"}],"about":[{"href":"https:\/\/abinox-chr-clim.com\/index.php\/wp-json\/wp\/v2\/types\/product"}],"replies":[{"embeddable":true,"href":"https:\/\/abinox-chr-clim.com\/index.php\/wp-json\/wp\/v2\/comments?post=70108"}],"wp:featuredmedia":[{"embeddable":true,"href":"https:\/\/abinox-chr-clim.com\/index.php\/wp-json\/wp\/v2\/media\/102406"}],"wp:attachment":[{"href":"https:\/\/abinox-chr-clim.com\/index.php\/wp-json\/wp\/v2\/media?parent=70108"}],"wp:term":[{"taxonomy":"product_brand","embeddable":true,"href":"https:\/\/abinox-chr-clim.com\/index.php\/wp-json\/wp\/v2\/product_brand?post=70108"},{"taxonomy":"product_cat","embeddable":true,"href":"https:\/\/abinox-chr-clim.com\/index.php\/wp-json\/wp\/v2\/product_cat?post=70108"},{"taxonomy":"product_tag","embeddable":true,"href":"https:\/\/abinox-chr-clim.com\/index.php\/wp-json\/wp\/v2\/product_tag?post=70108"}],"curies":[{"name":"wp","href":"https:\/\/api.w.org\/{rel}","templated":true}]}}