{"id":70093,"date":"2024-03-22T18:42:45","date_gmt":"2024-03-22T17:42:45","guid":{"rendered":"https:\/\/abinox-chr-clim.com\/index.php\/product\/tiroir-inox-a-monter-sur-table-gastro-m-450-x-580-x-180mm\/"},"modified":"2026-04-02T09:19:22","modified_gmt":"2026-04-02T07:19:22","slug":"tiroir-inox-a-monter-sur-table-gastro-m-450-x-580-x-180mm","status":"publish","type":"product","link":"https:\/\/abinox-chr-clim.com\/index.php\/product\/tiroir-inox-a-monter-sur-table-gastro-m-450-x-580-x-180mm\/","title":{"rendered":"Tiroir inox \u00e0 monter sur table Gastro M 450 x 580 x 180mm"},"content":{"rendered":"<p>Tiroirs en acier inoxydable, c\u00f4t\u00e9s compris, et fa\u00e7ade avant double paroi.<br \/>Enti\u00e8rement en inox AISI 430. Capacit\u00e9 maximum de 35kg par tiroir. R\u00e9f\u00e9rence soumise \u00e0 une Eco-participation mobilier de 0.3\u20ac par unit\u00e9 vendue.  R\u00e9f\u00e9rence soumise \u00e0 une Eco-participation mobilier de 0,78\u20ac par unit\u00e9 vendue. Enti\u00e8rement en inox AISI 430.<\/p>\n<p>Caract\u00e9ristiques :<br \/> Dimensions : 190(H) x 400(L) x 585(P) mm.<br \/> Mati\u00e8re : Inox 430.<br \/> Couleur : Acier inoxydable.<\/p>\n","protected":false},"excerpt":{"rendered":"<p>Tiroir inox \u00e0 monter sur table Gastro M 450 x 580 x 180mm<\/p>\n","protected":false},"featured_media":103412,"comment_status":"closed","ping_status":"closed","template":"","meta":[],"product_brand":[],"product_cat":[1146,1297,1159,1155],"product_tag":[],"class_list":{"0":"post-70093","1":"product","2":"type-product","3":"status-publish","4":"has-post-thumbnail","6":"product_cat-mobilier-de-cuisine-chariots-et-echelles","7":"product_cat-non-palettisable","8":"product_cat-tables-de-preparation","9":"product_cat-tables-et-plonges","10":"product_shipping_class-free-shipping","12":"first","13":"instock","14":"featured","15":"taxable","16":"shipping-taxable","17":"purchasable","18":"product-type-simple"},"_links":{"self":[{"href":"https:\/\/abinox-chr-clim.com\/index.php\/wp-json\/wp\/v2\/product\/70093","targetHints":{"allow":["GET"]}}],"collection":[{"href":"https:\/\/abinox-chr-clim.com\/index.php\/wp-json\/wp\/v2\/product"}],"about":[{"href":"https:\/\/abinox-chr-clim.com\/index.php\/wp-json\/wp\/v2\/types\/product"}],"replies":[{"embeddable":true,"href":"https:\/\/abinox-chr-clim.com\/index.php\/wp-json\/wp\/v2\/comments?post=70093"}],"wp:featuredmedia":[{"embeddable":true,"href":"https:\/\/abinox-chr-clim.com\/index.php\/wp-json\/wp\/v2\/media\/103412"}],"wp:attachment":[{"href":"https:\/\/abinox-chr-clim.com\/index.php\/wp-json\/wp\/v2\/media?parent=70093"}],"wp:term":[{"taxonomy":"product_brand","embeddable":true,"href":"https:\/\/abinox-chr-clim.com\/index.php\/wp-json\/wp\/v2\/product_brand?post=70093"},{"taxonomy":"product_cat","embeddable":true,"href":"https:\/\/abinox-chr-clim.com\/index.php\/wp-json\/wp\/v2\/product_cat?post=70093"},{"taxonomy":"product_tag","embeddable":true,"href":"https:\/\/abinox-chr-clim.com\/index.php\/wp-json\/wp\/v2\/product_tag?post=70093"}],"curies":[{"name":"wp","href":"https:\/\/api.w.org\/{rel}","templated":true}]}}