{"id":70089,"date":"2024-03-22T18:42:44","date_gmt":"2024-03-22T17:42:44","guid":{"rendered":"https:\/\/abinox-chr-clim.com\/index.php\/product\/table-du-chef-inox-avec-bac-a-gauche-et-etagere-basse-gastro-m-1400-x-700-x-890mm\/"},"modified":"2026-04-02T09:19:19","modified_gmt":"2026-04-02T07:19:19","slug":"table-du-chef-inox-avec-bac-a-gauche-et-etagere-basse-gastro-m-1400-x-700-x-890mm","status":"publish","type":"product","link":"https:\/\/abinox-chr-clim.com\/index.php\/product\/table-du-chef-inox-avec-bac-a-gauche-et-etagere-basse-gastro-m-1400-x-700-x-890mm\/","title":{"rendered":"Table du chef inox avec bac \u00e0 gauche et \u00e9tag\u00e8re basse Gastro M 1400 x 700 x 890mm"},"content":{"rendered":"<p>Tables enti\u00e8rement en inox AISI 430 avec bac de 400x400x300 mm \u00e0 gauche. Renforc\u00e9es par de l&rsquo;agglom\u00e9r\u00e9 m\u00e9lamin\u00e9 de 18 mm cach\u00e9 par une t\u00f4le coll\u00e9e en inox 304. Hauteur de travail standard de 890mm pouvant \u00eatre modifi\u00e9e avec les pieds r\u00e9glables \u00e0 940mm.<br \/>Enti\u00e8rement en inox AISI 430. Renforc\u00e9 avec 18mm d&rsquo;agglom\u00e9r\u00e9 m\u00e9lamin\u00e9. Hauteur des pieds r\u00e9glable de 890 mm \u00e0 940 mm. R\u00e9f\u00e9rence soumise \u00e0 une Eco-participation mobilier de 0.21\u20ac par unit\u00e9 vendue. La capacit\u00e9 de charge des plans de travail est de 80 kg par m\u00e8tre lin\u00e9aire, r\u00e9partis uniform\u00e9ment.Pieds r\u00e9glables pour les sols irr\u00e9guliers. Enti\u00e8rement en inox AISI 430.<\/p>\n<p>Caract\u00e9ristiques :<br \/> Dimensions : 890(H) x 1400(L) x 700(P) mm.<br \/> Mati\u00e8re : Inox 430.<br \/> Couleur : Acier inoxydable.<\/p>\n","protected":false},"excerpt":{"rendered":"<p>Table du chef inox avec bac \u00e0 gauche et \u00e9tag\u00e8re basse Gastro M 1400 x 700 x 890mm<\/p>\n","protected":false},"featured_media":105232,"comment_status":"closed","ping_status":"closed","template":"","meta":[],"product_brand":[],"product_cat":[1146,1296,1159,1155],"product_tag":[],"class_list":{"0":"post-70089","1":"product","2":"type-product","3":"status-publish","4":"has-post-thumbnail","6":"product_cat-mobilier-de-cuisine-chariots-et-echelles","7":"product_cat-palettisable","8":"product_cat-tables-de-preparation","9":"product_cat-tables-et-plonges","11":"first","12":"outofstock","13":"featured","14":"taxable","15":"shipping-taxable","16":"purchasable","17":"product-type-simple"},"_links":{"self":[{"href":"https:\/\/abinox-chr-clim.com\/index.php\/wp-json\/wp\/v2\/product\/70089","targetHints":{"allow":["GET"]}}],"collection":[{"href":"https:\/\/abinox-chr-clim.com\/index.php\/wp-json\/wp\/v2\/product"}],"about":[{"href":"https:\/\/abinox-chr-clim.com\/index.php\/wp-json\/wp\/v2\/types\/product"}],"replies":[{"embeddable":true,"href":"https:\/\/abinox-chr-clim.com\/index.php\/wp-json\/wp\/v2\/comments?post=70089"}],"wp:featuredmedia":[{"embeddable":true,"href":"https:\/\/abinox-chr-clim.com\/index.php\/wp-json\/wp\/v2\/media\/105232"}],"wp:attachment":[{"href":"https:\/\/abinox-chr-clim.com\/index.php\/wp-json\/wp\/v2\/media?parent=70089"}],"wp:term":[{"taxonomy":"product_brand","embeddable":true,"href":"https:\/\/abinox-chr-clim.com\/index.php\/wp-json\/wp\/v2\/product_brand?post=70089"},{"taxonomy":"product_cat","embeddable":true,"href":"https:\/\/abinox-chr-clim.com\/index.php\/wp-json\/wp\/v2\/product_cat?post=70089"},{"taxonomy":"product_tag","embeddable":true,"href":"https:\/\/abinox-chr-clim.com\/index.php\/wp-json\/wp\/v2\/product_tag?post=70089"}],"curies":[{"name":"wp","href":"https:\/\/api.w.org\/{rel}","templated":true}]}}