{"id":70075,"date":"2024-03-22T18:42:35","date_gmt":"2024-03-22T17:42:35","guid":{"rendered":"https:\/\/abinox-chr-clim.com\/index.php\/product\/table-inox-avec-etagere-basse-gastro-m-1200-x-700-x-890mm\/"},"modified":"2026-04-02T09:19:07","modified_gmt":"2026-04-02T07:19:07","slug":"table-inox-avec-etagere-basse-gastro-m-1200-x-700-x-890mm","status":"publish","type":"product","link":"https:\/\/abinox-chr-clim.com\/index.php\/product\/table-inox-avec-etagere-basse-gastro-m-1200-x-700-x-890mm\/","title":{"rendered":"Table inox avec \u00e9tag\u00e8re basse Gastro M 1200 x 700 x 890mm"},"content":{"rendered":"<p>Tables en inox AISI 430 avec bords tombants de 40 mm et renforc\u00e9e par de l&rsquo;agglom\u00e9r\u00e9 m\u00e9lamin\u00e9 de 18mm cach\u00e9 par une t\u00f4le coll\u00e9e en acier galvanis\u00e9. Pieds en tubes carr\u00e9s de 40mm reli\u00e9s entre eux par des profil\u00e9s en inox. Tables disponibles avec ou sans dosseret, profondeur 70cm.<br \/>Enti\u00e8rement en inox AISI 430. Renforc\u00e9 avec 18mm d&rsquo;agglom\u00e9r\u00e9 m\u00e9lamin\u00e9. Hauteur des pieds r\u00e9glable de 890 mm \u00e0 940 mm. R\u00e9f\u00e9rence soumise \u00e0 une Eco-participation mobilier de 2\u20ac par unit\u00e9 vendue. La capacit\u00e9 de charge des plans de travail est de 80 kg par m\u00e8tre lin\u00e9aire, r\u00e9partis uniform\u00e9ment.Pieds r\u00e9glables pour les sols irr\u00e9guliers. R\u00e9f\u00e9rence soumise \u00e0 une Eco-participation mobilier de 5,07\u20ac par unit\u00e9 vendue. Enti\u00e8rement en inox AISI 430.<\/p>\n<p>Caract\u00e9ristiques :<br \/> Dimensions : 890(H) x 1200(L) x 700(P) mm.<br \/> Mati\u00e8re : Inox 430.<br \/> Couleur : Acier inoxydable.<\/p>\n","protected":false},"excerpt":{"rendered":"<p>Table inox avec \u00e9tag\u00e8re basse Gastro M 1200 x 700 x 890mm<\/p>\n","protected":false},"featured_media":102369,"comment_status":"closed","ping_status":"closed","template":"","meta":[],"product_brand":[],"product_cat":[1146,1296,1159,1155],"product_tag":[],"class_list":{"0":"post-70075","1":"product","2":"type-product","3":"status-publish","4":"has-post-thumbnail","6":"product_cat-mobilier-de-cuisine-chariots-et-echelles","7":"product_cat-palettisable","8":"product_cat-tables-de-preparation","9":"product_cat-tables-et-plonges","11":"first","12":"outofstock","13":"featured","14":"taxable","15":"shipping-taxable","16":"purchasable","17":"product-type-simple"},"_links":{"self":[{"href":"https:\/\/abinox-chr-clim.com\/index.php\/wp-json\/wp\/v2\/product\/70075","targetHints":{"allow":["GET"]}}],"collection":[{"href":"https:\/\/abinox-chr-clim.com\/index.php\/wp-json\/wp\/v2\/product"}],"about":[{"href":"https:\/\/abinox-chr-clim.com\/index.php\/wp-json\/wp\/v2\/types\/product"}],"replies":[{"embeddable":true,"href":"https:\/\/abinox-chr-clim.com\/index.php\/wp-json\/wp\/v2\/comments?post=70075"}],"wp:featuredmedia":[{"embeddable":true,"href":"https:\/\/abinox-chr-clim.com\/index.php\/wp-json\/wp\/v2\/media\/102369"}],"wp:attachment":[{"href":"https:\/\/abinox-chr-clim.com\/index.php\/wp-json\/wp\/v2\/media?parent=70075"}],"wp:term":[{"taxonomy":"product_brand","embeddable":true,"href":"https:\/\/abinox-chr-clim.com\/index.php\/wp-json\/wp\/v2\/product_brand?post=70075"},{"taxonomy":"product_cat","embeddable":true,"href":"https:\/\/abinox-chr-clim.com\/index.php\/wp-json\/wp\/v2\/product_cat?post=70075"},{"taxonomy":"product_tag","embeddable":true,"href":"https:\/\/abinox-chr-clim.com\/index.php\/wp-json\/wp\/v2\/product_tag?post=70075"}],"curies":[{"name":"wp","href":"https:\/\/api.w.org\/{rel}","templated":true}]}}