{"id":70055,"date":"2024-03-22T18:42:27","date_gmt":"2024-03-22T17:42:27","guid":{"rendered":"https:\/\/abinox-chr-clim.com\/index.php\/product\/element-neutre-avec-tiroir-gastro-m-650-65-40plc\/"},"modified":"2026-04-02T09:23:07","modified_gmt":"2026-04-02T07:23:07","slug":"element-neutre-avec-tiroir-gastro-m-650-65-40plc","status":"publish","type":"product","link":"https:\/\/abinox-chr-clim.com\/index.php\/product\/element-neutre-avec-tiroir-gastro-m-650-65-40plc\/","title":{"rendered":"El\u00e9ment neutre avec tiroir Gastro M 650 65\/40PLC"},"content":{"rendered":"<p>El\u00e9ments neutres avec tiroir en acier inoxydable adapt\u00e9s \u00e0 la gamme 650 Gastro M.<br \/>Avec tiroir GN 1\/1. R\u00e9f\u00e9rence soumise \u00e0 une Eco-participation mobilier de 0.76\u20ac par unit\u00e9 vendue.  R\u00e9f\u00e9rence soumise \u00e0 une Eco-participation mobilier de 0,57\u20ac par unit\u00e9 vendue. Avec tiroir GN 1\/1.<\/p>\n<p>Caract\u00e9ristiques :<br \/> Dimensions : 650x400x280mm.<br \/> Mati\u00e8re : Ext\u00e9rieur acier inoxydable<\/p>\n","protected":false},"excerpt":{"rendered":"<p>El\u00e9ment neutre avec tiroir Gastro M 650 65\/40PLC<\/p>\n","protected":false},"featured_media":102334,"comment_status":"closed","ping_status":"closed","template":"","meta":[],"product_brand":[],"product_cat":[1146,1296,1159,1155],"product_tag":[],"class_list":{"0":"post-70055","1":"product","2":"type-product","3":"status-publish","4":"has-post-thumbnail","6":"product_cat-mobilier-de-cuisine-chariots-et-echelles","7":"product_cat-palettisable","8":"product_cat-tables-de-preparation","9":"product_cat-tables-et-plonges","11":"first","12":"instock","13":"featured","14":"taxable","15":"shipping-taxable","16":"purchasable","17":"product-type-simple"},"_links":{"self":[{"href":"https:\/\/abinox-chr-clim.com\/index.php\/wp-json\/wp\/v2\/product\/70055","targetHints":{"allow":["GET"]}}],"collection":[{"href":"https:\/\/abinox-chr-clim.com\/index.php\/wp-json\/wp\/v2\/product"}],"about":[{"href":"https:\/\/abinox-chr-clim.com\/index.php\/wp-json\/wp\/v2\/types\/product"}],"replies":[{"embeddable":true,"href":"https:\/\/abinox-chr-clim.com\/index.php\/wp-json\/wp\/v2\/comments?post=70055"}],"wp:featuredmedia":[{"embeddable":true,"href":"https:\/\/abinox-chr-clim.com\/index.php\/wp-json\/wp\/v2\/media\/102334"}],"wp:attachment":[{"href":"https:\/\/abinox-chr-clim.com\/index.php\/wp-json\/wp\/v2\/media?parent=70055"}],"wp:term":[{"taxonomy":"product_brand","embeddable":true,"href":"https:\/\/abinox-chr-clim.com\/index.php\/wp-json\/wp\/v2\/product_brand?post=70055"},{"taxonomy":"product_cat","embeddable":true,"href":"https:\/\/abinox-chr-clim.com\/index.php\/wp-json\/wp\/v2\/product_cat?post=70055"},{"taxonomy":"product_tag","embeddable":true,"href":"https:\/\/abinox-chr-clim.com\/index.php\/wp-json\/wp\/v2\/product_tag?post=70055"}],"curies":[{"name":"wp","href":"https:\/\/api.w.org\/{rel}","templated":true}]}}