{"id":70053,"date":"2024-03-22T18:42:24","date_gmt":"2024-03-22T17:42:24","guid":{"rendered":"https:\/\/abinox-chr-clim.com\/index.php\/product\/table-inox-centrale-vogue-1800mm\/"},"modified":"2026-04-15T09:37:55","modified_gmt":"2026-04-15T07:37:55","slug":"table-inox-centrale-vogue-1800mm","status":"publish","type":"product","link":"https:\/\/abinox-chr-clim.com\/index.php\/product\/table-inox-centrale-vogue-1800mm\/","title":{"rendered":"Table inox centrale Vogue 1800mm"},"content":{"rendered":"<p>Valeur s\u00fbre et pratique, cette table de haute qualit\u00e9 est l&rsquo;\u00e9l\u00e9ment essentiel pour toute cuisine pla\u00e7ant la table de travail au centre.<br \/>Tablette inf\u00e9rieure en acier galvanis\u00e9 r\u00e9glable en hauteur. Plan de travail en acier inoxydable \u00e9paisseur 1,2mm. Livr\u00e9e en kit &#8211; assemblage facile. R\u00e9f\u00e9rence soumise \u00e0 une Eco-participation mobilier de 2.48\u20ac par unit\u00e9 vendue.Epaisseur 1,2mm &#8211; calibre 18. Surface : 1,62m\u00b2. 4 pieds. R\u00e9f\u00e9rence soumise \u00e0 une Eco-participation mobilier de 6,64\u20ac par unit\u00e9 vendue. Tablette inf\u00e9rieure en acier galvanis\u00e9 r\u00e9glable en hauteur.<\/p>\n<p>Caract\u00e9ristiques :<br \/> Dimensions : 900(H) x 1800(L) x 900(P) mm.<br \/> Mati\u00e8re : Acier inoxydable.<br \/> Couleur : Acier inoxydable.<\/p>\n","protected":false},"excerpt":{"rendered":"<p>Table inox centrale Vogue 1800mm<\/p>\n","protected":false},"featured_media":102083,"comment_status":"closed","ping_status":"closed","template":"","meta":[],"product_brand":[],"product_cat":[1146,1296,1159,1155],"product_tag":[],"class_list":{"0":"post-70053","1":"product","2":"type-product","3":"status-publish","4":"has-post-thumbnail","6":"product_cat-mobilier-de-cuisine-chariots-et-echelles","7":"product_cat-palettisable","8":"product_cat-tables-de-preparation","9":"product_cat-tables-et-plonges","11":"first","12":"instock","13":"featured","14":"taxable","15":"shipping-taxable","16":"purchasable","17":"product-type-simple"},"_links":{"self":[{"href":"https:\/\/abinox-chr-clim.com\/index.php\/wp-json\/wp\/v2\/product\/70053","targetHints":{"allow":["GET"]}}],"collection":[{"href":"https:\/\/abinox-chr-clim.com\/index.php\/wp-json\/wp\/v2\/product"}],"about":[{"href":"https:\/\/abinox-chr-clim.com\/index.php\/wp-json\/wp\/v2\/types\/product"}],"replies":[{"embeddable":true,"href":"https:\/\/abinox-chr-clim.com\/index.php\/wp-json\/wp\/v2\/comments?post=70053"}],"wp:featuredmedia":[{"embeddable":true,"href":"https:\/\/abinox-chr-clim.com\/index.php\/wp-json\/wp\/v2\/media\/102083"}],"wp:attachment":[{"href":"https:\/\/abinox-chr-clim.com\/index.php\/wp-json\/wp\/v2\/media?parent=70053"}],"wp:term":[{"taxonomy":"product_brand","embeddable":true,"href":"https:\/\/abinox-chr-clim.com\/index.php\/wp-json\/wp\/v2\/product_brand?post=70053"},{"taxonomy":"product_cat","embeddable":true,"href":"https:\/\/abinox-chr-clim.com\/index.php\/wp-json\/wp\/v2\/product_cat?post=70053"},{"taxonomy":"product_tag","embeddable":true,"href":"https:\/\/abinox-chr-clim.com\/index.php\/wp-json\/wp\/v2\/product_tag?post=70053"}],"curies":[{"name":"wp","href":"https:\/\/api.w.org\/{rel}","templated":true}]}}