{"id":70052,"date":"2024-03-22T18:42:24","date_gmt":"2024-03-22T17:42:24","guid":{"rendered":"https:\/\/abinox-chr-clim.com\/index.php\/product\/table-dangle-inox-vogue-700mm\/"},"modified":"2026-04-15T09:34:08","modified_gmt":"2026-04-15T07:34:08","slug":"table-dangle-inox-vogue-700mm","status":"publish","type":"product","link":"https:\/\/abinox-chr-clim.com\/index.php\/product\/table-dangle-inox-vogue-700mm\/","title":{"rendered":"Table d&rsquo;angle inox Vogue 700mm"},"content":{"rendered":"<p>Cette table d&rsquo;angle gain de place s&rsquo;installe parfaitement dans les coins afin d&rsquo;optimiser l&rsquo;utilisation de l&rsquo;espace disponible. La tablette inf\u00e9rieure en acier galvanis\u00e9 fournit un espace de rangement suppl\u00e9mentaire. Compatible avec les tables inox Vogues de 700mm de profondeur.<br \/>Permet d&rsquo;utiliser tout l&rsquo;espace disponible. Id\u00e9ale pour la pr\u00e9paration alimentaire. Etag\u00e8re basse pour un espace de rangement suppl\u00e9mentaire. R\u00e9f\u00e9rence soumise \u00e0 une Eco-participation mobilier de 1.31\u20ac par unit\u00e9 vendue. Colis plat, assemblage facile.Surface : 0.63m\u00b2. Support de charge jusqu&rsquo;\u00e0 200kg. Hauteur de la table 900mm. R\u00e9f\u00e9rence soumise \u00e0 une Eco-participation mobilier de 4,16\u20ac par unit\u00e9 vendue. Permet d&rsquo;utiliser tout l&rsquo;espace disponible.<\/p>\n<p>Caract\u00e9ristiques :<br \/> Dimensions : 960(H) x 900(L) x 700(P) mm.<br \/> Mati\u00e8re : Acier inoxydable 304.<br \/> Couleur : Acier inoxydable.<\/p>\n","protected":false},"excerpt":{"rendered":"<p>Table d&rsquo;angle inox Vogue 700mm<\/p>\n","protected":false},"featured_media":102082,"comment_status":"closed","ping_status":"closed","template":"","meta":[],"product_brand":[],"product_cat":[1146,1296,1159,1155],"product_tag":[],"class_list":{"0":"post-70052","1":"product","2":"type-product","3":"status-publish","4":"has-post-thumbnail","6":"product_cat-mobilier-de-cuisine-chariots-et-echelles","7":"product_cat-palettisable","8":"product_cat-tables-de-preparation","9":"product_cat-tables-et-plonges","11":"first","12":"instock","13":"featured","14":"taxable","15":"shipping-taxable","16":"purchasable","17":"product-type-simple"},"_links":{"self":[{"href":"https:\/\/abinox-chr-clim.com\/index.php\/wp-json\/wp\/v2\/product\/70052","targetHints":{"allow":["GET"]}}],"collection":[{"href":"https:\/\/abinox-chr-clim.com\/index.php\/wp-json\/wp\/v2\/product"}],"about":[{"href":"https:\/\/abinox-chr-clim.com\/index.php\/wp-json\/wp\/v2\/types\/product"}],"replies":[{"embeddable":true,"href":"https:\/\/abinox-chr-clim.com\/index.php\/wp-json\/wp\/v2\/comments?post=70052"}],"wp:featuredmedia":[{"embeddable":true,"href":"https:\/\/abinox-chr-clim.com\/index.php\/wp-json\/wp\/v2\/media\/102082"}],"wp:attachment":[{"href":"https:\/\/abinox-chr-clim.com\/index.php\/wp-json\/wp\/v2\/media?parent=70052"}],"wp:term":[{"taxonomy":"product_brand","embeddable":true,"href":"https:\/\/abinox-chr-clim.com\/index.php\/wp-json\/wp\/v2\/product_brand?post=70052"},{"taxonomy":"product_cat","embeddable":true,"href":"https:\/\/abinox-chr-clim.com\/index.php\/wp-json\/wp\/v2\/product_cat?post=70052"},{"taxonomy":"product_tag","embeddable":true,"href":"https:\/\/abinox-chr-clim.com\/index.php\/wp-json\/wp\/v2\/product_tag?post=70052"}],"curies":[{"name":"wp","href":"https:\/\/api.w.org\/{rel}","templated":true}]}}