{"id":70047,"date":"2024-03-22T18:42:22","date_gmt":"2024-03-22T17:42:22","guid":{"rendered":"https:\/\/abinox-chr-clim.com\/index.php\/product\/table-en-acier-inoxydable-avec-rebord-vogue-600-x-700mm\/"},"modified":"2026-04-15T09:26:05","modified_gmt":"2026-04-15T07:26:05","slug":"table-en-acier-inoxydable-avec-rebord-vogue-600-x-700mm","status":"publish","type":"product","link":"https:\/\/abinox-chr-clim.com\/index.php\/product\/table-en-acier-inoxydable-avec-rebord-vogue-600-x-700mm\/","title":{"rendered":"Table en acier inoxydable avec rebord Vogue 600 x 700mm"},"content":{"rendered":"<p>Tables de pr\u00e9paration robustes et r\u00e9sistantes en acier inoxydable 304 facile \u00e0 nettoyer. Tablette inf\u00e9rieure pratique pour un rangement suppl\u00e9mentaire dans la cuisine et dosseret de 60 mm pour minimiser les \u00e9claboussures murales et emp\u00eacher les objets de tomber \u00e0 l&rsquo;arri\u00e8re.<br \/>Epaisseur de l&rsquo;inox du plateau 1,2mm. Epaisseur du plateau : 60mm. Deux profondeurs disponibles, 600mm et 700mm. A monter soi-m\u00eame. R\u00e9f\u00e9rence soumise \u00e0 une Eco-participation mobilier de 0.79\u20ac par unit\u00e9 vendue. Charge maximum : 250 kg. Hauteur totale de la table : 900mm + rebord de 60mm. Surface : 0.42m\u00b2. 4 pieds r\u00e9glables. Epaisseur de mat\u00e9riau: 1.2mm. R\u00e9f\u00e9rence soumise \u00e0 une Eco-participation mobilier de 2,36\u20ac par unit\u00e9 vendue. Epaisseur de l&rsquo;inox du plateau 1,2mm. Epaisseur du plateau : 60mm.<\/p>\n<p>Caract\u00e9ristiques :<br \/> Dimensions : 900(H) x 600(L) x 700(P) mm.<br \/> Mati\u00e8re : Acier inoxydable 430<\/p>\n","protected":false},"excerpt":{"rendered":"<p>Table en acier inoxydable avec rebord Vogue 600 x 700mm<\/p>\n","protected":false},"featured_media":101891,"comment_status":"closed","ping_status":"closed","template":"","meta":[],"product_brand":[],"product_cat":[1146,1297,1159,1155],"product_tag":[],"class_list":{"0":"post-70047","1":"product","2":"type-product","3":"status-publish","4":"has-post-thumbnail","6":"product_cat-mobilier-de-cuisine-chariots-et-echelles","7":"product_cat-non-palettisable","8":"product_cat-tables-de-preparation","9":"product_cat-tables-et-plonges","10":"product_shipping_class-free-shipping","12":"first","13":"outofstock","14":"featured","15":"taxable","16":"shipping-taxable","17":"purchasable","18":"product-type-simple"},"_links":{"self":[{"href":"https:\/\/abinox-chr-clim.com\/index.php\/wp-json\/wp\/v2\/product\/70047","targetHints":{"allow":["GET"]}}],"collection":[{"href":"https:\/\/abinox-chr-clim.com\/index.php\/wp-json\/wp\/v2\/product"}],"about":[{"href":"https:\/\/abinox-chr-clim.com\/index.php\/wp-json\/wp\/v2\/types\/product"}],"replies":[{"embeddable":true,"href":"https:\/\/abinox-chr-clim.com\/index.php\/wp-json\/wp\/v2\/comments?post=70047"}],"wp:featuredmedia":[{"embeddable":true,"href":"https:\/\/abinox-chr-clim.com\/index.php\/wp-json\/wp\/v2\/media\/101891"}],"wp:attachment":[{"href":"https:\/\/abinox-chr-clim.com\/index.php\/wp-json\/wp\/v2\/media?parent=70047"}],"wp:term":[{"taxonomy":"product_brand","embeddable":true,"href":"https:\/\/abinox-chr-clim.com\/index.php\/wp-json\/wp\/v2\/product_brand?post=70047"},{"taxonomy":"product_cat","embeddable":true,"href":"https:\/\/abinox-chr-clim.com\/index.php\/wp-json\/wp\/v2\/product_cat?post=70047"},{"taxonomy":"product_tag","embeddable":true,"href":"https:\/\/abinox-chr-clim.com\/index.php\/wp-json\/wp\/v2\/product_tag?post=70047"}],"curies":[{"name":"wp","href":"https:\/\/api.w.org\/{rel}","templated":true}]}}