{"id":70045,"date":"2024-03-22T18:42:21","date_gmt":"2024-03-22T17:42:21","guid":{"rendered":"https:\/\/abinox-chr-clim.com\/index.php\/product\/table-en-acier-inoxydable-sans-rebord-vogue-1500-x-700mm\/"},"modified":"2026-04-15T09:26:05","modified_gmt":"2026-04-15T07:26:05","slug":"table-en-acier-inoxydable-sans-rebord-vogue-1500-x-700mm","status":"publish","type":"product","link":"https:\/\/abinox-chr-clim.com\/index.php\/product\/table-en-acier-inoxydable-sans-rebord-vogue-1500-x-700mm\/","title":{"rendered":"Table en acier inoxydable sans rebord Vogue 1500 x 700mm"},"content":{"rendered":"<p>Pratiques, hygi\u00e9niques et d&rsquo;un excellent rapport qualit\u00e9\/prix. Ces tables de haute qualit\u00e9 ont leur place dans toutes les cuisines. Hauteur r\u00e9glable. Tablette inf\u00e9rieure en acier galvanis\u00e9. Deux profondeurs disponibles (600mm et 700mm).<br \/>Table de 700mm tr\u00e8s profonde pour plus d&rsquo;espace. Etag\u00e8re de table Vogue 700x1500mm disponible sur demande &#8211; code CP838. Facile \u00e0 nettoyer. R\u00e9f\u00e9rence soumise \u00e0 une Eco-participation mobilier de 1.58\u20ac par unit\u00e9 vendue. Charge maximum : 450 kg. Etag\u00e8re r\u00e9glable en hauteur, fournie avec fixation. Epaisseur : 1,2mm &#8211; calibre 18. Surface : 1,05m\u00b2. 4 pieds. En inox durable. R\u00e9f\u00e9rence soumise \u00e0 une Eco-participation mobilier de 4,31\u20ac par unit\u00e9 vendue. Table de 700mm tr\u00e8s profonde pour plus d&rsquo;espace.<\/p>\n<p>Caract\u00e9ristiques :<br \/> Dimensions : 900(H) x 1500(L) x 700(P) mm.<br \/> Mati\u00e8re : Acier inoxydable 430<\/p>\n","protected":false},"excerpt":{"rendered":"<p>Table en acier inoxydable sans rebord Vogue 1500 x 700mm<\/p>\n","protected":false},"featured_media":101889,"comment_status":"closed","ping_status":"closed","template":"","meta":[],"product_brand":[],"product_cat":[1146,1297,1159,1155],"product_tag":[],"class_list":{"0":"post-70045","1":"product","2":"type-product","3":"status-publish","4":"has-post-thumbnail","6":"product_cat-mobilier-de-cuisine-chariots-et-echelles","7":"product_cat-non-palettisable","8":"product_cat-tables-de-preparation","9":"product_cat-tables-et-plonges","10":"product_shipping_class-free-shipping","12":"first","13":"instock","14":"featured","15":"taxable","16":"shipping-taxable","17":"purchasable","18":"product-type-simple"},"_links":{"self":[{"href":"https:\/\/abinox-chr-clim.com\/index.php\/wp-json\/wp\/v2\/product\/70045","targetHints":{"allow":["GET"]}}],"collection":[{"href":"https:\/\/abinox-chr-clim.com\/index.php\/wp-json\/wp\/v2\/product"}],"about":[{"href":"https:\/\/abinox-chr-clim.com\/index.php\/wp-json\/wp\/v2\/types\/product"}],"replies":[{"embeddable":true,"href":"https:\/\/abinox-chr-clim.com\/index.php\/wp-json\/wp\/v2\/comments?post=70045"}],"wp:featuredmedia":[{"embeddable":true,"href":"https:\/\/abinox-chr-clim.com\/index.php\/wp-json\/wp\/v2\/media\/101889"}],"wp:attachment":[{"href":"https:\/\/abinox-chr-clim.com\/index.php\/wp-json\/wp\/v2\/media?parent=70045"}],"wp:term":[{"taxonomy":"product_brand","embeddable":true,"href":"https:\/\/abinox-chr-clim.com\/index.php\/wp-json\/wp\/v2\/product_brand?post=70045"},{"taxonomy":"product_cat","embeddable":true,"href":"https:\/\/abinox-chr-clim.com\/index.php\/wp-json\/wp\/v2\/product_cat?post=70045"},{"taxonomy":"product_tag","embeddable":true,"href":"https:\/\/abinox-chr-clim.com\/index.php\/wp-json\/wp\/v2\/product_tag?post=70045"}],"curies":[{"name":"wp","href":"https:\/\/api.w.org\/{rel}","templated":true}]}}