{"id":70040,"date":"2024-03-22T18:42:19","date_gmt":"2024-03-22T17:42:19","guid":{"rendered":"https:\/\/abinox-chr-clim.com\/index.php\/product\/etagere-inferieure-pour-table-de-travail-pliante-inox-vogue-1220x610x780mm\/"},"modified":"2025-07-24T19:50:35","modified_gmt":"2025-07-24T17:50:35","slug":"etagere-inferieure-pour-table-de-travail-pliante-inox-vogue-1220x610x780mm","status":"publish","type":"product","link":"https:\/\/abinox-chr-clim.com\/index.php\/product\/etagere-inferieure-pour-table-de-travail-pliante-inox-vogue-1220x610x780mm\/","title":{"rendered":"Etag\u00e8re inf\u00e9rieure pour table de travail pliante inox Vogue 1220x610x780mm"},"content":{"rendered":"<p>Tables solides et pratiques lorsque vous avez besoin d&rsquo;avoir votre plan de travail avec vous. Portatives et faciles \u00e0 installer. Vous pouvez les laisser dans le camion, les utiliser dans votre cuisine ou m\u00eame les recouvrir et les utiliser comme une table de service suppl\u00e9mentaire. Fabrication en acier inoxydable de haute qualit\u00e9 avec finition polie.<br \/>Etag\u00e8re inf\u00e9rieure pour table de travail pliante inox 1220x610x780mm (FN288). Mat\u00e9riau : acier galvanis\u00e9. Finition acier bross\u00e9. R\u00e9f\u00e9rence soumise \u00e0 une Eco-participation mobilier de 0.28\u20ac par unit\u00e9 vendue. Simple \u00e0 utiliser &#8211; repose sur les pieds de la table pliante.  Peut \u00eatre utilis\u00e9 pour des \u00e9v\u00e9nements en plein air. Etag\u00e8re inf\u00e9rieure pour table de travail pliante inox 1220x610x780mm (FN288).<\/p>\n<p>Caract\u00e9ristiques :<br \/> Dimensions : 60(H) x 1220(L) x 420(P) mm.<br \/> Mati\u00e8re : Acier galvanis\u00e9.<br \/> Couleur : Argent.<\/p>\n","protected":false},"excerpt":{"rendered":"<p>Etag\u00e8re inf\u00e9rieure pour table de travail pliante inox Vogue 1220x610x780mm<\/p>\n","protected":false},"featured_media":100843,"comment_status":"closed","ping_status":"closed","template":"","meta":[],"product_brand":[],"product_cat":[1146,1297,1159,1155],"product_tag":[],"class_list":{"0":"post-70040","1":"product","2":"type-product","3":"status-publish","4":"has-post-thumbnail","6":"product_cat-mobilier-de-cuisine-chariots-et-echelles","7":"product_cat-non-palettisable","8":"product_cat-tables-de-preparation","9":"product_cat-tables-et-plonges","10":"product_shipping_class-free-shipping","12":"first","13":"instock","14":"featured","15":"taxable","16":"shipping-taxable","17":"purchasable","18":"product-type-simple"},"_links":{"self":[{"href":"https:\/\/abinox-chr-clim.com\/index.php\/wp-json\/wp\/v2\/product\/70040","targetHints":{"allow":["GET"]}}],"collection":[{"href":"https:\/\/abinox-chr-clim.com\/index.php\/wp-json\/wp\/v2\/product"}],"about":[{"href":"https:\/\/abinox-chr-clim.com\/index.php\/wp-json\/wp\/v2\/types\/product"}],"replies":[{"embeddable":true,"href":"https:\/\/abinox-chr-clim.com\/index.php\/wp-json\/wp\/v2\/comments?post=70040"}],"wp:featuredmedia":[{"embeddable":true,"href":"https:\/\/abinox-chr-clim.com\/index.php\/wp-json\/wp\/v2\/media\/100843"}],"wp:attachment":[{"href":"https:\/\/abinox-chr-clim.com\/index.php\/wp-json\/wp\/v2\/media?parent=70040"}],"wp:term":[{"taxonomy":"product_brand","embeddable":true,"href":"https:\/\/abinox-chr-clim.com\/index.php\/wp-json\/wp\/v2\/product_brand?post=70040"},{"taxonomy":"product_cat","embeddable":true,"href":"https:\/\/abinox-chr-clim.com\/index.php\/wp-json\/wp\/v2\/product_cat?post=70040"},{"taxonomy":"product_tag","embeddable":true,"href":"https:\/\/abinox-chr-clim.com\/index.php\/wp-json\/wp\/v2\/product_tag?post=70040"}],"curies":[{"name":"wp","href":"https:\/\/api.w.org\/{rel}","templated":true}]}}