{"id":70038,"date":"2024-03-22T18:42:18","date_gmt":"2024-03-22T17:42:18","guid":{"rendered":"https:\/\/abinox-chr-clim.com\/index.php\/product\/table-de-travail-pliante-inox-vogue-1220x610x780mm\/"},"modified":"2026-04-02T09:56:08","modified_gmt":"2026-04-02T07:56:08","slug":"table-de-travail-pliante-inox-vogue-1220x610x780mm","status":"publish","type":"product","link":"https:\/\/abinox-chr-clim.com\/index.php\/product\/table-de-travail-pliante-inox-vogue-1220x610x780mm\/","title":{"rendered":"Table de travail pliante inox Vogue 1220x610x780mm"},"content":{"rendered":"<p>Table solide, robuste et pratique pour un plan de travail toujours \u00e0 disposition. Transportable et facile \u00e0 mettre en place. A laisser dans le fourgon, ou \u00e0 utiliser dans votre cuisine, ou comme table de service suppl\u00e9mentaire. En acier inoxydable poli de haute qualit\u00e9.<br \/>Dimensions 1220 x 610 x 780mm. Mat\u00e9riau : inox 430. Finition inox bross\u00e9. R\u00e9f\u00e9rence soumise \u00e0 une Eco-participation mobilier de 0.62\u20ac par unit\u00e9 vendue. Emball\u00e9 \u00e0 plat pour un stockage et un assemblage faciles. Etag\u00e8re inf\u00e9rieure vendue s\u00e9par\u00e9ment &#8211; code FR173. Les patins emp\u00eachent les rayures au sol. Ne convient pas pour une utilisation avec des roulettes.Peut \u00eatre utilis\u00e9e pour les \u00e9v\u00e8nements en ext\u00e9rieur. Dimensions 1220 x 610 x 780mm.<\/p>\n<p>Caract\u00e9ristiques :<br \/> Dimensions : 780(H) x 1220(L) x 610(P) mm.<br \/> Mati\u00e8re : Inox.<br \/> Couleur : Argent.<\/p>\n","protected":false},"excerpt":{"rendered":"<p>Table de travail pliante inox Vogue 1220x610x780mm<\/p>\n","protected":false},"featured_media":100755,"comment_status":"closed","ping_status":"closed","template":"","meta":[],"product_brand":[],"product_cat":[1146,1297,1159,1155],"product_tag":[],"class_list":{"0":"post-70038","1":"product","2":"type-product","3":"status-publish","4":"has-post-thumbnail","6":"product_cat-mobilier-de-cuisine-chariots-et-echelles","7":"product_cat-non-palettisable","8":"product_cat-tables-de-preparation","9":"product_cat-tables-et-plonges","10":"product_shipping_class-free-shipping","12":"first","13":"instock","14":"featured","15":"taxable","16":"shipping-taxable","17":"purchasable","18":"product-type-simple"},"_links":{"self":[{"href":"https:\/\/abinox-chr-clim.com\/index.php\/wp-json\/wp\/v2\/product\/70038","targetHints":{"allow":["GET"]}}],"collection":[{"href":"https:\/\/abinox-chr-clim.com\/index.php\/wp-json\/wp\/v2\/product"}],"about":[{"href":"https:\/\/abinox-chr-clim.com\/index.php\/wp-json\/wp\/v2\/types\/product"}],"replies":[{"embeddable":true,"href":"https:\/\/abinox-chr-clim.com\/index.php\/wp-json\/wp\/v2\/comments?post=70038"}],"wp:featuredmedia":[{"embeddable":true,"href":"https:\/\/abinox-chr-clim.com\/index.php\/wp-json\/wp\/v2\/media\/100755"}],"wp:attachment":[{"href":"https:\/\/abinox-chr-clim.com\/index.php\/wp-json\/wp\/v2\/media?parent=70038"}],"wp:term":[{"taxonomy":"product_brand","embeddable":true,"href":"https:\/\/abinox-chr-clim.com\/index.php\/wp-json\/wp\/v2\/product_brand?post=70038"},{"taxonomy":"product_cat","embeddable":true,"href":"https:\/\/abinox-chr-clim.com\/index.php\/wp-json\/wp\/v2\/product_cat?post=70038"},{"taxonomy":"product_tag","embeddable":true,"href":"https:\/\/abinox-chr-clim.com\/index.php\/wp-json\/wp\/v2\/product_tag?post=70038"}],"curies":[{"name":"wp","href":"https:\/\/api.w.org\/{rel}","templated":true}]}}