{"id":70033,"date":"2024-03-22T18:42:15","date_gmt":"2024-03-22T17:42:15","guid":{"rendered":"https:\/\/abinox-chr-clim.com\/index.php\/product\/table-armoire-inox-avec-dosseret-3-tiroirs-a-gauche-et-portes-coulissantes-gastro-m-875x1200x700mm\/"},"modified":"2026-04-15T09:44:29","modified_gmt":"2026-04-15T07:44:29","slug":"table-armoire-inox-avec-dosseret-3-tiroirs-a-gauche-et-portes-coulissantes-gastro-m-875x1200x700mm","status":"publish","type":"product","link":"https:\/\/abinox-chr-clim.com\/index.php\/product\/table-armoire-inox-avec-dosseret-3-tiroirs-a-gauche-et-portes-coulissantes-gastro-m-875x1200x700mm\/","title":{"rendered":"Table armoire inox avec dosseret 3 tiroirs \u00e0 gauche et portes coulissantes Gastro M 875x1200x700mm"},"content":{"rendered":"<p>Tables armoires en acier inoxydable avec dosseret, trois tiroirs \u00e0 gauche et portes coulissantes. Pieds r\u00e9glables en hauteur de 875mm \u00e0 918mm.<br \/>Avec dosseret. 3 tiroirs \u00e0 gauche. Hauteur des pieds r\u00e9glable de 875 mm \u00e0 918 mm. R\u00e9f\u00e9rence soumise \u00e0 une Eco-participation mobilier de 0.34\u20ac par unit\u00e9 vendue. La capacit\u00e9 de charge des plans de travail est de 80 kg par m\u00e8tre lin\u00e9aire, r\u00e9partis uniform\u00e9ment.  Avec dosseret.<\/p>\n<p>Caract\u00e9ristiques :<br \/> Dimensions : 875(H) x 1200(L) x 700(P) mm.<br \/> Mati\u00e8re : Inox 430<\/p>\n","protected":false},"excerpt":{"rendered":"<p>Table armoire inox avec dosseret 3 tiroirs \u00e0 gauche et portes coulissantes Gastro M 875x1200x700mm<\/p>\n","protected":false},"featured_media":103116,"comment_status":"closed","ping_status":"closed","template":"","meta":[],"product_brand":[],"product_cat":[1146,1296,1159,1155],"product_tag":[],"class_list":{"0":"post-70033","1":"product","2":"type-product","3":"status-publish","4":"has-post-thumbnail","6":"product_cat-mobilier-de-cuisine-chariots-et-echelles","7":"product_cat-palettisable","8":"product_cat-tables-de-preparation","9":"product_cat-tables-et-plonges","11":"first","12":"instock","13":"featured","14":"taxable","15":"shipping-taxable","16":"purchasable","17":"product-type-simple"},"_links":{"self":[{"href":"https:\/\/abinox-chr-clim.com\/index.php\/wp-json\/wp\/v2\/product\/70033","targetHints":{"allow":["GET"]}}],"collection":[{"href":"https:\/\/abinox-chr-clim.com\/index.php\/wp-json\/wp\/v2\/product"}],"about":[{"href":"https:\/\/abinox-chr-clim.com\/index.php\/wp-json\/wp\/v2\/types\/product"}],"replies":[{"embeddable":true,"href":"https:\/\/abinox-chr-clim.com\/index.php\/wp-json\/wp\/v2\/comments?post=70033"}],"wp:featuredmedia":[{"embeddable":true,"href":"https:\/\/abinox-chr-clim.com\/index.php\/wp-json\/wp\/v2\/media\/103116"}],"wp:attachment":[{"href":"https:\/\/abinox-chr-clim.com\/index.php\/wp-json\/wp\/v2\/media?parent=70033"}],"wp:term":[{"taxonomy":"product_brand","embeddable":true,"href":"https:\/\/abinox-chr-clim.com\/index.php\/wp-json\/wp\/v2\/product_brand?post=70033"},{"taxonomy":"product_cat","embeddable":true,"href":"https:\/\/abinox-chr-clim.com\/index.php\/wp-json\/wp\/v2\/product_cat?post=70033"},{"taxonomy":"product_tag","embeddable":true,"href":"https:\/\/abinox-chr-clim.com\/index.php\/wp-json\/wp\/v2\/product_tag?post=70033"}],"curies":[{"name":"wp","href":"https:\/\/api.w.org\/{rel}","templated":true}]}}