{"id":70027,"date":"2024-03-22T18:42:12","date_gmt":"2024-03-22T17:42:12","guid":{"rendered":"https:\/\/abinox-chr-clim.com\/index.php\/product\/table-murale-en-acier-inoxydable-holmes-avec-dosseret-1200-mm\/"},"modified":"2026-04-15T10:16:59","modified_gmt":"2026-04-15T08:16:59","slug":"table-murale-en-acier-inoxydable-holmes-avec-dosseret-1200-mm","status":"publish","type":"product","link":"https:\/\/abinox-chr-clim.com\/index.php\/product\/table-murale-en-acier-inoxydable-holmes-avec-dosseret-1200-mm\/","title":{"rendered":"Table murale en acier inoxydable Holmes avec dosseret 1200 mm"},"content":{"rendered":"<p>En inox 304 durable et robuste. Id\u00e9ale pour r\u00e9pondre aux exigences d&rsquo;une cuisine professionnelle. Hygi\u00e9nique et facile \u00e0 nettoyer avec un dosseret pour prot\u00e9ger contre les \u00e9claboussures.<br \/>Livr\u00e9e enti\u00e8rement assembl\u00e9 pour une installation rapide. Hygi\u00e9nique et facile \u00e0 nettoyer. Plan de travail en acier inoxydable 304. R\u00e9f\u00e9rence soumise \u00e0 une Eco-participation mobilier de 0.56\u20ac par unit\u00e9 vendue. Fabriqu\u00e9e au Royaume-Uni. Dosseret 50 x 15 mm. Livr\u00e9e avec \u00e9tag\u00e8re inf\u00e9rieure fixe. Mat\u00e9riau de l&rsquo;\u00e9tag\u00e8re inf\u00e9rieure : acier inoxydable 430. Pieds r\u00e9glables en m\u00e9tal inclus. \u00c9paisseur d&rsquo;acier de 1,2 mm. Livr\u00e9e enti\u00e8rement assembl\u00e9 pour une installation rapide.<\/p>\n<p>Caract\u00e9ristiques :<br \/> Dimensions : 900(H) x 1200(L) x 600(P) mm.<br \/> Mati\u00e8re : Inox 304.<br \/> Couleur : Argent.<\/p>\n","protected":false},"excerpt":{"rendered":"<p>Table murale en acier inoxydable Holmes avec dosseret 1200 mm<\/p>\n","protected":false},"featured_media":104913,"comment_status":"closed","ping_status":"closed","template":"","meta":[],"product_brand":[],"product_cat":[1146,1296,1159,1155],"product_tag":[],"class_list":{"0":"post-70027","1":"product","2":"type-product","3":"status-publish","4":"has-post-thumbnail","6":"product_cat-mobilier-de-cuisine-chariots-et-echelles","7":"product_cat-palettisable","8":"product_cat-tables-de-preparation","9":"product_cat-tables-et-plonges","11":"first","12":"outofstock","13":"featured","14":"taxable","15":"shipping-taxable","16":"purchasable","17":"product-type-simple"},"_links":{"self":[{"href":"https:\/\/abinox-chr-clim.com\/index.php\/wp-json\/wp\/v2\/product\/70027","targetHints":{"allow":["GET"]}}],"collection":[{"href":"https:\/\/abinox-chr-clim.com\/index.php\/wp-json\/wp\/v2\/product"}],"about":[{"href":"https:\/\/abinox-chr-clim.com\/index.php\/wp-json\/wp\/v2\/types\/product"}],"replies":[{"embeddable":true,"href":"https:\/\/abinox-chr-clim.com\/index.php\/wp-json\/wp\/v2\/comments?post=70027"}],"wp:featuredmedia":[{"embeddable":true,"href":"https:\/\/abinox-chr-clim.com\/index.php\/wp-json\/wp\/v2\/media\/104913"}],"wp:attachment":[{"href":"https:\/\/abinox-chr-clim.com\/index.php\/wp-json\/wp\/v2\/media?parent=70027"}],"wp:term":[{"taxonomy":"product_brand","embeddable":true,"href":"https:\/\/abinox-chr-clim.com\/index.php\/wp-json\/wp\/v2\/product_brand?post=70027"},{"taxonomy":"product_cat","embeddable":true,"href":"https:\/\/abinox-chr-clim.com\/index.php\/wp-json\/wp\/v2\/product_cat?post=70027"},{"taxonomy":"product_tag","embeddable":true,"href":"https:\/\/abinox-chr-clim.com\/index.php\/wp-json\/wp\/v2\/product_tag?post=70027"}],"curies":[{"name":"wp","href":"https:\/\/api.w.org\/{rel}","templated":true}]}}