{"id":70026,"date":"2024-03-22T18:42:12","date_gmt":"2024-03-22T17:42:12","guid":{"rendered":"https:\/\/abinox-chr-clim.com\/index.php\/product\/table-murale-inox-entierement-soudee-avec-2-etageres-inferieures-parry-1800x600mm\/"},"modified":"2026-04-15T10:14:52","modified_gmt":"2026-04-15T08:14:52","slug":"table-murale-inox-entierement-soudee-avec-2-etageres-inferieures-parry-1800x600mm","status":"publish","type":"product","link":"https:\/\/abinox-chr-clim.com\/index.php\/product\/table-murale-inox-entierement-soudee-avec-2-etageres-inferieures-parry-1800x600mm\/","title":{"rendered":"Table murale inox enti\u00e8rement soud\u00e9e avec 2 \u00e9tag\u00e8res inf\u00e9rieures Parry 1800x600mm"},"content":{"rendered":"<p>Table de travail en inox; mod\u00e8le avec deux \u00e9tag\u00e8res inf\u00e9rieures en inox 430 \u00e9galement disponible. Plan de travail de 50 mm d&rsquo;\u00e9paisseur avec inox 304 de 1,2 mm. Pieds solides de 30 mm. Comprend un dosseret de 50 mm. Livr\u00e9e soud\u00e9e.<br \/>Le plan de travail est en acier inoxydable 304 et les \u00e9tag\u00e8res inf\u00e9rieures en acier inoxydable 430. Ch\u00e2ssis soud\u00e9. Deux \u00e9tag\u00e8res inf\u00e9rieures. R\u00e9f\u00e9rence soumise \u00e0 une Eco-participation mobilier de 1.52\u20ac par unit\u00e9 vendue. Pieds de 30 mm. Livr\u00e9e enti\u00e8rement assembl\u00e9e pour une installation rapide. Comprend un dosseret de 50 mm. Le plan de travail a une \u00e9paisseur de 50 mm avec 1,2 mm d&rsquo;acier inoxydable.Avec dosseret. Le plan de travail est en acier inoxydable 304 et les \u00e9tag\u00e8res inf\u00e9rieures en acier inoxydable 430.<\/p>\n<p>Caract\u00e9ristiques :<br \/> Dimensions : 900(H) x 1800(L) x 600(P) mm.<br \/> Mati\u00e8re : Inox 304.<br \/> Couleur : Acier inoxydable.<\/p>\n","protected":false},"excerpt":{"rendered":"<p>Table murale inox enti\u00e8rement soud\u00e9e avec 2 \u00e9tag\u00e8res inf\u00e9rieures Parry 1800x600mm<\/p>\n","protected":false},"featured_media":102547,"comment_status":"closed","ping_status":"closed","template":"","meta":[],"product_brand":[],"product_cat":[1146,1296,1159,1155],"product_tag":[],"class_list":{"0":"post-70026","1":"product","2":"type-product","3":"status-publish","4":"has-post-thumbnail","6":"product_cat-mobilier-de-cuisine-chariots-et-echelles","7":"product_cat-palettisable","8":"product_cat-tables-de-preparation","9":"product_cat-tables-et-plonges","11":"first","12":"outofstock","13":"featured","14":"taxable","15":"shipping-taxable","16":"purchasable","17":"product-type-simple"},"_links":{"self":[{"href":"https:\/\/abinox-chr-clim.com\/index.php\/wp-json\/wp\/v2\/product\/70026","targetHints":{"allow":["GET"]}}],"collection":[{"href":"https:\/\/abinox-chr-clim.com\/index.php\/wp-json\/wp\/v2\/product"}],"about":[{"href":"https:\/\/abinox-chr-clim.com\/index.php\/wp-json\/wp\/v2\/types\/product"}],"replies":[{"embeddable":true,"href":"https:\/\/abinox-chr-clim.com\/index.php\/wp-json\/wp\/v2\/comments?post=70026"}],"wp:featuredmedia":[{"embeddable":true,"href":"https:\/\/abinox-chr-clim.com\/index.php\/wp-json\/wp\/v2\/media\/102547"}],"wp:attachment":[{"href":"https:\/\/abinox-chr-clim.com\/index.php\/wp-json\/wp\/v2\/media?parent=70026"}],"wp:term":[{"taxonomy":"product_brand","embeddable":true,"href":"https:\/\/abinox-chr-clim.com\/index.php\/wp-json\/wp\/v2\/product_brand?post=70026"},{"taxonomy":"product_cat","embeddable":true,"href":"https:\/\/abinox-chr-clim.com\/index.php\/wp-json\/wp\/v2\/product_cat?post=70026"},{"taxonomy":"product_tag","embeddable":true,"href":"https:\/\/abinox-chr-clim.com\/index.php\/wp-json\/wp\/v2\/product_tag?post=70026"}],"curies":[{"name":"wp","href":"https:\/\/api.w.org\/{rel}","templated":true}]}}