{"id":70022,"date":"2024-03-22T18:42:07","date_gmt":"2024-03-22T17:42:07","guid":{"rendered":"https:\/\/abinox-chr-clim.com\/index.php\/product\/table-de-preparation-inox-avec-dosseret-tournus-1200mm-2\/"},"modified":"2026-04-14T10:34:12","modified_gmt":"2026-04-14T08:34:12","slug":"table-de-preparation-inox-avec-dosseret-tournus-1200mm-2","status":"publish","type":"product","link":"https:\/\/abinox-chr-clim.com\/index.php\/product\/table-de-preparation-inox-avec-dosseret-tournus-1200mm-2\/","title":{"rendered":"Table de pr\u00e9paration inox avec dosseret Tournus 1200mm"},"content":{"rendered":"<p>Hauteur 900mm. Inox certifi\u00e9 hygi\u00e8ne alimentaire 1,2mm. Bords droits hauteur 40 mm, contour aplati. Hauteur r\u00e9glable +\/- 30mm. Fabriqu\u00e9 en France. Dosseret 100mm. Emball\u00e9 \u00e0 plat et facile \u00e0 assembler (embo\u00eetement par pression).<br \/>Dimensions 900(H) x 1200(L) x 700(P)mm. Renforc\u00e9 avec cadre profil\u00e9. Grande stabilit\u00e9. R\u00e9f\u00e9rence soumise \u00e0 une Eco-participation mobilier de 0.1\u20ac par unit\u00e9 vendue. Fabriqu\u00e9 en France. Hauteur r\u00e9glable +\/- 30mm. Bords droits hauteur 40 mm, contour aplati.Avec dosseret 100mm. Emball\u00e9 \u00e0 plat et facile \u00e0 assembler (embo\u00eetement autobloquant par pression). Inox certifi\u00e9 hygi\u00e8ne alimentaire 1,2mm. Dimensions 900(H) x 1200(L) x 700(P)mm.<\/p>\n<p>Caract\u00e9ristiques :<br \/> Dimensions : 900(H) x 40(L) x 700(P) mm.<br \/> Mati\u00e8re : Inox.<br \/> Couleur : Acier inoxydable.<\/p>\n","protected":false},"excerpt":{"rendered":"<p>Table de pr\u00e9paration inox avec dosseret Tournus 1200mm<\/p>\n","protected":false},"featured_media":88827,"comment_status":"closed","ping_status":"closed","template":"","meta":[],"product_brand":[],"product_cat":[1146,1296,1159,1155],"product_tag":[],"class_list":{"0":"post-70022","1":"product","2":"type-product","3":"status-publish","4":"has-post-thumbnail","6":"product_cat-mobilier-de-cuisine-chariots-et-echelles","7":"product_cat-palettisable","8":"product_cat-tables-de-preparation","9":"product_cat-tables-et-plonges","11":"first","12":"instock","13":"featured","14":"taxable","15":"shipping-taxable","16":"purchasable","17":"product-type-simple"},"_links":{"self":[{"href":"https:\/\/abinox-chr-clim.com\/index.php\/wp-json\/wp\/v2\/product\/70022","targetHints":{"allow":["GET"]}}],"collection":[{"href":"https:\/\/abinox-chr-clim.com\/index.php\/wp-json\/wp\/v2\/product"}],"about":[{"href":"https:\/\/abinox-chr-clim.com\/index.php\/wp-json\/wp\/v2\/types\/product"}],"replies":[{"embeddable":true,"href":"https:\/\/abinox-chr-clim.com\/index.php\/wp-json\/wp\/v2\/comments?post=70022"}],"wp:featuredmedia":[{"embeddable":true,"href":"https:\/\/abinox-chr-clim.com\/index.php\/wp-json\/wp\/v2\/media\/88827"}],"wp:attachment":[{"href":"https:\/\/abinox-chr-clim.com\/index.php\/wp-json\/wp\/v2\/media?parent=70022"}],"wp:term":[{"taxonomy":"product_brand","embeddable":true,"href":"https:\/\/abinox-chr-clim.com\/index.php\/wp-json\/wp\/v2\/product_brand?post=70022"},{"taxonomy":"product_cat","embeddable":true,"href":"https:\/\/abinox-chr-clim.com\/index.php\/wp-json\/wp\/v2\/product_cat?post=70022"},{"taxonomy":"product_tag","embeddable":true,"href":"https:\/\/abinox-chr-clim.com\/index.php\/wp-json\/wp\/v2\/product_tag?post=70022"}],"curies":[{"name":"wp","href":"https:\/\/api.w.org\/{rel}","templated":true}]}}