{"id":70017,"date":"2024-03-22T18:42:05","date_gmt":"2024-03-22T17:42:05","guid":{"rendered":"https:\/\/abinox-chr-clim.com\/index.php\/product\/table-inox-tournus-1200mm\/"},"modified":"2026-04-02T09:59:55","modified_gmt":"2026-04-02T07:59:55","slug":"table-inox-tournus-1200mm","status":"publish","type":"product","link":"https:\/\/abinox-chr-clim.com\/index.php\/product\/table-inox-tournus-1200mm\/","title":{"rendered":"Table inox Tournus 1200mm"},"content":{"rendered":"<p>Hauteur 900mm. Inox certifi\u00e9 hygi\u00e8ne alimentaire 1,2mm. Bords droits hauteur 40 mm, contour aplati. Hauteur r\u00e9glable +\/- 30mm. Fabriqu\u00e9 en France. Emball\u00e9 \u00e0 plat et facile \u00e0 assembler (embo\u00eetement par pression).<br \/>Dimensions 900(H) x 1200(L) x 700(P)mm. Renforc\u00e9 avec cadre profil\u00e9. Grande stabilit\u00e9. Inox certifi\u00e9 hygi\u00e8ne alimentaire 1,2mm. Fabriqu\u00e9 en France. Hauteur r\u00e9glable +\/- 30mm. Bords droits hauteur 40 mm, contour aplati.Emball\u00e9 \u00e0 plat et facile \u00e0 assembler (embo\u00eetement par pression).Dimensions 900(H) x 1200(L) x 700(P)mm.<\/p>\n<p>Caract\u00e9ristiques :<br \/> Dimensions : 900(H) x 40(L) x 700(P) mm.<br \/> Mati\u00e8re : Inox.<br \/> Couleur : Acier inoxydable.<\/p>\n","protected":false},"excerpt":{"rendered":"<p>Table inox Tournus 1200mm<\/p>\n","protected":false},"featured_media":88833,"comment_status":"closed","ping_status":"closed","template":"","meta":[],"product_brand":[],"product_cat":[1146,1297,1159,1155],"product_tag":[],"class_list":{"0":"post-70017","1":"product","2":"type-product","3":"status-publish","4":"has-post-thumbnail","6":"product_cat-mobilier-de-cuisine-chariots-et-echelles","7":"product_cat-non-palettisable","8":"product_cat-tables-de-preparation","9":"product_cat-tables-et-plonges","10":"product_shipping_class-free-shipping","12":"first","13":"instock","14":"featured","15":"taxable","16":"shipping-taxable","17":"purchasable","18":"product-type-simple"},"_links":{"self":[{"href":"https:\/\/abinox-chr-clim.com\/index.php\/wp-json\/wp\/v2\/product\/70017","targetHints":{"allow":["GET"]}}],"collection":[{"href":"https:\/\/abinox-chr-clim.com\/index.php\/wp-json\/wp\/v2\/product"}],"about":[{"href":"https:\/\/abinox-chr-clim.com\/index.php\/wp-json\/wp\/v2\/types\/product"}],"replies":[{"embeddable":true,"href":"https:\/\/abinox-chr-clim.com\/index.php\/wp-json\/wp\/v2\/comments?post=70017"}],"wp:featuredmedia":[{"embeddable":true,"href":"https:\/\/abinox-chr-clim.com\/index.php\/wp-json\/wp\/v2\/media\/88833"}],"wp:attachment":[{"href":"https:\/\/abinox-chr-clim.com\/index.php\/wp-json\/wp\/v2\/media?parent=70017"}],"wp:term":[{"taxonomy":"product_brand","embeddable":true,"href":"https:\/\/abinox-chr-clim.com\/index.php\/wp-json\/wp\/v2\/product_brand?post=70017"},{"taxonomy":"product_cat","embeddable":true,"href":"https:\/\/abinox-chr-clim.com\/index.php\/wp-json\/wp\/v2\/product_cat?post=70017"},{"taxonomy":"product_tag","embeddable":true,"href":"https:\/\/abinox-chr-clim.com\/index.php\/wp-json\/wp\/v2\/product_tag?post=70017"}],"curies":[{"name":"wp","href":"https:\/\/api.w.org\/{rel}","templated":true}]}}