{"id":70014,"date":"2024-03-22T18:42:04","date_gmt":"2024-03-22T17:42:04","guid":{"rendered":"https:\/\/abinox-chr-clim.com\/index.php\/product\/table-de-decoupe-inox-vogue-500mm\/"},"modified":"2026-04-02T08:35:27","modified_gmt":"2026-04-02T06:35:27","slug":"table-de-decoupe-inox-vogue-500mm","status":"publish","type":"product","link":"https:\/\/abinox-chr-clim.com\/index.php\/product\/table-de-decoupe-inox-vogue-500mm\/","title":{"rendered":"Table de d\u00e9coupe inox Vogue 500mm"},"content":{"rendered":"<p>Billot int\u00e9gr\u00e9 avec une plaque de d\u00e9coupe r\u00e9versible haute densit\u00e9 de 35mm d&rsquo;\u00e9paisseur. Le billot est amovible pour le nettoyage.<br \/>Planche \u00e0 d\u00e9couper r\u00e9versible en poly\u00e9thyl\u00e8ne haute densit\u00e9 25mm. Inox et \u00e9tag\u00e8re inf\u00e9rieure galvanis\u00e9e. Finition polie. R\u00e9f\u00e9rence soumise \u00e0 une Eco-participation mobilier de 0.77\u20ac par unit\u00e9 vendue. Pieds r\u00e9glables. Facile \u00e0 nettoyer. 4 pieds. R\u00e9f\u00e9rence soumise \u00e0 une Eco-participation mobilier de 2,34\u20ac par unit\u00e9 vendue. Emballage plat, assemblage facile.\u00c9paisseur : 1,2 mm &#8211; calibre 18. R\u00e9f\u00e9rence soumise \u00e0 une Eco-participation mobilier de 2,34\u20ac par unit\u00e9 vendue. Planche \u00e0 d\u00e9couper r\u00e9versible en poly\u00e9thyl\u00e8ne haute densit\u00e9 25mm.<\/p>\n<p>Caract\u00e9ristiques :<br \/> Dimensions : 900(H) x 500(L) x 500(P) mm.<br \/> Mati\u00e8re : Inox 304<\/p>\n","protected":false},"excerpt":{"rendered":"<p>Table de d\u00e9coupe inox Vogue 500mm<\/p>\n","protected":false},"featured_media":82993,"comment_status":"closed","ping_status":"closed","template":"","meta":[],"product_brand":[],"product_cat":[1146,1297,1159,1155],"product_tag":[],"class_list":{"0":"post-70014","1":"product","2":"type-product","3":"status-publish","4":"has-post-thumbnail","6":"product_cat-mobilier-de-cuisine-chariots-et-echelles","7":"product_cat-non-palettisable","8":"product_cat-tables-de-preparation","9":"product_cat-tables-et-plonges","10":"product_shipping_class-free-shipping","12":"first","13":"instock","14":"featured","15":"taxable","16":"shipping-taxable","17":"purchasable","18":"product-type-simple"},"_links":{"self":[{"href":"https:\/\/abinox-chr-clim.com\/index.php\/wp-json\/wp\/v2\/product\/70014","targetHints":{"allow":["GET"]}}],"collection":[{"href":"https:\/\/abinox-chr-clim.com\/index.php\/wp-json\/wp\/v2\/product"}],"about":[{"href":"https:\/\/abinox-chr-clim.com\/index.php\/wp-json\/wp\/v2\/types\/product"}],"replies":[{"embeddable":true,"href":"https:\/\/abinox-chr-clim.com\/index.php\/wp-json\/wp\/v2\/comments?post=70014"}],"wp:featuredmedia":[{"embeddable":true,"href":"https:\/\/abinox-chr-clim.com\/index.php\/wp-json\/wp\/v2\/media\/82993"}],"wp:attachment":[{"href":"https:\/\/abinox-chr-clim.com\/index.php\/wp-json\/wp\/v2\/media?parent=70014"}],"wp:term":[{"taxonomy":"product_brand","embeddable":true,"href":"https:\/\/abinox-chr-clim.com\/index.php\/wp-json\/wp\/v2\/product_brand?post=70014"},{"taxonomy":"product_cat","embeddable":true,"href":"https:\/\/abinox-chr-clim.com\/index.php\/wp-json\/wp\/v2\/product_cat?post=70014"},{"taxonomy":"product_tag","embeddable":true,"href":"https:\/\/abinox-chr-clim.com\/index.php\/wp-json\/wp\/v2\/product_tag?post=70014"}],"curies":[{"name":"wp","href":"https:\/\/api.w.org\/{rel}","templated":true}]}}