{"id":70013,"date":"2024-03-22T18:42:04","date_gmt":"2024-03-22T17:42:04","guid":{"rendered":"https:\/\/abinox-chr-clim.com\/index.php\/product\/table-inox-avec-2-etageres-superieures-vogue-1800mm\/"},"modified":"2026-04-11T08:27:51","modified_gmt":"2026-04-11T06:27:51","slug":"table-inox-avec-2-etageres-superieures-vogue-1800mm","status":"publish","type":"product","link":"https:\/\/abinox-chr-clim.com\/index.php\/product\/table-inox-avec-2-etageres-superieures-vogue-1800mm\/","title":{"rendered":"Table inox avec 2 \u00e9tag\u00e8res sup\u00e9rieures Vogue 1800mm"},"content":{"rendered":"<p>En acier inoxydable poli de haute qualit\u00e9 avec deux \u00e9tag\u00e8res sup\u00e9rieures de 300mm de profondeur pour un espace de rangement optimal au-dessus du plan de travail et une \u00e9tag\u00e8re basse en acier galvanis\u00e9. Fourni en kit pour un assemblage facile.<br \/>Mat\u00e9riau : acier inoxydable 430. Finition &#8211; ext\u00e9rieur en acier inoxydable poli. Construction solide en acier inoxydable avec sous-tablette galvanis\u00e9e. R\u00e9f\u00e9rence soumise \u00e0 une Eco-participation mobilier de 2.36\u20ac par unit\u00e9 vendue. \u00c9paisseur du mat\u00e9riau : 1,2 mm &#8211; calibre 18. Livr\u00e9 emball\u00e9 \u00e0 plat avec des instructions de montage facile. Surfaces polies hygi\u00e9niques et faciles \u00e0 nettoyer. Deux \u00e9tag\u00e8res de portique (300 mm d&rsquo;\u00e9paisseur chacune). R\u00e9f\u00e9rence soumise \u00e0 une Eco-participation mobilier de 8,19\u20ac par unit\u00e9 vendue. Pieds r\u00e9glables pour un positionnement facile et stable. Mat\u00e9riau : acier inoxydable 430.<\/p>\n<p>Caract\u00e9ristiques :<br \/> Dimensions : 1500(H) x 1800(L) x 600(P) mm.<br \/> Mati\u00e8re : Inox 430<\/p>\n","protected":false},"excerpt":{"rendered":"<p>Table inox avec 2 \u00e9tag\u00e8res sup\u00e9rieures Vogue 1800mm<\/p>\n","protected":false},"featured_media":81002,"comment_status":"closed","ping_status":"closed","template":"","meta":[],"product_brand":[],"product_cat":[1146,1296,1159,1155],"product_tag":[],"class_list":{"0":"post-70013","1":"product","2":"type-product","3":"status-publish","4":"has-post-thumbnail","6":"product_cat-mobilier-de-cuisine-chariots-et-echelles","7":"product_cat-palettisable","8":"product_cat-tables-de-preparation","9":"product_cat-tables-et-plonges","11":"first","12":"instock","13":"featured","14":"taxable","15":"shipping-taxable","16":"purchasable","17":"product-type-simple"},"_links":{"self":[{"href":"https:\/\/abinox-chr-clim.com\/index.php\/wp-json\/wp\/v2\/product\/70013","targetHints":{"allow":["GET"]}}],"collection":[{"href":"https:\/\/abinox-chr-clim.com\/index.php\/wp-json\/wp\/v2\/product"}],"about":[{"href":"https:\/\/abinox-chr-clim.com\/index.php\/wp-json\/wp\/v2\/types\/product"}],"replies":[{"embeddable":true,"href":"https:\/\/abinox-chr-clim.com\/index.php\/wp-json\/wp\/v2\/comments?post=70013"}],"wp:featuredmedia":[{"embeddable":true,"href":"https:\/\/abinox-chr-clim.com\/index.php\/wp-json\/wp\/v2\/media\/81002"}],"wp:attachment":[{"href":"https:\/\/abinox-chr-clim.com\/index.php\/wp-json\/wp\/v2\/media?parent=70013"}],"wp:term":[{"taxonomy":"product_brand","embeddable":true,"href":"https:\/\/abinox-chr-clim.com\/index.php\/wp-json\/wp\/v2\/product_brand?post=70013"},{"taxonomy":"product_cat","embeddable":true,"href":"https:\/\/abinox-chr-clim.com\/index.php\/wp-json\/wp\/v2\/product_cat?post=70013"},{"taxonomy":"product_tag","embeddable":true,"href":"https:\/\/abinox-chr-clim.com\/index.php\/wp-json\/wp\/v2\/product_tag?post=70013"}],"curies":[{"name":"wp","href":"https:\/\/api.w.org\/{rel}","templated":true}]}}