{"id":70011,"date":"2024-03-22T18:42:03","date_gmt":"2024-03-22T17:42:03","guid":{"rendered":"https:\/\/abinox-chr-clim.com\/index.php\/product\/table-de-decoupe-inox-vogue-900mm\/"},"modified":"2026-04-11T08:27:14","modified_gmt":"2026-04-11T06:27:14","slug":"table-de-decoupe-inox-vogue-900mm","status":"publish","type":"product","link":"https:\/\/abinox-chr-clim.com\/index.php\/product\/table-de-decoupe-inox-vogue-900mm\/","title":{"rendered":"Table de d\u00e9coupe inox Vogue 900mm"},"content":{"rendered":"<p>Planche \u00e0 d\u00e9couper int\u00e9gr\u00e9e et \u00e9tag\u00e8re inf\u00e9rieure pour le rangement. La planche \u00e0 d\u00e9couper haute densit\u00e9 r\u00e9versible de 25mm d&rsquo;\u00e9paisseur est amovible pour le nettoyage.<br \/>Planche \u00e0 d\u00e9couper r\u00e9versible en poly\u00e9thyl\u00e8ne haute densit\u00e9 25mm. Inox et \u00e9tag\u00e8re inf\u00e9rieure galvanis\u00e9e. Finition polie. R\u00e9f\u00e9rence soumise \u00e0 une Eco-participation mobilier de 1.28\u20ac par unit\u00e9 vendue. Pieds r\u00e9glables. Facile \u00e0 nettoyer. 4 pieds. R\u00e9f\u00e9rence soumise \u00e0 une Eco-participation mobilier de 4,27\u20ac par unit\u00e9 vendue.Emballage plat, assemblage facile.Planche \u00e0 d\u00e9couper r\u00e9versible en poly\u00e9thyl\u00e8ne haute densit\u00e9 25mm.<\/p>\n<p>Caract\u00e9ristiques :<br \/> Dimensions : 900(H) x 900(L) x 600(P) mm.<br \/> Mati\u00e8re : Inox 304<\/p>\n","protected":false},"excerpt":{"rendered":"<p>Table de d\u00e9coupe inox Vogue 900mm<\/p>\n","protected":false},"featured_media":80628,"comment_status":"closed","ping_status":"closed","template":"","meta":[],"product_brand":[],"product_cat":[1146,1297,1159,1155],"product_tag":[],"class_list":{"0":"post-70011","1":"product","2":"type-product","3":"status-publish","4":"has-post-thumbnail","6":"product_cat-mobilier-de-cuisine-chariots-et-echelles","7":"product_cat-non-palettisable","8":"product_cat-tables-de-preparation","9":"product_cat-tables-et-plonges","10":"product_shipping_class-free-shipping","12":"first","13":"instock","14":"featured","15":"taxable","16":"shipping-taxable","17":"purchasable","18":"product-type-simple"},"_links":{"self":[{"href":"https:\/\/abinox-chr-clim.com\/index.php\/wp-json\/wp\/v2\/product\/70011","targetHints":{"allow":["GET"]}}],"collection":[{"href":"https:\/\/abinox-chr-clim.com\/index.php\/wp-json\/wp\/v2\/product"}],"about":[{"href":"https:\/\/abinox-chr-clim.com\/index.php\/wp-json\/wp\/v2\/types\/product"}],"replies":[{"embeddable":true,"href":"https:\/\/abinox-chr-clim.com\/index.php\/wp-json\/wp\/v2\/comments?post=70011"}],"wp:featuredmedia":[{"embeddable":true,"href":"https:\/\/abinox-chr-clim.com\/index.php\/wp-json\/wp\/v2\/media\/80628"}],"wp:attachment":[{"href":"https:\/\/abinox-chr-clim.com\/index.php\/wp-json\/wp\/v2\/media?parent=70011"}],"wp:term":[{"taxonomy":"product_brand","embeddable":true,"href":"https:\/\/abinox-chr-clim.com\/index.php\/wp-json\/wp\/v2\/product_brand?post=70011"},{"taxonomy":"product_cat","embeddable":true,"href":"https:\/\/abinox-chr-clim.com\/index.php\/wp-json\/wp\/v2\/product_cat?post=70011"},{"taxonomy":"product_tag","embeddable":true,"href":"https:\/\/abinox-chr-clim.com\/index.php\/wp-json\/wp\/v2\/product_tag?post=70011"}],"curies":[{"name":"wp","href":"https:\/\/api.w.org\/{rel}","templated":true}]}}