{"id":70010,"date":"2024-03-22T18:42:02","date_gmt":"2024-03-22T17:42:02","guid":{"rendered":"https:\/\/abinox-chr-clim.com\/index.php\/product\/grande-table-de-preparation-inox-avec-support-bacs-gn-vogue\/"},"modified":"2026-04-11T08:27:13","modified_gmt":"2026-04-11T06:27:13","slug":"grande-table-de-preparation-inox-avec-support-bacs-gn-vogue","status":"publish","type":"product","link":"https:\/\/abinox-chr-clim.com\/index.php\/product\/grande-table-de-preparation-inox-avec-support-bacs-gn-vogue\/","title":{"rendered":"Grande table de pr\u00e9paration inox avec support bacs GN Vogue"},"content":{"rendered":"<p>Les deux \u00e9tag\u00e8res permettent un espace de rangement optimal au-dessus du plan de travail, laissant de la place pour l&rsquo;essentiel, m\u00eame dans la plus petite des cuisines. (Bacs GN non fournis. Compatible bacs GN 1\/3, 1\/6 et 1\/9).<br \/>Acier inoxydable avec \u00e9tag\u00e8re inf\u00e9rieure galvanis\u00e9e. Compatible bacs GN  1\/3, 1\/6 et 1\/9 (non fournis). Finition polie. R\u00e9f\u00e9rence soumise \u00e0 une Eco-participation mobilier de 2.38\u20ac par unit\u00e9 vendue. Suggestion de positionnement des bacs : 7 x GN 1\/6 ou 3 x GN 1\/3 &#038; 1 x GN 1\/6 ou 9 x GN 1\/9 &#038; 1 x GN 1\/6. Epaisseur du mat\u00e9riau : 1,2 mm &#8211; calibre 18. Surface : 0,72m\u00b2. 4 pieds inclus. 1 table \u00e0 monter soi-m\u00eame, comprenant 1 \u00e9tag\u00e8re et fixations. Veuillez noter que cet article p\u00e8se plus de 30 kg et que notre transporteur peut avoir besoin d&rsquo;assistance \u00e0 la livraison. Livr\u00e9 \u00e0\u00a0 plat pour faciliter l&rsquo;auto-assemblage. Acier inoxydable avec \u00e9tag\u00e8re inf\u00e9rieure galvanis\u00e9e.<\/p>\n<p>Caract\u00e9ristiques :<br \/> Dimensions : 1500(H) x 1800(L) x 600(P) mm.<br \/> Mati\u00e8re : Acier inoxydable 304<\/p>\n","protected":false},"excerpt":{"rendered":"<p>Grande table de pr\u00e9paration inox avec support bacs GN Vogue<\/p>\n","protected":false},"featured_media":80620,"comment_status":"closed","ping_status":"closed","template":"","meta":[],"product_brand":[],"product_cat":[1146,1296,1159,1155],"product_tag":[],"class_list":{"0":"post-70010","1":"product","2":"type-product","3":"status-publish","4":"has-post-thumbnail","6":"product_cat-mobilier-de-cuisine-chariots-et-echelles","7":"product_cat-palettisable","8":"product_cat-tables-de-preparation","9":"product_cat-tables-et-plonges","11":"first","12":"outofstock","13":"featured","14":"taxable","15":"shipping-taxable","16":"purchasable","17":"product-type-simple"},"_links":{"self":[{"href":"https:\/\/abinox-chr-clim.com\/index.php\/wp-json\/wp\/v2\/product\/70010","targetHints":{"allow":["GET"]}}],"collection":[{"href":"https:\/\/abinox-chr-clim.com\/index.php\/wp-json\/wp\/v2\/product"}],"about":[{"href":"https:\/\/abinox-chr-clim.com\/index.php\/wp-json\/wp\/v2\/types\/product"}],"replies":[{"embeddable":true,"href":"https:\/\/abinox-chr-clim.com\/index.php\/wp-json\/wp\/v2\/comments?post=70010"}],"wp:featuredmedia":[{"embeddable":true,"href":"https:\/\/abinox-chr-clim.com\/index.php\/wp-json\/wp\/v2\/media\/80620"}],"wp:attachment":[{"href":"https:\/\/abinox-chr-clim.com\/index.php\/wp-json\/wp\/v2\/media?parent=70010"}],"wp:term":[{"taxonomy":"product_brand","embeddable":true,"href":"https:\/\/abinox-chr-clim.com\/index.php\/wp-json\/wp\/v2\/product_brand?post=70010"},{"taxonomy":"product_cat","embeddable":true,"href":"https:\/\/abinox-chr-clim.com\/index.php\/wp-json\/wp\/v2\/product_cat?post=70010"},{"taxonomy":"product_tag","embeddable":true,"href":"https:\/\/abinox-chr-clim.com\/index.php\/wp-json\/wp\/v2\/product_tag?post=70010"}],"curies":[{"name":"wp","href":"https:\/\/api.w.org\/{rel}","templated":true}]}}