{"id":70008,"date":"2024-03-22T18:42:01","date_gmt":"2024-03-22T17:42:01","guid":{"rendered":"https:\/\/abinox-chr-clim.com\/index.php\/product\/table-dangle-inox-vogue-600mm\/"},"modified":"2026-04-11T08:27:12","modified_gmt":"2026-04-11T06:27:12","slug":"table-dangle-inox-vogue-600mm","status":"publish","type":"product","link":"https:\/\/abinox-chr-clim.com\/index.php\/product\/table-dangle-inox-vogue-600mm\/","title":{"rendered":"Table d&rsquo;angle inox Vogue 600mm"},"content":{"rendered":"<p>Cette table d&rsquo;angle gain de place s&rsquo;installe parfaitement dans les coins afin d&rsquo;optimiser l&rsquo;utilisation de l&rsquo;espace disponible. La tablette inf\u00e9rieure en acier galvanis\u00e9 fournit un espace de rangement suppl\u00e9mentaire. Compatible avec les tables inox Vogue de 600mm de profondeur.<br \/>Acier inoxydable et \u00e9tag\u00e8re inf\u00e9rieure en acier galvanis\u00e9. Finition polie. Colis plat. R\u00e9f\u00e9rence soumise \u00e0 une Eco-participation mobilier de 1.2\u20ac par unit\u00e9 vendue. Livr\u00e9 \u00e0 plat assemblage facile. Hauteur de la table (sans dosseret) 900mm. Surface : 0,48m\u00b2. 4 pieds. Epaisseur d&rsquo;acier : 1,2mm &#8211; calibre 18. R\u00e9f\u00e9rence soumise \u00e0 une Eco-participation mobilier de 3,77\u20ac par unit\u00e9 vendue. Acier inoxydable et \u00e9tag\u00e8re inf\u00e9rieure en acier galvanis\u00e9.<\/p>\n<p>Caract\u00e9ristiques :<br \/> Dimensions : 900(H) x 800(L) x 600(P) mm.<br \/> Mati\u00e8re : Inox 304<\/p>\n","protected":false},"excerpt":{"rendered":"<p>Table d&rsquo;angle inox Vogue 600mm<\/p>\n","protected":false},"featured_media":80601,"comment_status":"closed","ping_status":"closed","template":"","meta":[],"product_brand":[],"product_cat":[1146,1296,1159,1155],"product_tag":[],"class_list":{"0":"post-70008","1":"product","2":"type-product","3":"status-publish","4":"has-post-thumbnail","6":"product_cat-mobilier-de-cuisine-chariots-et-echelles","7":"product_cat-palettisable","8":"product_cat-tables-de-preparation","9":"product_cat-tables-et-plonges","11":"first","12":"instock","13":"featured","14":"taxable","15":"shipping-taxable","16":"purchasable","17":"product-type-simple"},"_links":{"self":[{"href":"https:\/\/abinox-chr-clim.com\/index.php\/wp-json\/wp\/v2\/product\/70008","targetHints":{"allow":["GET"]}}],"collection":[{"href":"https:\/\/abinox-chr-clim.com\/index.php\/wp-json\/wp\/v2\/product"}],"about":[{"href":"https:\/\/abinox-chr-clim.com\/index.php\/wp-json\/wp\/v2\/types\/product"}],"replies":[{"embeddable":true,"href":"https:\/\/abinox-chr-clim.com\/index.php\/wp-json\/wp\/v2\/comments?post=70008"}],"wp:featuredmedia":[{"embeddable":true,"href":"https:\/\/abinox-chr-clim.com\/index.php\/wp-json\/wp\/v2\/media\/80601"}],"wp:attachment":[{"href":"https:\/\/abinox-chr-clim.com\/index.php\/wp-json\/wp\/v2\/media?parent=70008"}],"wp:term":[{"taxonomy":"product_brand","embeddable":true,"href":"https:\/\/abinox-chr-clim.com\/index.php\/wp-json\/wp\/v2\/product_brand?post=70008"},{"taxonomy":"product_cat","embeddable":true,"href":"https:\/\/abinox-chr-clim.com\/index.php\/wp-json\/wp\/v2\/product_cat?post=70008"},{"taxonomy":"product_tag","embeddable":true,"href":"https:\/\/abinox-chr-clim.com\/index.php\/wp-json\/wp\/v2\/product_tag?post=70008"}],"curies":[{"name":"wp","href":"https:\/\/api.w.org\/{rel}","templated":true}]}}