{"id":70006,"date":"2024-03-22T18:42:00","date_gmt":"2024-03-22T17:42:00","guid":{"rendered":"https:\/\/abinox-chr-clim.com\/index.php\/product\/table-pliante-inox-vogue-1200mm\/"},"modified":"2026-04-11T08:27:10","modified_gmt":"2026-04-11T06:27:10","slug":"table-pliante-inox-vogue-1200mm","status":"publish","type":"product","link":"https:\/\/abinox-chr-clim.com\/index.php\/product\/table-pliante-inox-vogue-1200mm\/","title":{"rendered":"Table pliante inox Vogue 1200mm"},"content":{"rendered":"<p>Table solide, robuste et pratique pour un plan de travail toujours \u00e0 disposition. Transportable et facile \u00e0 mettre en place. A laisser dans le fourgon, ou \u00e0 utiliser dans votre cuisine, ou comme table de service suppl\u00e9mentaire. En acier inoxydable poli de haute qualit\u00e9.<br \/>Acier inoxydable haute qualit\u00e9.Livr\u00e9 \u00e0 plat, assemblage facile. Id\u00e9al pour les r\u00e9ceptions en ext\u00e9rieur. R\u00e9f\u00e9rence soumise \u00e0 une Eco-participation mobilier de 0.98\u20ac par unit\u00e9 vendue. Pieds inox 201. La table peut supporter un poids allant jusqu&rsquo;\u00e0 230 kg environ. Surface : 0,72m\u00b2. 4 pieds. \u00c9paisseur inox : 1,2 mm &#8211; calibre 18. R\u00e9f\u00e9rence soumise \u00e0 une Eco-participation mobilier de 2,86\u20ac par unit\u00e9 vendue. Plateau inox 304. Acier inoxydable haute qualit\u00e9. .<br \/> Caract\u00e9ristiques :<br \/> Dimensions : 900(H) x 1200(L) x 600(P) mm.<br \/> Mati\u00e8re : Inox 304<\/p>\n","protected":false},"excerpt":{"rendered":"<p>Table pliante inox Vogue 1200mm<\/p>\n","protected":false},"featured_media":80586,"comment_status":"closed","ping_status":"closed","template":"","meta":[],"product_brand":[],"product_cat":[1146,1296,1159,1155],"product_tag":[],"class_list":{"0":"post-70006","1":"product","2":"type-product","3":"status-publish","4":"has-post-thumbnail","6":"product_cat-mobilier-de-cuisine-chariots-et-echelles","7":"product_cat-palettisable","8":"product_cat-tables-de-preparation","9":"product_cat-tables-et-plonges","11":"first","12":"instock","13":"featured","14":"taxable","15":"shipping-taxable","16":"purchasable","17":"product-type-simple"},"_links":{"self":[{"href":"https:\/\/abinox-chr-clim.com\/index.php\/wp-json\/wp\/v2\/product\/70006","targetHints":{"allow":["GET"]}}],"collection":[{"href":"https:\/\/abinox-chr-clim.com\/index.php\/wp-json\/wp\/v2\/product"}],"about":[{"href":"https:\/\/abinox-chr-clim.com\/index.php\/wp-json\/wp\/v2\/types\/product"}],"replies":[{"embeddable":true,"href":"https:\/\/abinox-chr-clim.com\/index.php\/wp-json\/wp\/v2\/comments?post=70006"}],"wp:featuredmedia":[{"embeddable":true,"href":"https:\/\/abinox-chr-clim.com\/index.php\/wp-json\/wp\/v2\/media\/80586"}],"wp:attachment":[{"href":"https:\/\/abinox-chr-clim.com\/index.php\/wp-json\/wp\/v2\/media?parent=70006"}],"wp:term":[{"taxonomy":"product_brand","embeddable":true,"href":"https:\/\/abinox-chr-clim.com\/index.php\/wp-json\/wp\/v2\/product_brand?post=70006"},{"taxonomy":"product_cat","embeddable":true,"href":"https:\/\/abinox-chr-clim.com\/index.php\/wp-json\/wp\/v2\/product_cat?post=70006"},{"taxonomy":"product_tag","embeddable":true,"href":"https:\/\/abinox-chr-clim.com\/index.php\/wp-json\/wp\/v2\/product_tag?post=70006"}],"curies":[{"name":"wp","href":"https:\/\/api.w.org\/{rel}","templated":true}]}}