{"id":69960,"date":"2024-03-22T18:41:39","date_gmt":"2024-03-22T17:41:39","guid":{"rendered":"https:\/\/abinox-chr-clim.com\/index.php\/product\/robinet-melangeur-monotrou-modele-lourd-3-4-avec-2-robinets-bec-mobile-o-25-x-300mm-sur-colonne-300mm-gastro-m\/"},"modified":"2026-04-15T09:56:17","modified_gmt":"2026-04-15T07:56:17","slug":"robinet-melangeur-monotrou-modele-lourd-3-4-avec-2-robinets-bec-mobile-o-25-x-300mm-sur-colonne-300mm-gastro-m","status":"publish","type":"product","link":"https:\/\/abinox-chr-clim.com\/index.php\/product\/robinet-melangeur-monotrou-modele-lourd-3-4-avec-2-robinets-bec-mobile-o-25-x-300mm-sur-colonne-300mm-gastro-m\/","title":{"rendered":"Robinet m\u00e9langeur monotrou mod\u00e8le lourd 3\/4&Prime; avec 2 robinets, bec mobile \u00f8 25 x 300mm sur colonne 300mm Gastro M"},"content":{"rendered":"<p>Robinets m\u00e9langeurs monotrou mod\u00e8les lourds 3\/4\u00bf grand d\u00e9bit d&rsquo;eau avec 2 robinets, bec mobile \u00f8 25 mm longueur 200mm sur colonne de diff\u00e9rentes hauteurs. Pour une utilisation dans les cuisines professionnelles.<br \/>Conception monobloc. 2 robinets. Fabriqu\u00e9 \u00e0 partir de laiton chrom\u00e9 de haute qualit\u00e9 pour une utilisation durable. Cartouche c\u00e9ramique. Flexible (\u00d8) 32mm.  Conception monobloc.<\/p>\n<p>Caract\u00e9ristiques :<br \/> Dimensions : 300(H) mm.<br \/> Mati\u00e8re : Cuivre chrom\u00e9<\/p>\n","protected":false},"excerpt":{"rendered":"<p>Robinet m\u00e9langeur monotrou mod\u00e8le lourd 3\/4&Prime; avec 2 robinets, bec mobile \u00f8 25 x 300mm sur colonne 300mm Gastro M<\/p>\n","protected":false},"featured_media":96461,"comment_status":"closed","ping_status":"closed","template":"","meta":[],"product_brand":[],"product_cat":[1146,1297,1158,1155],"product_tag":[],"class_list":{"0":"post-69960","1":"product","2":"type-product","3":"status-publish","4":"has-post-thumbnail","6":"product_cat-mobilier-de-cuisine-chariots-et-echelles","7":"product_cat-non-palettisable","8":"product_cat-plonges","9":"product_cat-tables-et-plonges","10":"product_shipping_class-free-shipping","12":"first","13":"instock","14":"featured","15":"taxable","16":"shipping-taxable","17":"purchasable","18":"product-type-simple"},"_links":{"self":[{"href":"https:\/\/abinox-chr-clim.com\/index.php\/wp-json\/wp\/v2\/product\/69960","targetHints":{"allow":["GET"]}}],"collection":[{"href":"https:\/\/abinox-chr-clim.com\/index.php\/wp-json\/wp\/v2\/product"}],"about":[{"href":"https:\/\/abinox-chr-clim.com\/index.php\/wp-json\/wp\/v2\/types\/product"}],"replies":[{"embeddable":true,"href":"https:\/\/abinox-chr-clim.com\/index.php\/wp-json\/wp\/v2\/comments?post=69960"}],"wp:featuredmedia":[{"embeddable":true,"href":"https:\/\/abinox-chr-clim.com\/index.php\/wp-json\/wp\/v2\/media\/96461"}],"wp:attachment":[{"href":"https:\/\/abinox-chr-clim.com\/index.php\/wp-json\/wp\/v2\/media?parent=69960"}],"wp:term":[{"taxonomy":"product_brand","embeddable":true,"href":"https:\/\/abinox-chr-clim.com\/index.php\/wp-json\/wp\/v2\/product_brand?post=69960"},{"taxonomy":"product_cat","embeddable":true,"href":"https:\/\/abinox-chr-clim.com\/index.php\/wp-json\/wp\/v2\/product_cat?post=69960"},{"taxonomy":"product_tag","embeddable":true,"href":"https:\/\/abinox-chr-clim.com\/index.php\/wp-json\/wp\/v2\/product_tag?post=69960"}],"curies":[{"name":"wp","href":"https:\/\/api.w.org\/{rel}","templated":true}]}}