{"id":69895,"date":"2024-03-22T18:41:07","date_gmt":"2024-03-22T17:41:07","guid":{"rendered":"https:\/\/abinox-chr-clim.com\/index.php\/product\/reserve-frites-inox-avec-filtre-egouttoir-gastro-m-800-x-280-x-200mm\/"},"modified":"2026-04-15T09:40:54","modified_gmt":"2026-04-15T07:40:54","slug":"reserve-frites-inox-avec-filtre-egouttoir-gastro-m-800-x-280-x-200mm","status":"publish","type":"product","link":"https:\/\/abinox-chr-clim.com\/index.php\/product\/reserve-frites-inox-avec-filtre-egouttoir-gastro-m-800-x-280-x-200mm\/","title":{"rendered":"R\u00e9serve-frites inox avec filtre \u00e9gouttoir Gastro M 800 x 280 x 200mm"},"content":{"rendered":"<p>Enti\u00e8rement en acier inoxydable AISI 430. Filtre amovible. Enti\u00e8rement en acier inoxydable AISI 430.<\/p>\n<p>Caract\u00e9ristiques :<br \/> Dimensions : 800(H) x 280(l) x 200(P) mm.<br \/> Mati\u00e8re : Inox 304<\/p>\n","protected":false},"excerpt":{"rendered":"<p>R\u00e9serve-frites inox avec filtre \u00e9gouttoir Gastro M 800 x 280 x 200mm<\/p>\n","protected":false},"featured_media":102975,"comment_status":"closed","ping_status":"closed","template":"","meta":[],"product_brand":[],"product_cat":[1157,1146,1297,1155],"product_tag":[],"class_list":{"0":"post-69895","1":"product","2":"type-product","3":"status-publish","4":"has-post-thumbnail","6":"product_cat-etageres-murales-et-placards-mobilier-de-cuisine-chariots-et-echelles","7":"product_cat-mobilier-de-cuisine-chariots-et-echelles","8":"product_cat-non-palettisable","9":"product_cat-tables-et-plonges","10":"product_shipping_class-free-shipping","12":"first","13":"outofstock","14":"featured","15":"taxable","16":"shipping-taxable","17":"purchasable","18":"product-type-simple"},"_links":{"self":[{"href":"https:\/\/abinox-chr-clim.com\/index.php\/wp-json\/wp\/v2\/product\/69895","targetHints":{"allow":["GET"]}}],"collection":[{"href":"https:\/\/abinox-chr-clim.com\/index.php\/wp-json\/wp\/v2\/product"}],"about":[{"href":"https:\/\/abinox-chr-clim.com\/index.php\/wp-json\/wp\/v2\/types\/product"}],"replies":[{"embeddable":true,"href":"https:\/\/abinox-chr-clim.com\/index.php\/wp-json\/wp\/v2\/comments?post=69895"}],"wp:featuredmedia":[{"embeddable":true,"href":"https:\/\/abinox-chr-clim.com\/index.php\/wp-json\/wp\/v2\/media\/102975"}],"wp:attachment":[{"href":"https:\/\/abinox-chr-clim.com\/index.php\/wp-json\/wp\/v2\/media?parent=69895"}],"wp:term":[{"taxonomy":"product_brand","embeddable":true,"href":"https:\/\/abinox-chr-clim.com\/index.php\/wp-json\/wp\/v2\/product_brand?post=69895"},{"taxonomy":"product_cat","embeddable":true,"href":"https:\/\/abinox-chr-clim.com\/index.php\/wp-json\/wp\/v2\/product_cat?post=69895"},{"taxonomy":"product_tag","embeddable":true,"href":"https:\/\/abinox-chr-clim.com\/index.php\/wp-json\/wp\/v2\/product_tag?post=69895"}],"curies":[{"name":"wp","href":"https:\/\/api.w.org\/{rel}","templated":true}]}}