{"id":69892,"date":"2024-03-22T18:41:06","date_gmt":"2024-03-22T17:41:06","guid":{"rendered":"https:\/\/abinox-chr-clim.com\/index.php\/product\/equerre-reglable-1-niveau-gastro-m-400mm\/"},"modified":"2026-04-15T09:44:40","modified_gmt":"2026-04-15T07:44:40","slug":"equerre-reglable-1-niveau-gastro-m-400mm","status":"publish","type":"product","link":"https:\/\/abinox-chr-clim.com\/index.php\/product\/equerre-reglable-1-niveau-gastro-m-400mm\/","title":{"rendered":"Equerre r\u00e9glable 1 niveau Gastro M 400mm"},"content":{"rendered":"<p>Equerre en acier inoxydable pour \u00e9tag\u00e8res murales Gastro-M. Vendue \u00e0 l&rsquo;unit\u00e9.<br \/>. R\u00e9f\u00e9rence soumise \u00e0 une Eco-participation mobilier de 2.88\u20ac par unit\u00e9 vendue. .<\/p>\n<p>Caract\u00e9ristiques :<br \/> Dimensions : 70(H) x 40(L) x 400(P) mm.<br \/> Mati\u00e8re : Inox 430<\/p>\n","protected":false},"excerpt":{"rendered":"<p>Equerre r\u00e9glable 1 niveau Gastro M 400mm<\/p>\n","protected":false},"featured_media":93283,"comment_status":"closed","ping_status":"closed","template":"","meta":[],"product_brand":[],"product_cat":[1157,1146,1297,1155],"product_tag":[],"class_list":{"0":"post-69892","1":"product","2":"type-product","3":"status-publish","4":"has-post-thumbnail","6":"product_cat-etageres-murales-et-placards-mobilier-de-cuisine-chariots-et-echelles","7":"product_cat-mobilier-de-cuisine-chariots-et-echelles","8":"product_cat-non-palettisable","9":"product_cat-tables-et-plonges","10":"product_shipping_class-free-shipping","12":"first","13":"outofstock","14":"featured","15":"taxable","16":"shipping-taxable","17":"purchasable","18":"product-type-simple"},"_links":{"self":[{"href":"https:\/\/abinox-chr-clim.com\/index.php\/wp-json\/wp\/v2\/product\/69892","targetHints":{"allow":["GET"]}}],"collection":[{"href":"https:\/\/abinox-chr-clim.com\/index.php\/wp-json\/wp\/v2\/product"}],"about":[{"href":"https:\/\/abinox-chr-clim.com\/index.php\/wp-json\/wp\/v2\/types\/product"}],"replies":[{"embeddable":true,"href":"https:\/\/abinox-chr-clim.com\/index.php\/wp-json\/wp\/v2\/comments?post=69892"}],"wp:featuredmedia":[{"embeddable":true,"href":"https:\/\/abinox-chr-clim.com\/index.php\/wp-json\/wp\/v2\/media\/93283"}],"wp:attachment":[{"href":"https:\/\/abinox-chr-clim.com\/index.php\/wp-json\/wp\/v2\/media?parent=69892"}],"wp:term":[{"taxonomy":"product_brand","embeddable":true,"href":"https:\/\/abinox-chr-clim.com\/index.php\/wp-json\/wp\/v2\/product_brand?post=69892"},{"taxonomy":"product_cat","embeddable":true,"href":"https:\/\/abinox-chr-clim.com\/index.php\/wp-json\/wp\/v2\/product_cat?post=69892"},{"taxonomy":"product_tag","embeddable":true,"href":"https:\/\/abinox-chr-clim.com\/index.php\/wp-json\/wp\/v2\/product_tag?post=69892"}],"curies":[{"name":"wp","href":"https:\/\/api.w.org\/{rel}","templated":true}]}}