{"id":69890,"date":"2024-03-22T18:41:05","date_gmt":"2024-03-22T17:41:05","guid":{"rendered":"https:\/\/abinox-chr-clim.com\/index.php\/product\/etagere-murale-ajouree-inox-gastro-m-20x1500x400mm\/"},"modified":"2026-04-15T09:44:37","modified_gmt":"2026-04-15T07:44:37","slug":"etagere-murale-ajouree-inox-gastro-m-20x1500x400mm","status":"publish","type":"product","link":"https:\/\/abinox-chr-clim.com\/index.php\/product\/etagere-murale-ajouree-inox-gastro-m-20x1500x400mm\/","title":{"rendered":"Etag\u00e8re murale ajour\u00e9e inox Gastro M 20x1500x400mm"},"content":{"rendered":"<p>Etag\u00e8res vendues \u00e0 l&rsquo;unit\u00e9 en tubes carr\u00e9s inox 20x20mm avec des ouvertures de 25mm. Poids support\u00e9 50kg. Equerres et cr\u00e9maill\u00e8res vendues s\u00e9par\u00e9ment.<br \/>Equerres vendues s\u00e9par\u00e9ment (DS453). Cr\u00e9maill\u00e8res vendues s\u00e9par\u00e9ment (GN191, GN192 ou GN193). R\u00e9f\u00e9rence soumise \u00e0 une Eco-participation mobilier de 0.04\u20ac par unit\u00e9 vendue. Equerres vendues s\u00e9par\u00e9ment (DS453).<\/p>\n<p>Caract\u00e9ristiques :<br \/> Dimensions : 25(H) x 1500(L) x 400(P) mm.<br \/> Mati\u00e8re : Inox 430<\/p>\n","protected":false},"excerpt":{"rendered":"<p>Etag\u00e8re murale ajour\u00e9e inox Gastro M 20x1500x400mm<\/p>\n","protected":false},"featured_media":93241,"comment_status":"closed","ping_status":"closed","template":"","meta":[],"product_brand":[],"product_cat":[1157,1146,1297,1155],"product_tag":[],"class_list":{"0":"post-69890","1":"product","2":"type-product","3":"status-publish","4":"has-post-thumbnail","6":"product_cat-etageres-murales-et-placards-mobilier-de-cuisine-chariots-et-echelles","7":"product_cat-mobilier-de-cuisine-chariots-et-echelles","8":"product_cat-non-palettisable","9":"product_cat-tables-et-plonges","10":"product_shipping_class-free-shipping","12":"first","13":"outofstock","14":"featured","15":"taxable","16":"shipping-taxable","17":"purchasable","18":"product-type-simple"},"_links":{"self":[{"href":"https:\/\/abinox-chr-clim.com\/index.php\/wp-json\/wp\/v2\/product\/69890","targetHints":{"allow":["GET"]}}],"collection":[{"href":"https:\/\/abinox-chr-clim.com\/index.php\/wp-json\/wp\/v2\/product"}],"about":[{"href":"https:\/\/abinox-chr-clim.com\/index.php\/wp-json\/wp\/v2\/types\/product"}],"replies":[{"embeddable":true,"href":"https:\/\/abinox-chr-clim.com\/index.php\/wp-json\/wp\/v2\/comments?post=69890"}],"wp:featuredmedia":[{"embeddable":true,"href":"https:\/\/abinox-chr-clim.com\/index.php\/wp-json\/wp\/v2\/media\/93241"}],"wp:attachment":[{"href":"https:\/\/abinox-chr-clim.com\/index.php\/wp-json\/wp\/v2\/media?parent=69890"}],"wp:term":[{"taxonomy":"product_brand","embeddable":true,"href":"https:\/\/abinox-chr-clim.com\/index.php\/wp-json\/wp\/v2\/product_brand?post=69890"},{"taxonomy":"product_cat","embeddable":true,"href":"https:\/\/abinox-chr-clim.com\/index.php\/wp-json\/wp\/v2\/product_cat?post=69890"},{"taxonomy":"product_tag","embeddable":true,"href":"https:\/\/abinox-chr-clim.com\/index.php\/wp-json\/wp\/v2\/product_tag?post=69890"}],"curies":[{"name":"wp","href":"https:\/\/api.w.org\/{rel}","templated":true}]}}