{"id":69885,"date":"2024-03-22T18:41:03","date_gmt":"2024-03-22T17:41:03","guid":{"rendered":"https:\/\/abinox-chr-clim.com\/index.php\/product\/tapis-en-caoutchouc-antiderapant-et-antifatigue-jantex-rouge-1500-x-900mm\/"},"modified":"2026-04-15T09:25:36","modified_gmt":"2026-04-15T07:25:36","slug":"tapis-en-caoutchouc-antiderapant-et-antifatigue-jantex-rouge-1500-x-900mm","status":"publish","type":"product","link":"https:\/\/abinox-chr-clim.com\/index.php\/product\/tapis-en-caoutchouc-antiderapant-et-antifatigue-jantex-rouge-1500-x-900mm\/","title":{"rendered":"Tapis en caoutchouc antid\u00e9rapant et antifatigue Jantex rouge 1500 x 900mm"},"content":{"rendered":"<p>Tapis amortis avec bord biseaut\u00e9, \u00e0 poser devant les plonges, le bar, les zones humides ou espaces o\u00f9 le personnel reste debout de fa\u00e7on prolong\u00e9e. GF017 a une teneur en nitrile plus \u00e9lev\u00e9e, augmentant la r\u00e9sistance du tapis aux huiles et aux produits chimiques. Non adapt\u00e9s aux sols vinyle. Lavables. 1500(L) x 900(P)mm.<br \/>Amorti pour le confort.Construction perfor\u00e9e pour un nettoyage et un drainage faciles. Le caoutchouc aide \u00e0 r\u00e9duire l&rsquo;impact sur les articulations des membres du personnel. Contient 15% de nitrile pour une plus grande r\u00e9sistance aux graisses. Lavable pour am\u00e9liorer l&rsquo;hygi\u00e8ne et \u00e9liminer facilement les accumulations de bact\u00e9ries. Id\u00e9al pour les zones humides telles que les stations de nettoyage ou derri\u00e8re votre bar. NB : Non adapt\u00e9 aux sols vinyle. Le mat\u00e9riau antid\u00e9rapant emp\u00eache le tapis de bouger.Amorti pour le confort. .<br \/> Caract\u00e9ristiques :<br \/> Dimensions : 12(H) x 1500(L) x 900(P)mm.<br \/> Mati\u00e8re : Caoutchouc.<br \/> Couleur : Rouge.<\/p>\n","protected":false},"excerpt":{"rendered":"<p>Tapis en caoutchouc antid\u00e9rapant et antifatigue Jantex rouge 1500 x 900mm<\/p>\n","protected":false},"featured_media":101373,"comment_status":"closed","ping_status":"closed","template":"","meta":[],"product_brand":[],"product_cat":[1156,1146,1297,1155],"product_tag":[],"class_list":{"0":"post-69885","1":"product","2":"type-product","3":"status-publish","4":"has-post-thumbnail","6":"product_cat-divers-mobilier-de-cuisine-chariots-et-echelles","7":"product_cat-mobilier-de-cuisine-chariots-et-echelles","8":"product_cat-non-palettisable","9":"product_cat-tables-et-plonges","10":"product_shipping_class-free-shipping","12":"first","13":"instock","14":"featured","15":"taxable","16":"shipping-taxable","17":"purchasable","18":"product-type-simple"},"_links":{"self":[{"href":"https:\/\/abinox-chr-clim.com\/index.php\/wp-json\/wp\/v2\/product\/69885","targetHints":{"allow":["GET"]}}],"collection":[{"href":"https:\/\/abinox-chr-clim.com\/index.php\/wp-json\/wp\/v2\/product"}],"about":[{"href":"https:\/\/abinox-chr-clim.com\/index.php\/wp-json\/wp\/v2\/types\/product"}],"replies":[{"embeddable":true,"href":"https:\/\/abinox-chr-clim.com\/index.php\/wp-json\/wp\/v2\/comments?post=69885"}],"wp:featuredmedia":[{"embeddable":true,"href":"https:\/\/abinox-chr-clim.com\/index.php\/wp-json\/wp\/v2\/media\/101373"}],"wp:attachment":[{"href":"https:\/\/abinox-chr-clim.com\/index.php\/wp-json\/wp\/v2\/media?parent=69885"}],"wp:term":[{"taxonomy":"product_brand","embeddable":true,"href":"https:\/\/abinox-chr-clim.com\/index.php\/wp-json\/wp\/v2\/product_brand?post=69885"},{"taxonomy":"product_cat","embeddable":true,"href":"https:\/\/abinox-chr-clim.com\/index.php\/wp-json\/wp\/v2\/product_cat?post=69885"},{"taxonomy":"product_tag","embeddable":true,"href":"https:\/\/abinox-chr-clim.com\/index.php\/wp-json\/wp\/v2\/product_tag?post=69885"}],"curies":[{"name":"wp","href":"https:\/\/api.w.org\/{rel}","templated":true}]}}