{"id":69883,"date":"2024-03-22T18:41:02","date_gmt":"2024-03-22T17:41:02","guid":{"rendered":"https:\/\/abinox-chr-clim.com\/index.php\/product\/armoire-chauffante-inox-avec-dosseret-gastro-m-850x1800x700mm\/"},"modified":"2026-04-15T09:44:27","modified_gmt":"2026-04-15T07:44:27","slug":"armoire-chauffante-inox-avec-dosseret-gastro-m-850x1800x700mm","status":"publish","type":"product","link":"https:\/\/abinox-chr-clim.com\/index.php\/product\/armoire-chauffante-inox-avec-dosseret-gastro-m-850x1800x700mm\/","title":{"rendered":"Armoire chauffante inox avec dosseret Gastro M 850x1800x700mm"},"content":{"rendered":"<p>Armoires chauffantes en inox avec dosseret, portes coulissantes et syst\u00e8me de ventilation \u00e0 turbine pour une circulation optimale de l&rsquo;air chaud.<br \/>Parfait \u00e9galement pour chauffer les assiettes. Thermostat digital et affichage de la temp\u00e9rature. Dosseret. R\u00e9f\u00e9rence soumise \u00e0 une Eco-participation mobilier de 0.42\u20ac par unit\u00e9 vendue. Etag\u00e8re perfor\u00e9e. Syst\u00e8me de ventilation \u00e0 turbine efficace et silencieux.Portes coulissantes. Parfait \u00e9galement pour chauffer les assiettes.<\/p>\n<p>Caract\u00e9ristiques :<br \/> Dimensions : 880(H) x 1800(L) x 700(P) mm.<br \/> Mati\u00e8re : Inox 430.<br \/> Sortie : 2 kW.<br \/> Voltage : 230V<\/p>\n","protected":false},"excerpt":{"rendered":"<p>Armoire chauffante inox avec dosseret Gastro M 850x1800x700mm<\/p>\n","protected":false},"featured_media":93229,"comment_status":"closed","ping_status":"closed","template":"","meta":[],"product_brand":[],"product_cat":[1156,1146,1296,1155],"product_tag":[],"class_list":{"0":"post-69883","1":"product","2":"type-product","3":"status-publish","4":"has-post-thumbnail","6":"product_cat-divers-mobilier-de-cuisine-chariots-et-echelles","7":"product_cat-mobilier-de-cuisine-chariots-et-echelles","8":"product_cat-palettisable","9":"product_cat-tables-et-plonges","11":"first","12":"outofstock","13":"featured","14":"taxable","15":"shipping-taxable","16":"purchasable","17":"product-type-simple"},"_links":{"self":[{"href":"https:\/\/abinox-chr-clim.com\/index.php\/wp-json\/wp\/v2\/product\/69883","targetHints":{"allow":["GET"]}}],"collection":[{"href":"https:\/\/abinox-chr-clim.com\/index.php\/wp-json\/wp\/v2\/product"}],"about":[{"href":"https:\/\/abinox-chr-clim.com\/index.php\/wp-json\/wp\/v2\/types\/product"}],"replies":[{"embeddable":true,"href":"https:\/\/abinox-chr-clim.com\/index.php\/wp-json\/wp\/v2\/comments?post=69883"}],"wp:featuredmedia":[{"embeddable":true,"href":"https:\/\/abinox-chr-clim.com\/index.php\/wp-json\/wp\/v2\/media\/93229"}],"wp:attachment":[{"href":"https:\/\/abinox-chr-clim.com\/index.php\/wp-json\/wp\/v2\/media?parent=69883"}],"wp:term":[{"taxonomy":"product_brand","embeddable":true,"href":"https:\/\/abinox-chr-clim.com\/index.php\/wp-json\/wp\/v2\/product_brand?post=69883"},{"taxonomy":"product_cat","embeddable":true,"href":"https:\/\/abinox-chr-clim.com\/index.php\/wp-json\/wp\/v2\/product_cat?post=69883"},{"taxonomy":"product_tag","embeddable":true,"href":"https:\/\/abinox-chr-clim.com\/index.php\/wp-json\/wp\/v2\/product_tag?post=69883"}],"curies":[{"name":"wp","href":"https:\/\/api.w.org\/{rel}","templated":true}]}}