{"id":69875,"date":"2024-03-22T18:40:55","date_gmt":"2024-03-22T17:40:55","guid":{"rendered":"https:\/\/abinox-chr-clim.com\/index.php\/product\/table-centrale-inox-entierement-soudee-avec-2-etageres-inferieures-parry-1200x600mm\/"},"modified":"2026-04-15T10:16:13","modified_gmt":"2026-04-15T08:16:13","slug":"table-centrale-inox-entierement-soudee-avec-2-etageres-inferieures-parry-1200x600mm","status":"publish","type":"product","link":"https:\/\/abinox-chr-clim.com\/index.php\/product\/table-centrale-inox-entierement-soudee-avec-2-etageres-inferieures-parry-1200x600mm\/","title":{"rendered":"Table centrale inox enti\u00e8rement soud\u00e9e avec 2 \u00e9tag\u00e8res inf\u00e9rieures Parry 1200x600mm"},"content":{"rendered":"<p>Table de travail en inox avec deux \u00e9tag\u00e8res inf\u00e9rieures en inox 430. Plan de travail de 50 mm d&rsquo;\u00e9paisseur avec inox 304 de 1,2 mm. Pieds solides de 30 mm. Livr\u00e9e soud\u00e9e.<br \/>Le plan de travail en acier inoxydable 304 de grande qualit\u00e9 est solide et facile \u00e0 nettoyer. Le cadre soud\u00e9 est incroyablement solide &#8211; ne n\u00e9cessite ni assemblage ni serrage. Livr\u00e9e enti\u00e8rement assembl\u00e9e &#8211; pas de montage. R\u00e9f\u00e9rence soumise \u00e0 une Eco-participation mobilier de 1.04\u20ac par unit\u00e9 vendue. Plan de travail de 50 mm d&rsquo;\u00e9paisseur avec acier inoxydable de 1,2 mm. Deux \u00e9tag\u00e8res inf\u00e9rieures &#8211; Construction en acier inoxydable 430.Pieds solides de 30 mm. Le plan de travail en acier inoxydable 304 de grande qualit\u00e9 est solide et facile \u00e0 nettoyer.<\/p>\n<p>Caract\u00e9ristiques :<br \/> Dimensions : 900(H) x 1200(L) x 600(P) mm.<br \/> Mati\u00e8re : Inox 304.<br \/> Couleur : Acier inoxydable.<\/p>\n","protected":false},"excerpt":{"rendered":"<p>Table centrale inox enti\u00e8rement soud\u00e9e avec 2 \u00e9tag\u00e8res inf\u00e9rieures Parry 1200x600mm<\/p>\n","protected":false},"featured_media":102556,"comment_status":"closed","ping_status":"closed","template":"","meta":[],"product_brand":[],"product_cat":[1146,1296,1155],"product_tag":[],"class_list":{"0":"post-69875","1":"product","2":"type-product","3":"status-publish","4":"has-post-thumbnail","6":"product_cat-mobilier-de-cuisine-chariots-et-echelles","7":"product_cat-palettisable","8":"product_cat-tables-et-plonges","10":"first","11":"outofstock","12":"featured","13":"taxable","14":"shipping-taxable","15":"purchasable","16":"product-type-simple"},"_links":{"self":[{"href":"https:\/\/abinox-chr-clim.com\/index.php\/wp-json\/wp\/v2\/product\/69875","targetHints":{"allow":["GET"]}}],"collection":[{"href":"https:\/\/abinox-chr-clim.com\/index.php\/wp-json\/wp\/v2\/product"}],"about":[{"href":"https:\/\/abinox-chr-clim.com\/index.php\/wp-json\/wp\/v2\/types\/product"}],"replies":[{"embeddable":true,"href":"https:\/\/abinox-chr-clim.com\/index.php\/wp-json\/wp\/v2\/comments?post=69875"}],"wp:featuredmedia":[{"embeddable":true,"href":"https:\/\/abinox-chr-clim.com\/index.php\/wp-json\/wp\/v2\/media\/102556"}],"wp:attachment":[{"href":"https:\/\/abinox-chr-clim.com\/index.php\/wp-json\/wp\/v2\/media?parent=69875"}],"wp:term":[{"taxonomy":"product_brand","embeddable":true,"href":"https:\/\/abinox-chr-clim.com\/index.php\/wp-json\/wp\/v2\/product_brand?post=69875"},{"taxonomy":"product_cat","embeddable":true,"href":"https:\/\/abinox-chr-clim.com\/index.php\/wp-json\/wp\/v2\/product_cat?post=69875"},{"taxonomy":"product_tag","embeddable":true,"href":"https:\/\/abinox-chr-clim.com\/index.php\/wp-json\/wp\/v2\/product_tag?post=69875"}],"curies":[{"name":"wp","href":"https:\/\/api.w.org\/{rel}","templated":true}]}}