{"id":69868,"date":"2024-03-22T18:40:52","date_gmt":"2024-03-22T17:40:52","guid":{"rendered":"https:\/\/abinox-chr-clim.com\/index.php\/product\/porte-assiettes-jackstack-pour-12-assiettes\/"},"modified":"2025-06-30T10:01:04","modified_gmt":"2025-06-30T08:01:04","slug":"porte-assiettes-jackstack-pour-12-assiettes","status":"publish","type":"product","link":"https:\/\/abinox-chr-clim.com\/index.php\/product\/porte-assiettes-jackstack-pour-12-assiettes\/","title":{"rendered":"Porte-assiettes Jackstack pour 12 assiettes"},"content":{"rendered":"<p>Porte-assiettes \u00e0 utiliser sur le comptoir ou fix\u00e9 au mur. Pour 12 assiettes. 730 x 290 x 300 mm.<br \/>A poser ou \u00e0 fixer au mur.  R\u00e9f\u00e9rence soumise \u00e0 une Eco-participation mobilier de 0.22\u20ac par unit\u00e9 vendue. 50mm d&rsquo;espace entre les assiettes.R\u00e9siste aux rayures et ne rouille pas.Agr\u00e9e FDA et NSF.R\u00e9f\u00e9rence soumise \u00e0 une Eco-participation de 0,70 par unit\u00e9 vendue. A poser ou \u00e0 fixer au mur. .<br \/> Caract\u00e9ristiques :<br \/> Capacit\u00e9 : 12 assiettes.<br \/> Dimensions : 730 x 290mm.<br \/> Mati\u00e8re : Acier soud\u00e9 et rev\u00eatement noir \u00e9lectrostatique.<br \/> Couleur : Noir.<\/p>\n","protected":false},"excerpt":{"rendered":"<p>Porte-assiettes Jackstack pour 12 assiettes<\/p>\n","protected":false},"featured_media":104736,"comment_status":"closed","ping_status":"closed","template":"","meta":[],"product_brand":[],"product_cat":[1147,1146,1297,1154],"product_tag":[],"class_list":{"0":"post-69868","1":"product","2":"type-product","3":"status-publish","4":"has-post-thumbnail","6":"product_cat-chariots-et-rayonnages","7":"product_cat-mobilier-de-cuisine-chariots-et-echelles","8":"product_cat-non-palettisable","9":"product_cat-porte-assiettes","10":"product_shipping_class-free-shipping","12":"first","13":"outofstock","14":"featured","15":"taxable","16":"shipping-taxable","17":"purchasable","18":"product-type-simple"},"_links":{"self":[{"href":"https:\/\/abinox-chr-clim.com\/index.php\/wp-json\/wp\/v2\/product\/69868","targetHints":{"allow":["GET"]}}],"collection":[{"href":"https:\/\/abinox-chr-clim.com\/index.php\/wp-json\/wp\/v2\/product"}],"about":[{"href":"https:\/\/abinox-chr-clim.com\/index.php\/wp-json\/wp\/v2\/types\/product"}],"replies":[{"embeddable":true,"href":"https:\/\/abinox-chr-clim.com\/index.php\/wp-json\/wp\/v2\/comments?post=69868"}],"wp:featuredmedia":[{"embeddable":true,"href":"https:\/\/abinox-chr-clim.com\/index.php\/wp-json\/wp\/v2\/media\/104736"}],"wp:attachment":[{"href":"https:\/\/abinox-chr-clim.com\/index.php\/wp-json\/wp\/v2\/media?parent=69868"}],"wp:term":[{"taxonomy":"product_brand","embeddable":true,"href":"https:\/\/abinox-chr-clim.com\/index.php\/wp-json\/wp\/v2\/product_brand?post=69868"},{"taxonomy":"product_cat","embeddable":true,"href":"https:\/\/abinox-chr-clim.com\/index.php\/wp-json\/wp\/v2\/product_cat?post=69868"},{"taxonomy":"product_tag","embeddable":true,"href":"https:\/\/abinox-chr-clim.com\/index.php\/wp-json\/wp\/v2\/product_tag?post=69868"}],"curies":[{"name":"wp","href":"https:\/\/api.w.org\/{rel}","templated":true}]}}