{"id":69867,"date":"2024-03-22T18:40:52","date_gmt":"2024-03-22T17:40:52","guid":{"rendered":"https:\/\/abinox-chr-clim.com\/index.php\/product\/porte-assiettes-jackstack-pour-104-assiettes\/"},"modified":"2025-06-30T10:01:03","modified_gmt":"2025-06-30T08:01:03","slug":"porte-assiettes-jackstack-pour-104-assiettes","status":"publish","type":"product","link":"https:\/\/abinox-chr-clim.com\/index.php\/product\/porte-assiettes-jackstack-pour-104-assiettes\/","title":{"rendered":"Porte-assiettes Jackstack pour 104 assiettes"},"content":{"rendered":"<p>Peut contenir 104 assiettes (13 cm &#8211; 30 cm) avec un espace de 50mm entre les supports. Totalement mobile avec des roulettes de 150mm (dont deux avec freins). 1790 x 600 x 600 mm. Supports d&rsquo;assiettes 170mm.<br \/>50 mm d&rsquo;espace entre les assiettes.Supports d&rsquo;assiettes 170mm.  R\u00e9f\u00e9rence soumise \u00e0 une Eco-participation mobilier de 1.08\u20ac par unit\u00e9 vendue. 4 roulettes de 150mm (2 freins).Diam\u00e8tre minimum: 12cm. Diam\u00e8tre maximum: 30cm. R\u00e9f\u00e9rence soumise \u00e0 une Eco-participation de 3,90 par unit\u00e9 vendue. 50 mm d&rsquo;espace entre les assiettes. .<br \/> Caract\u00e9ristiques :<br \/> Dimensions : 1790(h) x 600(L) x 600(l)mm.<br \/> Mati\u00e8re : Acier<\/p>\n","protected":false},"excerpt":{"rendered":"<p>Porte-assiettes Jackstack pour 104 assiettes<\/p>\n","protected":false},"featured_media":104735,"comment_status":"closed","ping_status":"closed","template":"","meta":[],"product_brand":[],"product_cat":[1147,1146,1297,1154],"product_tag":[],"class_list":{"0":"post-69867","1":"product","2":"type-product","3":"status-publish","4":"has-post-thumbnail","6":"product_cat-chariots-et-rayonnages","7":"product_cat-mobilier-de-cuisine-chariots-et-echelles","8":"product_cat-non-palettisable","9":"product_cat-porte-assiettes","10":"product_shipping_class-free-shipping","12":"first","13":"outofstock","14":"featured","15":"taxable","16":"shipping-taxable","17":"purchasable","18":"product-type-simple"},"_links":{"self":[{"href":"https:\/\/abinox-chr-clim.com\/index.php\/wp-json\/wp\/v2\/product\/69867","targetHints":{"allow":["GET"]}}],"collection":[{"href":"https:\/\/abinox-chr-clim.com\/index.php\/wp-json\/wp\/v2\/product"}],"about":[{"href":"https:\/\/abinox-chr-clim.com\/index.php\/wp-json\/wp\/v2\/types\/product"}],"replies":[{"embeddable":true,"href":"https:\/\/abinox-chr-clim.com\/index.php\/wp-json\/wp\/v2\/comments?post=69867"}],"wp:featuredmedia":[{"embeddable":true,"href":"https:\/\/abinox-chr-clim.com\/index.php\/wp-json\/wp\/v2\/media\/104735"}],"wp:attachment":[{"href":"https:\/\/abinox-chr-clim.com\/index.php\/wp-json\/wp\/v2\/media?parent=69867"}],"wp:term":[{"taxonomy":"product_brand","embeddable":true,"href":"https:\/\/abinox-chr-clim.com\/index.php\/wp-json\/wp\/v2\/product_brand?post=69867"},{"taxonomy":"product_cat","embeddable":true,"href":"https:\/\/abinox-chr-clim.com\/index.php\/wp-json\/wp\/v2\/product_cat?post=69867"},{"taxonomy":"product_tag","embeddable":true,"href":"https:\/\/abinox-chr-clim.com\/index.php\/wp-json\/wp\/v2\/product_tag?post=69867"}],"curies":[{"name":"wp","href":"https:\/\/api.w.org\/{rel}","templated":true}]}}