{"id":69864,"date":"2024-03-22T18:40:50","date_gmt":"2024-03-22T17:40:50","guid":{"rendered":"https:\/\/abinox-chr-clim.com\/index.php\/product\/porte-assiettes-garnies-mobile-vogue-84-assiettes\/"},"modified":"2026-04-02T09:51:55","modified_gmt":"2026-04-02T07:51:55","slug":"porte-assiettes-garnies-mobile-vogue-84-assiettes","status":"publish","type":"product","link":"https:\/\/abinox-chr-clim.com\/index.php\/product\/porte-assiettes-garnies-mobile-vogue-84-assiettes\/","title":{"rendered":"Porte-assiettes garnies mobile Vogue 84 assiettes"},"content":{"rendered":"<p>Gagnez du temps et de l&rsquo;espace avec ce porte-assiettes vertical mobile pouvant contenir jusqu&rsquo;\u00e0 84 assiettes de 30cm, id\u00e9al pour stocker les assiettes pour les r\u00e9ceptions ou dans les chambres froides. 1900(H) x 700(L) x 700(P) mm.<br \/>Parfaitement mobile. Gain de place et de temps. Parfaitement mobile.<\/p>\n<p>Caract\u00e9ristiques :<br \/> Capacit\u00e9 : 200kg.<br \/> Dimensions : 1900(H) x 700(L) x 700(P)mm.<br \/> Mati\u00e8re : Acier inoxydable, aluminium, caoutchouc, PC, ABS, PP<\/p>\n","protected":false},"excerpt":{"rendered":"<p>Porte-assiettes garnies mobile Vogue 84 assiettes<\/p>\n","protected":false},"featured_media":101986,"comment_status":"closed","ping_status":"closed","template":"","meta":[],"product_brand":[],"product_cat":[1147,1146,1296,1154],"product_tag":[],"class_list":{"0":"post-69864","1":"product","2":"type-product","3":"status-publish","4":"has-post-thumbnail","6":"product_cat-chariots-et-rayonnages","7":"product_cat-mobilier-de-cuisine-chariots-et-echelles","8":"product_cat-palettisable","9":"product_cat-porte-assiettes","11":"first","12":"instock","13":"featured","14":"taxable","15":"shipping-taxable","16":"purchasable","17":"product-type-simple"},"_links":{"self":[{"href":"https:\/\/abinox-chr-clim.com\/index.php\/wp-json\/wp\/v2\/product\/69864","targetHints":{"allow":["GET"]}}],"collection":[{"href":"https:\/\/abinox-chr-clim.com\/index.php\/wp-json\/wp\/v2\/product"}],"about":[{"href":"https:\/\/abinox-chr-clim.com\/index.php\/wp-json\/wp\/v2\/types\/product"}],"replies":[{"embeddable":true,"href":"https:\/\/abinox-chr-clim.com\/index.php\/wp-json\/wp\/v2\/comments?post=69864"}],"wp:featuredmedia":[{"embeddable":true,"href":"https:\/\/abinox-chr-clim.com\/index.php\/wp-json\/wp\/v2\/media\/101986"}],"wp:attachment":[{"href":"https:\/\/abinox-chr-clim.com\/index.php\/wp-json\/wp\/v2\/media?parent=69864"}],"wp:term":[{"taxonomy":"product_brand","embeddable":true,"href":"https:\/\/abinox-chr-clim.com\/index.php\/wp-json\/wp\/v2\/product_brand?post=69864"},{"taxonomy":"product_cat","embeddable":true,"href":"https:\/\/abinox-chr-clim.com\/index.php\/wp-json\/wp\/v2\/product_cat?post=69864"},{"taxonomy":"product_tag","embeddable":true,"href":"https:\/\/abinox-chr-clim.com\/index.php\/wp-json\/wp\/v2\/product_tag?post=69864"}],"curies":[{"name":"wp","href":"https:\/\/api.w.org\/{rel}","templated":true}]}}