{"id":69861,"date":"2024-03-22T18:40:49","date_gmt":"2024-03-22T17:40:49","guid":{"rendered":"https:\/\/abinox-chr-clim.com\/index.php\/product\/etagere-murale-en-acier-inoxydable-vogue-1200mm\/"},"modified":"2026-04-24T09:29:03","modified_gmt":"2026-04-24T07:29:03","slug":"etagere-murale-en-acier-inoxydable-vogue-1200mm","status":"publish","type":"product","link":"https:\/\/abinox-chr-clim.com\/index.php\/product\/etagere-murale-en-acier-inoxydable-vogue-1200mm\/","title":{"rendered":"Etag\u00e8re murale en acier inoxydable Vogue 1200mm"},"content":{"rendered":"<p>Enti\u00e8rement en acier inoxydable tr\u00e8s robuste, chaque \u00e9tag\u00e8re supporte une charge maximale de 50 kg; solution id\u00e9ale pour \u00e9quiper la cuisine. Coussinets d&rsquo;insonorisation sous la tablette. Etag\u00e8re fournie avec 2 \u00e9querres \u00e0 fixer de chaque c\u00f4t\u00e9.<br \/>Patins antibruit sur le dessous de l&rsquo;\u00e9tag\u00e8re.Construction robuste. Supports inclus. R\u00e9f\u00e9rence soumise \u00e0 une Eco-participation mobilier de 0.36\u20ac par unit\u00e9 vendue. Id\u00e9al pour les casseroles, les po\u00eales, les r\u00e9cipients et les ustensiles.Etag\u00e8res fournies avec 2 \u00e9querres \u00e0 fixer de chaque c\u00f4t\u00e9. Capacit\u00e9 de poids maximale de 50 kg. R\u00e9f\u00e9rence soumise \u00e0 une Eco-participation mobilier de 0,27\u20ac par unit\u00e9 vendue. Patins antibruit sur le dessous de l&rsquo;\u00e9tag\u00e8re. .<br \/> Caract\u00e9ristiques :<br \/> Capacit\u00e9 : R\u00e9siste jusqu&rsquo;\u00e0 50kg.<br \/> Dimensions : 1200 x 300mm.<br \/> Mati\u00e8re : Acier inoxydable<\/p>\n","protected":false},"excerpt":{"rendered":"<p>Etag\u00e8re murale en acier inoxydable Vogue 1200mm<\/p>\n","protected":false},"featured_media":97827,"comment_status":"closed","ping_status":"closed","template":"","meta":[],"product_brand":[],"product_cat":[1147,1153,1146,1297],"product_tag":[],"class_list":{"0":"post-69861","1":"product","2":"type-product","3":"status-publish","4":"has-post-thumbnail","6":"product_cat-chariots-et-rayonnages","7":"product_cat-etageres-murales-et-placards","8":"product_cat-mobilier-de-cuisine-chariots-et-echelles","9":"product_cat-non-palettisable","10":"product_shipping_class-free-shipping","12":"first","13":"instock","14":"featured","15":"taxable","16":"shipping-taxable","17":"purchasable","18":"product-type-simple"},"_links":{"self":[{"href":"https:\/\/abinox-chr-clim.com\/index.php\/wp-json\/wp\/v2\/product\/69861","targetHints":{"allow":["GET"]}}],"collection":[{"href":"https:\/\/abinox-chr-clim.com\/index.php\/wp-json\/wp\/v2\/product"}],"about":[{"href":"https:\/\/abinox-chr-clim.com\/index.php\/wp-json\/wp\/v2\/types\/product"}],"replies":[{"embeddable":true,"href":"https:\/\/abinox-chr-clim.com\/index.php\/wp-json\/wp\/v2\/comments?post=69861"}],"wp:featuredmedia":[{"embeddable":true,"href":"https:\/\/abinox-chr-clim.com\/index.php\/wp-json\/wp\/v2\/media\/97827"}],"wp:attachment":[{"href":"https:\/\/abinox-chr-clim.com\/index.php\/wp-json\/wp\/v2\/media?parent=69861"}],"wp:term":[{"taxonomy":"product_brand","embeddable":true,"href":"https:\/\/abinox-chr-clim.com\/index.php\/wp-json\/wp\/v2\/product_brand?post=69861"},{"taxonomy":"product_cat","embeddable":true,"href":"https:\/\/abinox-chr-clim.com\/index.php\/wp-json\/wp\/v2\/product_cat?post=69861"},{"taxonomy":"product_tag","embeddable":true,"href":"https:\/\/abinox-chr-clim.com\/index.php\/wp-json\/wp\/v2\/product_tag?post=69861"}],"curies":[{"name":"wp","href":"https:\/\/api.w.org\/{rel}","templated":true}]}}