{"id":69858,"date":"2024-03-22T18:40:47","date_gmt":"2024-03-22T17:40:47","guid":{"rendered":"https:\/\/abinox-chr-clim.com\/index.php\/product\/etagere-murale-metallique-vogue-1220mm\/"},"modified":"2026-04-24T09:25:37","modified_gmt":"2026-04-24T07:25:37","slug":"etagere-murale-metallique-vogue-1220mm","status":"publish","type":"product","link":"https:\/\/abinox-chr-clim.com\/index.php\/product\/etagere-murale-metallique-vogue-1220mm\/","title":{"rendered":"\u00c9tag\u00e8re murale m\u00e9tallique Vogue 1220mm"},"content":{"rendered":"<p>\u00c9tag\u00e8re polyvalente en fil d&rsquo;acier recouvert de nickel chrome pour favoriser la circulation de l&rsquo;air, id\u00e9ale pour ranger les casseroles et autres \u00e9quipements. Capacit\u00e9 de charge maximale 30 kg. Livr\u00e9e avec supports.<br \/>La profondeur de 360 mm permet de ranger de grandes casseroles et po\u00eales. L&rsquo;\u00e9tag\u00e8re est facile \u00e0 installer sur la plupart des murs solides, ce qui permet de personnaliser le rangement. Supports inclus. R\u00e9f\u00e9rence soumise \u00e0 une Eco-participation mobilier de 0.24\u20ac par unit\u00e9 vendue. Les supports robustes permettent de garder \u00e0 port\u00e9e de main et en toute s\u00e9curit\u00e9 jusqu&rsquo;\u00e0 30 kg d&rsquo;\u00e9quipement de cuisine. La conception du fil permet la circulation de l&rsquo;air pour \u00e9viter l&rsquo;accumulation de bact\u00e9ries. L&rsquo;acier chrom\u00e9 offre une excellente r\u00e9sistance \u00e0 la rouille et \u00e0 la corrosion pour \u00e9viter les cassures.Charge maximale : 30 kg. R\u00e9f\u00e9rence soumise \u00e0 une Eco-participation mobilier de 0,18\u20ac par unit\u00e9 vendue. La profondeur de 360 mm permet de ranger de grandes casseroles et po\u00eales.<\/p>\n<p>Caract\u00e9ristiques :<br \/> Dimensions : 1220 x 360mm.<br \/> Mati\u00e8re : Acier nickel\u00e9 et chrom\u00e9.<\/p>\n","protected":false},"excerpt":{"rendered":"<p>\u00c9tag\u00e8re murale m\u00e9tallique Vogue 1220mm<\/p>\n","protected":false},"featured_media":98341,"comment_status":"closed","ping_status":"closed","template":"","meta":[],"product_brand":[],"product_cat":[1147,1153,1146,1297],"product_tag":[],"class_list":{"0":"post-69858","1":"product","2":"type-product","3":"status-publish","4":"has-post-thumbnail","6":"product_cat-chariots-et-rayonnages","7":"product_cat-etageres-murales-et-placards","8":"product_cat-mobilier-de-cuisine-chariots-et-echelles","9":"product_cat-non-palettisable","10":"product_shipping_class-free-shipping","12":"first","13":"instock","14":"featured","15":"taxable","16":"shipping-taxable","17":"purchasable","18":"product-type-simple"},"_links":{"self":[{"href":"https:\/\/abinox-chr-clim.com\/index.php\/wp-json\/wp\/v2\/product\/69858","targetHints":{"allow":["GET"]}}],"collection":[{"href":"https:\/\/abinox-chr-clim.com\/index.php\/wp-json\/wp\/v2\/product"}],"about":[{"href":"https:\/\/abinox-chr-clim.com\/index.php\/wp-json\/wp\/v2\/types\/product"}],"replies":[{"embeddable":true,"href":"https:\/\/abinox-chr-clim.com\/index.php\/wp-json\/wp\/v2\/comments?post=69858"}],"wp:featuredmedia":[{"embeddable":true,"href":"https:\/\/abinox-chr-clim.com\/index.php\/wp-json\/wp\/v2\/media\/98341"}],"wp:attachment":[{"href":"https:\/\/abinox-chr-clim.com\/index.php\/wp-json\/wp\/v2\/media?parent=69858"}],"wp:term":[{"taxonomy":"product_brand","embeddable":true,"href":"https:\/\/abinox-chr-clim.com\/index.php\/wp-json\/wp\/v2\/product_brand?post=69858"},{"taxonomy":"product_cat","embeddable":true,"href":"https:\/\/abinox-chr-clim.com\/index.php\/wp-json\/wp\/v2\/product_cat?post=69858"},{"taxonomy":"product_tag","embeddable":true,"href":"https:\/\/abinox-chr-clim.com\/index.php\/wp-json\/wp\/v2\/product_tag?post=69858"}],"curies":[{"name":"wp","href":"https:\/\/api.w.org\/{rel}","templated":true}]}}