{"id":69856,"date":"2024-03-22T18:40:46","date_gmt":"2024-03-22T17:40:46","guid":{"rendered":"https:\/\/abinox-chr-clim.com\/index.php\/product\/etagere-murale-metallique-vogue-610mm\/"},"modified":"2026-04-24T09:25:35","modified_gmt":"2026-04-24T07:25:35","slug":"etagere-murale-metallique-vogue-610mm","status":"publish","type":"product","link":"https:\/\/abinox-chr-clim.com\/index.php\/product\/etagere-murale-metallique-vogue-610mm\/","title":{"rendered":"Etag\u00e8re murale m\u00e9tallique Vogue 610mm"},"content":{"rendered":"<p>\u00c9tag\u00e8re polyvalente en fil d&rsquo;acier recouvert de nickel chrome pour favoriser la circulation de l&rsquo;air, id\u00e9ale pour ranger les casseroles et autres \u00e9quipements. Capacit\u00e9 de charge maximale 30 kg. Livr\u00e9e avec supports.<br \/>Profonde (360 mm), elle permet le stockage des grandes casseroles et des po\u00eales encombrantes.Les supports robustes peuvent contenir en toute s\u00e9curit\u00e9 jusqu&rsquo;\u00e0 30 kg d&rsquo;\u00e9quipement de cuisine \u00e0 port\u00e9e de main.La conception grillag\u00e9e permet la circulation de l&rsquo;air pour emp\u00eacher l&rsquo;accumulation de bact\u00e9ries.R\u00e9f\u00e9rence soumise \u00e0 une Eco-participation mobilier de 0.15\u20ac par unit\u00e9 vendue. \u00c9tag\u00e8re facile \u00e0 installer sur la plupart des parois solides, permettant un rangement personnalisable.Supports inclus.Charge maximale\u00a0: 30 kg. L&rsquo;acier chrom\u00e9 offre une excellente durabilit\u00e9 contre la rouille et la corrosion pour \u00e9viter les cassures. R\u00e9f\u00e9rence soumise \u00e0 une Eco-participation mobilier de 0,15\u20ac par unit\u00e9 vendue. Profonde (360 mm), elle permet le stockage des grandes casseroles et des po\u00eales encombrantes. .<br \/> Caract\u00e9ristiques :<br \/> Dimensions : 610 x 360mm.<br \/> Mati\u00e8re : Acier nickel\u00e9 et chrom\u00e9.<\/p>\n","protected":false},"excerpt":{"rendered":"<p>Etag\u00e8re murale m\u00e9tallique Vogue 610mm<\/p>\n","protected":false},"featured_media":98341,"comment_status":"closed","ping_status":"closed","template":"","meta":[],"product_brand":[],"product_cat":[1147,1153,1146,1297],"product_tag":[],"class_list":{"0":"post-69856","1":"product","2":"type-product","3":"status-publish","4":"has-post-thumbnail","6":"product_cat-chariots-et-rayonnages","7":"product_cat-etageres-murales-et-placards","8":"product_cat-mobilier-de-cuisine-chariots-et-echelles","9":"product_cat-non-palettisable","10":"product_shipping_class-free-shipping","12":"first","13":"outofstock","14":"featured","15":"taxable","16":"shipping-taxable","17":"purchasable","18":"product-type-simple"},"_links":{"self":[{"href":"https:\/\/abinox-chr-clim.com\/index.php\/wp-json\/wp\/v2\/product\/69856","targetHints":{"allow":["GET"]}}],"collection":[{"href":"https:\/\/abinox-chr-clim.com\/index.php\/wp-json\/wp\/v2\/product"}],"about":[{"href":"https:\/\/abinox-chr-clim.com\/index.php\/wp-json\/wp\/v2\/types\/product"}],"replies":[{"embeddable":true,"href":"https:\/\/abinox-chr-clim.com\/index.php\/wp-json\/wp\/v2\/comments?post=69856"}],"wp:featuredmedia":[{"embeddable":true,"href":"https:\/\/abinox-chr-clim.com\/index.php\/wp-json\/wp\/v2\/media\/98341"}],"wp:attachment":[{"href":"https:\/\/abinox-chr-clim.com\/index.php\/wp-json\/wp\/v2\/media?parent=69856"}],"wp:term":[{"taxonomy":"product_brand","embeddable":true,"href":"https:\/\/abinox-chr-clim.com\/index.php\/wp-json\/wp\/v2\/product_brand?post=69856"},{"taxonomy":"product_cat","embeddable":true,"href":"https:\/\/abinox-chr-clim.com\/index.php\/wp-json\/wp\/v2\/product_cat?post=69856"},{"taxonomy":"product_tag","embeddable":true,"href":"https:\/\/abinox-chr-clim.com\/index.php\/wp-json\/wp\/v2\/product_tag?post=69856"}],"curies":[{"name":"wp","href":"https:\/\/api.w.org\/{rel}","templated":true}]}}