{"id":69855,"date":"2024-03-22T18:40:46","date_gmt":"2024-03-22T17:40:46","guid":{"rendered":"https:\/\/abinox-chr-clim.com\/index.php\/product\/cremaillere-inox-pour-etageres-murales-gastro-m-1000mm\/"},"modified":"2026-04-24T09:41:50","modified_gmt":"2026-04-24T07:41:50","slug":"cremaillere-inox-pour-etageres-murales-gastro-m-1000mm","status":"publish","type":"product","link":"https:\/\/abinox-chr-clim.com\/index.php\/product\/cremaillere-inox-pour-etageres-murales-gastro-m-1000mm\/","title":{"rendered":"Cr\u00e9maill\u00e8re inox pour \u00e9tag\u00e8res murales Gastro M 1000mm"},"content":{"rendered":"<p>Cr\u00e9maill\u00e8res inox pour \u00e9querres r\u00e9glables permettant de supporter les \u00e9tag\u00e8res. Vendues \u00e0 l&rsquo;unit\u00e9.<br \/>Enti\u00e8rement en inox AISI 430. Fixation murale. Enti\u00e8rement en inox AISI 430.<\/p>\n<p>Caract\u00e9ristiques :<br \/> Dimensions : 1000(P) mm.<br \/> Mati\u00e8re : Inox 430.<br \/> Couleur : Acier inoxydable.<\/p>\n","protected":false},"excerpt":{"rendered":"<p>Cr\u00e9maill\u00e8re inox pour \u00e9tag\u00e8res murales Gastro M 1000mm<\/p>\n","protected":false},"featured_media":102435,"comment_status":"closed","ping_status":"closed","template":"","meta":[],"product_brand":[],"product_cat":[1147,1153,1146,1297],"product_tag":[],"class_list":{"0":"post-69855","1":"product","2":"type-product","3":"status-publish","4":"has-post-thumbnail","6":"product_cat-chariots-et-rayonnages","7":"product_cat-etageres-murales-et-placards","8":"product_cat-mobilier-de-cuisine-chariots-et-echelles","9":"product_cat-non-palettisable","10":"product_shipping_class-free-shipping","12":"first","13":"instock","14":"featured","15":"taxable","16":"shipping-taxable","17":"purchasable","18":"product-type-simple"},"_links":{"self":[{"href":"https:\/\/abinox-chr-clim.com\/index.php\/wp-json\/wp\/v2\/product\/69855","targetHints":{"allow":["GET"]}}],"collection":[{"href":"https:\/\/abinox-chr-clim.com\/index.php\/wp-json\/wp\/v2\/product"}],"about":[{"href":"https:\/\/abinox-chr-clim.com\/index.php\/wp-json\/wp\/v2\/types\/product"}],"replies":[{"embeddable":true,"href":"https:\/\/abinox-chr-clim.com\/index.php\/wp-json\/wp\/v2\/comments?post=69855"}],"wp:featuredmedia":[{"embeddable":true,"href":"https:\/\/abinox-chr-clim.com\/index.php\/wp-json\/wp\/v2\/media\/102435"}],"wp:attachment":[{"href":"https:\/\/abinox-chr-clim.com\/index.php\/wp-json\/wp\/v2\/media?parent=69855"}],"wp:term":[{"taxonomy":"product_brand","embeddable":true,"href":"https:\/\/abinox-chr-clim.com\/index.php\/wp-json\/wp\/v2\/product_brand?post=69855"},{"taxonomy":"product_cat","embeddable":true,"href":"https:\/\/abinox-chr-clim.com\/index.php\/wp-json\/wp\/v2\/product_cat?post=69855"},{"taxonomy":"product_tag","embeddable":true,"href":"https:\/\/abinox-chr-clim.com\/index.php\/wp-json\/wp\/v2\/product_tag?post=69855"}],"curies":[{"name":"wp","href":"https:\/\/api.w.org\/{rel}","templated":true}]}}