{"id":69850,"date":"2024-03-22T18:40:44","date_gmt":"2024-03-22T17:40:44","guid":{"rendered":"https:\/\/abinox-chr-clim.com\/index.php\/product\/etagere-murale-inox-sans-supports-gastro-m-1800-x-400mm\/"},"modified":"2026-04-02T09:19:51","modified_gmt":"2026-04-02T07:19:51","slug":"etagere-murale-inox-sans-supports-gastro-m-1800-x-400mm","status":"publish","type":"product","link":"https:\/\/abinox-chr-clim.com\/index.php\/product\/etagere-murale-inox-sans-supports-gastro-m-1800-x-400mm\/","title":{"rendered":"Etag\u00e8re murale inox sans supports Gastro M 1800 x 400mm"},"content":{"rendered":"<p>Etag\u00e8res murales en acier inoxydable AISI430, vendues \u00e0 l&rsquo;unit\u00e9 et sans supports.<br \/>Enti\u00e8rement en inox AISI 430. Equerres vendues s\u00e9par\u00e9ment (GN190). Cr\u00e9maill\u00e8res vendues s\u00e9par\u00e9ment (GN191, GN192 ou GN193). R\u00e9f\u00e9rence soumise \u00e0 une Eco-participation mobilier de 0.02\u20ac par unit\u00e9 vendue.  Sans supports. R\u00e9f\u00e9rence soumise \u00e0 une Eco-participation mobilier de 0,13\u20ac par unit\u00e9 vendue. Enti\u00e8rement en inox AISI 430.<\/p>\n<p>Caract\u00e9ristiques :<br \/> Dimensions : 40(H) x 1800(L) x 400(P) mm.<br \/> Mati\u00e8re : Inox 430<\/p>\n","protected":false},"excerpt":{"rendered":"<p>Etag\u00e8re murale inox sans supports Gastro M 1800 x 400mm<\/p>\n","protected":false},"featured_media":102425,"comment_status":"closed","ping_status":"closed","template":"","meta":[],"product_brand":[],"product_cat":[1147,1153,1146,1296],"product_tag":[],"class_list":{"0":"post-69850","1":"product","2":"type-product","3":"status-publish","4":"has-post-thumbnail","6":"product_cat-chariots-et-rayonnages","7":"product_cat-etageres-murales-et-placards","8":"product_cat-mobilier-de-cuisine-chariots-et-echelles","9":"product_cat-palettisable","11":"first","12":"instock","13":"featured","14":"taxable","15":"shipping-taxable","16":"purchasable","17":"product-type-simple"},"_links":{"self":[{"href":"https:\/\/abinox-chr-clim.com\/index.php\/wp-json\/wp\/v2\/product\/69850","targetHints":{"allow":["GET"]}}],"collection":[{"href":"https:\/\/abinox-chr-clim.com\/index.php\/wp-json\/wp\/v2\/product"}],"about":[{"href":"https:\/\/abinox-chr-clim.com\/index.php\/wp-json\/wp\/v2\/types\/product"}],"replies":[{"embeddable":true,"href":"https:\/\/abinox-chr-clim.com\/index.php\/wp-json\/wp\/v2\/comments?post=69850"}],"wp:featuredmedia":[{"embeddable":true,"href":"https:\/\/abinox-chr-clim.com\/index.php\/wp-json\/wp\/v2\/media\/102425"}],"wp:attachment":[{"href":"https:\/\/abinox-chr-clim.com\/index.php\/wp-json\/wp\/v2\/media?parent=69850"}],"wp:term":[{"taxonomy":"product_brand","embeddable":true,"href":"https:\/\/abinox-chr-clim.com\/index.php\/wp-json\/wp\/v2\/product_brand?post=69850"},{"taxonomy":"product_cat","embeddable":true,"href":"https:\/\/abinox-chr-clim.com\/index.php\/wp-json\/wp\/v2\/product_cat?post=69850"},{"taxonomy":"product_tag","embeddable":true,"href":"https:\/\/abinox-chr-clim.com\/index.php\/wp-json\/wp\/v2\/product_tag?post=69850"}],"curies":[{"name":"wp","href":"https:\/\/api.w.org\/{rel}","templated":true}]}}