{"id":69820,"date":"2024-03-22T18:40:27","date_gmt":"2024-03-22T17:40:27","guid":{"rendered":"https:\/\/abinox-chr-clim.com\/index.php\/product\/paniers-chromes-vogue-915mm-lot-de-2\/"},"modified":"2026-04-14T09:25:18","modified_gmt":"2026-04-14T07:25:18","slug":"paniers-chromes-vogue-915mm-lot-de-2","status":"publish","type":"product","link":"https:\/\/abinox-chr-clim.com\/index.php\/product\/paniers-chromes-vogue-915mm-lot-de-2\/","title":{"rendered":"Paniers chrom\u00e9s Vogue 915mm (Lot de 2)"},"content":{"rendered":"<p>Lot de 2 paniers de 105 mm de haut \u00e0 utiliser uniquement avec les rayonnages de 457 mm de profondeur. Fournis avec 8 paires de clips.<br \/>Profondeur du panier: 105mm.  R\u00e9f\u00e9rence soumise \u00e0 une Eco-participation mobilier de 0.33\u20ac par unit\u00e9 vendue. Livr\u00e9e avec 4 paires de crochets.Compatible uniquement avec des \u00e9tag\u00e8res de profondeur 457mm. R\u00e9f\u00e9rence soumise \u00e0 une Eco-participation mobilier de 0,26\u20ac par unit\u00e9 vendue. Profondeur du panier: 105mm. .<br \/> Caract\u00e9ristiques :<br \/>Lot : 2.<br \/> Dimensions : 915 x 457mm.<br \/> Mati\u00e8re : Chrom\u00e9<\/p>\n","protected":false},"excerpt":{"rendered":"<p>Paniers chrom\u00e9s Vogue 915mm (Lot de 2)<\/p>\n","protected":false},"featured_media":103556,"comment_status":"closed","ping_status":"closed","template":"","meta":[],"product_brand":[],"product_cat":[1147,1152,1146,1297],"product_tag":[],"class_list":{"0":"post-69820","1":"product","2":"type-product","3":"status-publish","4":"has-post-thumbnail","6":"product_cat-chariots-et-rayonnages","7":"product_cat-etageres-modulaires","8":"product_cat-mobilier-de-cuisine-chariots-et-echelles","9":"product_cat-non-palettisable","10":"product_shipping_class-free-shipping","12":"first","13":"outofstock","14":"featured","15":"taxable","16":"shipping-taxable","17":"purchasable","18":"product-type-simple"},"_links":{"self":[{"href":"https:\/\/abinox-chr-clim.com\/index.php\/wp-json\/wp\/v2\/product\/69820","targetHints":{"allow":["GET"]}}],"collection":[{"href":"https:\/\/abinox-chr-clim.com\/index.php\/wp-json\/wp\/v2\/product"}],"about":[{"href":"https:\/\/abinox-chr-clim.com\/index.php\/wp-json\/wp\/v2\/types\/product"}],"replies":[{"embeddable":true,"href":"https:\/\/abinox-chr-clim.com\/index.php\/wp-json\/wp\/v2\/comments?post=69820"}],"wp:featuredmedia":[{"embeddable":true,"href":"https:\/\/abinox-chr-clim.com\/index.php\/wp-json\/wp\/v2\/media\/103556"}],"wp:attachment":[{"href":"https:\/\/abinox-chr-clim.com\/index.php\/wp-json\/wp\/v2\/media?parent=69820"}],"wp:term":[{"taxonomy":"product_brand","embeddable":true,"href":"https:\/\/abinox-chr-clim.com\/index.php\/wp-json\/wp\/v2\/product_brand?post=69820"},{"taxonomy":"product_cat","embeddable":true,"href":"https:\/\/abinox-chr-clim.com\/index.php\/wp-json\/wp\/v2\/product_cat?post=69820"},{"taxonomy":"product_tag","embeddable":true,"href":"https:\/\/abinox-chr-clim.com\/index.php\/wp-json\/wp\/v2\/product_tag?post=69820"}],"curies":[{"name":"wp","href":"https:\/\/api.w.org\/{rel}","templated":true}]}}