{"id":69818,"date":"2024-03-22T18:40:26","date_gmt":"2024-03-22T17:40:26","guid":{"rendered":"https:\/\/abinox-chr-clim.com\/index.php\/product\/lot-de-2-etageres-metalliques-vogue-1525x-610mm\/"},"modified":"2026-04-14T09:23:25","modified_gmt":"2026-04-14T07:23:25","slug":"lot-de-2-etageres-metalliques-vogue-1525x-610mm","status":"publish","type":"product","link":"https:\/\/abinox-chr-clim.com\/index.php\/product\/lot-de-2-etageres-metalliques-vogue-1525x-610mm\/","title":{"rendered":"Lot de 2 \u00e9tag\u00e8res m\u00e9talliques Vogue 1525x 610mm"},"content":{"rendered":"<p>Lot de 2 \u00e9tag\u00e8res avec 8 paires de clips d&rsquo;\u00e9tag\u00e8res.<br \/>. R\u00e9f\u00e9rence soumise \u00e0 une Eco-participation mobilier de 0.66\u20ac par unit\u00e9 vendue.  R\u00e9f\u00e9rence soumise \u00e0 une Eco-participation mobilier de 0,45\u20ac par unit\u00e9 vendue. .<\/p>\n<p>Caract\u00e9ristiques :<br \/>Lot : 2.<br \/> Dimensions : 1525(l) x 610(l)mm.<br \/> Mati\u00e8re : Inox nickel\u00e9 et chrom\u00e9<\/p>\n","protected":false},"excerpt":{"rendered":"<p>Lot de 2 \u00e9tag\u00e8res m\u00e9talliques Vogue 1525x 610mm<\/p>\n","protected":false},"featured_media":98884,"comment_status":"closed","ping_status":"closed","template":"","meta":[],"product_brand":[],"product_cat":[1147,1152,1146,1296],"product_tag":[],"class_list":{"0":"post-69818","1":"product","2":"type-product","3":"status-publish","4":"has-post-thumbnail","6":"product_cat-chariots-et-rayonnages","7":"product_cat-etageres-modulaires","8":"product_cat-mobilier-de-cuisine-chariots-et-echelles","9":"product_cat-palettisable","11":"first","12":"instock","13":"featured","14":"taxable","15":"shipping-taxable","16":"purchasable","17":"product-type-simple"},"_links":{"self":[{"href":"https:\/\/abinox-chr-clim.com\/index.php\/wp-json\/wp\/v2\/product\/69818","targetHints":{"allow":["GET"]}}],"collection":[{"href":"https:\/\/abinox-chr-clim.com\/index.php\/wp-json\/wp\/v2\/product"}],"about":[{"href":"https:\/\/abinox-chr-clim.com\/index.php\/wp-json\/wp\/v2\/types\/product"}],"replies":[{"embeddable":true,"href":"https:\/\/abinox-chr-clim.com\/index.php\/wp-json\/wp\/v2\/comments?post=69818"}],"wp:featuredmedia":[{"embeddable":true,"href":"https:\/\/abinox-chr-clim.com\/index.php\/wp-json\/wp\/v2\/media\/98884"}],"wp:attachment":[{"href":"https:\/\/abinox-chr-clim.com\/index.php\/wp-json\/wp\/v2\/media?parent=69818"}],"wp:term":[{"taxonomy":"product_brand","embeddable":true,"href":"https:\/\/abinox-chr-clim.com\/index.php\/wp-json\/wp\/v2\/product_brand?post=69818"},{"taxonomy":"product_cat","embeddable":true,"href":"https:\/\/abinox-chr-clim.com\/index.php\/wp-json\/wp\/v2\/product_cat?post=69818"},{"taxonomy":"product_tag","embeddable":true,"href":"https:\/\/abinox-chr-clim.com\/index.php\/wp-json\/wp\/v2\/product_tag?post=69818"}],"curies":[{"name":"wp","href":"https:\/\/api.w.org\/{rel}","templated":true}]}}