{"id":69809,"date":"2024-03-22T18:40:21","date_gmt":"2024-03-22T17:40:21","guid":{"rendered":"https:\/\/abinox-chr-clim.com\/index.php\/product\/tour-de-rangement-metallique-4-niveaux-vogue\/"},"modified":"2026-04-14T09:23:15","modified_gmt":"2026-04-14T07:23:15","slug":"tour-de-rangement-metallique-4-niveaux-vogue","status":"publish","type":"product","link":"https:\/\/abinox-chr-clim.com\/index.php\/product\/tour-de-rangement-metallique-4-niveaux-vogue\/","title":{"rendered":"Tour de rangement m\u00e9tallique 4 niveaux Vogue"},"content":{"rendered":"<p>Etag\u00e8res \u00e0 hauteur r\u00e9glable pouvant \u00eatre install\u00e9es en quelques minutes, sans aucun outil.Convient pour les petits espaces. Peut \u00eatre utilis\u00e9e avec ou sans roulettes (vendues s\u00e9par\u00e9ment).<br \/>\u00c9tag\u00e8re m\u00e9tallique multifonction. Etag\u00e8res \u00e0 hauteur r\u00e9glable tous les 25cm.Montage facile en quelques minutes, aucun outil requis.R\u00e9f\u00e9rence soumise \u00e0 une Eco-participation mobilier de 0.76\u20ac par unit\u00e9 vendue. \u00c9tag\u00e8res enti\u00e8rement r\u00e9glables en hauteur. Se monte en quelques minutes sans aucun outil. Charge maximale\u00a0: 150 kg.Convient pour une utilisation avec roulettes Vogue (U885). \u00c9tag\u00e8re m\u00e9tallique multifonction.<\/p>\n<p>Caract\u00e9ristiques :<br \/> Dimensions : 1830(h) x 610(l) x 610(p)mm.<br \/> Mati\u00e8re : Zinc galvanis\u00e9<\/p>\n","protected":false},"excerpt":{"rendered":"<p>Tour de rangement m\u00e9tallique 4 niveaux Vogue<\/p>\n","protected":false},"featured_media":103242,"comment_status":"closed","ping_status":"closed","template":"","meta":[],"product_brand":[],"product_cat":[1147,1152,1146,1297],"product_tag":[],"class_list":{"0":"post-69809","1":"product","2":"type-product","3":"status-publish","4":"has-post-thumbnail","6":"product_cat-chariots-et-rayonnages","7":"product_cat-etageres-modulaires","8":"product_cat-mobilier-de-cuisine-chariots-et-echelles","9":"product_cat-non-palettisable","10":"product_shipping_class-free-shipping","12":"first","13":"instock","14":"featured","15":"taxable","16":"shipping-taxable","17":"purchasable","18":"product-type-simple"},"_links":{"self":[{"href":"https:\/\/abinox-chr-clim.com\/index.php\/wp-json\/wp\/v2\/product\/69809","targetHints":{"allow":["GET"]}}],"collection":[{"href":"https:\/\/abinox-chr-clim.com\/index.php\/wp-json\/wp\/v2\/product"}],"about":[{"href":"https:\/\/abinox-chr-clim.com\/index.php\/wp-json\/wp\/v2\/types\/product"}],"replies":[{"embeddable":true,"href":"https:\/\/abinox-chr-clim.com\/index.php\/wp-json\/wp\/v2\/comments?post=69809"}],"wp:featuredmedia":[{"embeddable":true,"href":"https:\/\/abinox-chr-clim.com\/index.php\/wp-json\/wp\/v2\/media\/103242"}],"wp:attachment":[{"href":"https:\/\/abinox-chr-clim.com\/index.php\/wp-json\/wp\/v2\/media?parent=69809"}],"wp:term":[{"taxonomy":"product_brand","embeddable":true,"href":"https:\/\/abinox-chr-clim.com\/index.php\/wp-json\/wp\/v2\/product_brand?post=69809"},{"taxonomy":"product_cat","embeddable":true,"href":"https:\/\/abinox-chr-clim.com\/index.php\/wp-json\/wp\/v2\/product_cat?post=69809"},{"taxonomy":"product_tag","embeddable":true,"href":"https:\/\/abinox-chr-clim.com\/index.php\/wp-json\/wp\/v2\/product_tag?post=69809"}],"curies":[{"name":"wp","href":"https:\/\/api.w.org\/{rel}","templated":true}]}}