{"id":69805,"date":"2024-03-22T18:40:18","date_gmt":"2024-03-22T17:40:18","guid":{"rendered":"https:\/\/abinox-chr-clim.com\/index.php\/product\/etagere-en-kit-4-niveaux-vogue-915-x-610mm\/"},"modified":"2026-04-02T09:06:23","modified_gmt":"2026-04-02T07:06:23","slug":"etagere-en-kit-4-niveaux-vogue-915-x-610mm","status":"publish","type":"product","link":"https:\/\/abinox-chr-clim.com\/index.php\/product\/etagere-en-kit-4-niveaux-vogue-915-x-610mm\/","title":{"rendered":"\u00c9tag\u00e8re en kit 4 niveaux Vogue 915 x 610mm"},"content":{"rendered":"<p>Syst\u00e8me d&rsquo;\u00e9tag\u00e8res m\u00e9talliques en zinc galvanis\u00e9 pour tout type de stockage.  Tr\u00e8s solides, les \u00e9tag\u00e8res grillag\u00e9es permettent \u00e0 l&rsquo;air de circuler, notamment dans les chambres froides.   Chaque kit comprend 4 montants de 1830 mm (hauteur),  4 \u00e9tag\u00e8res et les clips. Pieds r\u00e9glables en hauteur.<br \/>4 solides \u00e9tag\u00e8res r\u00e9glables &#8211; peuvent \u00eatre r\u00e9gl\u00e9es \u00e0 n&rsquo;importe quelle hauteur. Facile \u00e0 assembler &#8211; aucun outil requis. Les \u00e9tag\u00e8res en fil m\u00e9tallique permettent une bonne circulation de l&rsquo;air &#8211; pas d&rsquo;accumulation d&rsquo;humidit\u00e9. R\u00e9f\u00e9rence soumise \u00e0 une Eco-participation mobilier de 0.92\u20ac par unit\u00e9 vendue. Fourni avec des pieds r\u00e9glables pour un positionnement facile sur un sol irr\u00e9gulier. Peut \u00eatre \u00e9quip\u00e9 de roulettes (U885). Charge maximale : 160kg.Design facile \u00e0 nettoyer. R\u00e9f\u00e9rence soumise \u00e0 une Eco-participation mobilier de 0,68\u20ac par unit\u00e9 vendue. 4 solides \u00e9tag\u00e8res r\u00e9glables &#8211; peuvent \u00eatre r\u00e9gl\u00e9es \u00e0 n&rsquo;importe quelle hauteur.<\/p>\n<p>Caract\u00e9ristiques :<br \/> Capacit\u00e9 : 160kg maximum.<br \/> Dimensions : P61 x H183 x L91.5cm.<br \/> Mati\u00e8re : M\u00e9tal galvanis\u00e9 avec du zinc<\/p>\n","protected":false},"excerpt":{"rendered":"<p>\u00c9tag\u00e8re en kit 4 niveaux Vogue 915 x 610mm<\/p>\n","protected":false},"featured_media":103237,"comment_status":"closed","ping_status":"closed","template":"","meta":[],"product_brand":[],"product_cat":[1147,1152,1146,1297],"product_tag":[],"class_list":{"0":"post-69805","1":"product","2":"type-product","3":"status-publish","4":"has-post-thumbnail","6":"product_cat-chariots-et-rayonnages","7":"product_cat-etageres-modulaires","8":"product_cat-mobilier-de-cuisine-chariots-et-echelles","9":"product_cat-non-palettisable","10":"product_shipping_class-free-shipping","12":"first","13":"instock","14":"featured","15":"taxable","16":"shipping-taxable","17":"purchasable","18":"product-type-simple"},"_links":{"self":[{"href":"https:\/\/abinox-chr-clim.com\/index.php\/wp-json\/wp\/v2\/product\/69805","targetHints":{"allow":["GET"]}}],"collection":[{"href":"https:\/\/abinox-chr-clim.com\/index.php\/wp-json\/wp\/v2\/product"}],"about":[{"href":"https:\/\/abinox-chr-clim.com\/index.php\/wp-json\/wp\/v2\/types\/product"}],"replies":[{"embeddable":true,"href":"https:\/\/abinox-chr-clim.com\/index.php\/wp-json\/wp\/v2\/comments?post=69805"}],"wp:featuredmedia":[{"embeddable":true,"href":"https:\/\/abinox-chr-clim.com\/index.php\/wp-json\/wp\/v2\/media\/103237"}],"wp:attachment":[{"href":"https:\/\/abinox-chr-clim.com\/index.php\/wp-json\/wp\/v2\/media?parent=69805"}],"wp:term":[{"taxonomy":"product_brand","embeddable":true,"href":"https:\/\/abinox-chr-clim.com\/index.php\/wp-json\/wp\/v2\/product_brand?post=69805"},{"taxonomy":"product_cat","embeddable":true,"href":"https:\/\/abinox-chr-clim.com\/index.php\/wp-json\/wp\/v2\/product_cat?post=69805"},{"taxonomy":"product_tag","embeddable":true,"href":"https:\/\/abinox-chr-clim.com\/index.php\/wp-json\/wp\/v2\/product_tag?post=69805"}],"curies":[{"name":"wp","href":"https:\/\/api.w.org\/{rel}","templated":true}]}}