{"id":69804,"date":"2024-03-22T18:40:18","date_gmt":"2024-03-22T17:40:18","guid":{"rendered":"https:\/\/abinox-chr-clim.com\/index.php\/product\/butee-pour-etageres-vogue\/"},"modified":"2026-04-02T09:02:14","modified_gmt":"2026-04-02T07:02:14","slug":"butee-pour-etageres-vogue","status":"publish","type":"product","link":"https:\/\/abinox-chr-clim.com\/index.php\/product\/butee-pour-etageres-vogue\/","title":{"rendered":"But\u00e9e pour \u00e9tag\u00e8res Vogue"},"content":{"rendered":"<p>Facile \u00e0 cliper. Pour maintenir vos \u00e9tag\u00e8res en toute s\u00e9curit\u00e9. Modulez vos \u00e9tag\u00e8res sans outil. En plastique. Vendue \u00e0 l&rsquo;unit\u00e9.  Facile \u00e0 cliper.<\/p>\n<p>Caract\u00e9ristiques :<br \/> Mati\u00e8re : Plastique.<\/p>\n","protected":false},"excerpt":{"rendered":"<p>But\u00e9e pour \u00e9tag\u00e8res Vogue<\/p>\n","protected":false},"featured_media":103236,"comment_status":"closed","ping_status":"closed","template":"","meta":[],"product_brand":[],"product_cat":[1147,1152,1146,1297],"product_tag":[],"class_list":{"0":"post-69804","1":"product","2":"type-product","3":"status-publish","4":"has-post-thumbnail","6":"product_cat-chariots-et-rayonnages","7":"product_cat-etageres-modulaires","8":"product_cat-mobilier-de-cuisine-chariots-et-echelles","9":"product_cat-non-palettisable","10":"product_shipping_class-free-shipping","12":"first","13":"outofstock","14":"featured","15":"taxable","16":"shipping-taxable","17":"purchasable","18":"product-type-simple"},"_links":{"self":[{"href":"https:\/\/abinox-chr-clim.com\/index.php\/wp-json\/wp\/v2\/product\/69804","targetHints":{"allow":["GET"]}}],"collection":[{"href":"https:\/\/abinox-chr-clim.com\/index.php\/wp-json\/wp\/v2\/product"}],"about":[{"href":"https:\/\/abinox-chr-clim.com\/index.php\/wp-json\/wp\/v2\/types\/product"}],"replies":[{"embeddable":true,"href":"https:\/\/abinox-chr-clim.com\/index.php\/wp-json\/wp\/v2\/comments?post=69804"}],"wp:featuredmedia":[{"embeddable":true,"href":"https:\/\/abinox-chr-clim.com\/index.php\/wp-json\/wp\/v2\/media\/103236"}],"wp:attachment":[{"href":"https:\/\/abinox-chr-clim.com\/index.php\/wp-json\/wp\/v2\/media?parent=69804"}],"wp:term":[{"taxonomy":"product_brand","embeddable":true,"href":"https:\/\/abinox-chr-clim.com\/index.php\/wp-json\/wp\/v2\/product_brand?post=69804"},{"taxonomy":"product_cat","embeddable":true,"href":"https:\/\/abinox-chr-clim.com\/index.php\/wp-json\/wp\/v2\/product_cat?post=69804"},{"taxonomy":"product_tag","embeddable":true,"href":"https:\/\/abinox-chr-clim.com\/index.php\/wp-json\/wp\/v2\/product_tag?post=69804"}],"curies":[{"name":"wp","href":"https:\/\/api.w.org\/{rel}","templated":true}]}}