{"id":69790,"date":"2024-03-22T18:40:12","date_gmt":"2024-03-22T17:40:12","guid":{"rendered":"https:\/\/abinox-chr-clim.com\/index.php\/product\/rayonnage-euro-jackstack-by-rea-1000mm-x-400mm\/"},"modified":"2026-04-24T09:51:05","modified_gmt":"2026-04-24T07:51:05","slug":"rayonnage-euro-jackstack-by-rea-1000mm-x-400mm","status":"publish","type":"product","link":"https:\/\/abinox-chr-clim.com\/index.php\/product\/rayonnage-euro-jackstack-by-rea-1000mm-x-400mm\/","title":{"rendered":"Rayonnage Euro Jackstack by Rea 1000mm x 400mm"},"content":{"rendered":"<p>Qualit\u00e9, fonctionnalit\u00e9 et durabilit\u00e9 sont \u00e0 la base du succ\u00e8s des rayonnages Jackstack\u00ae. Le syst\u00e8me r\u00e9pond aux normes HACCP et le mat\u00e9riau l\u00e9ger est extr\u00eamement solide et stable.<br \/>Certifi\u00e9 NSF et T\u00dcV. R\u00e9sistent \u00e0 des temp\u00e9ratures de -40\u00b0C \u00e0 +80\u00b0C. Capacit\u00e9 de 200kg par \u00e9tag\u00e8re. R\u00e9f\u00e9rence soumise \u00e0 une Eco-participation mobilier de 0.34\u20ac par unit\u00e9 vendue. 4 \u00e9tag\u00e8res.  Assemblage facile sans outil en quelques minutes. Certifi\u00e9 NSF et T\u00dcV.<\/p>\n<p>Caract\u00e9ristiques :<br \/> Dimensions : 1750(H) x 1000(L) x 400(P) mm.<br \/> Mati\u00e8re : Plastique haute r\u00e9sistance<\/p>\n","protected":false},"excerpt":{"rendered":"<p>Rayonnage Euro Jackstack by Rea 1000mm x 400mm<\/p>\n","protected":false},"featured_media":102894,"comment_status":"closed","ping_status":"closed","template":"","meta":[],"product_brand":[],"product_cat":[1147,1152,1146,1297],"product_tag":[],"class_list":{"0":"post-69790","1":"product","2":"type-product","3":"status-publish","4":"has-post-thumbnail","6":"product_cat-chariots-et-rayonnages","7":"product_cat-etageres-modulaires","8":"product_cat-mobilier-de-cuisine-chariots-et-echelles","9":"product_cat-non-palettisable","10":"product_shipping_class-free-shipping","12":"first","13":"instock","14":"featured","15":"taxable","16":"shipping-taxable","17":"purchasable","18":"product-type-simple"},"_links":{"self":[{"href":"https:\/\/abinox-chr-clim.com\/index.php\/wp-json\/wp\/v2\/product\/69790","targetHints":{"allow":["GET"]}}],"collection":[{"href":"https:\/\/abinox-chr-clim.com\/index.php\/wp-json\/wp\/v2\/product"}],"about":[{"href":"https:\/\/abinox-chr-clim.com\/index.php\/wp-json\/wp\/v2\/types\/product"}],"replies":[{"embeddable":true,"href":"https:\/\/abinox-chr-clim.com\/index.php\/wp-json\/wp\/v2\/comments?post=69790"}],"wp:featuredmedia":[{"embeddable":true,"href":"https:\/\/abinox-chr-clim.com\/index.php\/wp-json\/wp\/v2\/media\/102894"}],"wp:attachment":[{"href":"https:\/\/abinox-chr-clim.com\/index.php\/wp-json\/wp\/v2\/media?parent=69790"}],"wp:term":[{"taxonomy":"product_brand","embeddable":true,"href":"https:\/\/abinox-chr-clim.com\/index.php\/wp-json\/wp\/v2\/product_brand?post=69790"},{"taxonomy":"product_cat","embeddable":true,"href":"https:\/\/abinox-chr-clim.com\/index.php\/wp-json\/wp\/v2\/product_cat?post=69790"},{"taxonomy":"product_tag","embeddable":true,"href":"https:\/\/abinox-chr-clim.com\/index.php\/wp-json\/wp\/v2\/product_tag?post=69790"}],"curies":[{"name":"wp","href":"https:\/\/api.w.org\/{rel}","templated":true}]}}